{"id":85741,"date":"2025-01-28T13:04:46","date_gmt":"2025-01-28T12:04:46","guid":{"rendered":"https:\/\/www.roeststaette.com\/product\/varia-vs3-dosierbecher\/"},"modified":"2026-01-20T14:08:08","modified_gmt":"2026-01-20T13:08:08","slug":"varia-vs3-dosing-cup","status":"publish","type":"product","link":"https:\/\/www.roeststaette.com\/en\/product\/varia-vs3-dosing-cup\/","title":{"rendered":"Varia VS3 Dosing Cup"},"content":{"rendered":"","protected":false},"excerpt":{"rendered":"<h4>\u00bb Espresso Gear \u00ab<\/h4>\n<p>Stylish dosing cup with a modular design,<br \/>\nis perfectly suited for the Varia VS3<\/p>\n","protected":false},"featured_media":85674,"comment_status":"closed","ping_status":"closed","template":"","meta":[],"product_cat":[770,415,112,533],"product_tag":[],"acf":[],"yoast_head":"<!-- This site is optimized with the Yoast SEO plugin v22.1 - https:\/\/yoast.com\/wordpress\/plugins\/seo\/ -->\n<title>Varia VS3 Dosing Cup | Espresso Accessories | R\u00f6stst\u00e4tte Berlin<\/title>\n<meta name=\"description\" content=\"Practical dosing cup by Varia with a soft-touch silicone base and a 60 g capacity. Fits perfectly onto the base of the Varia VS3.\" \/>\n<meta name=\"robots\" content=\"index, follow, max-snippet:-1, max-image-preview:large, max-video-preview:-1\" \/>\n<link rel=\"canonical\" href=\"https:\/\/www.roeststaette.com\/en\/product\/varia-vs3-dosing-cup\/\" \/>\n<meta property=\"og:locale\" content=\"en_US\" \/>\n<meta property=\"og:type\" content=\"article\" \/>\n<meta property=\"og:title\" content=\"Varia VS3 Dosing Cup | Espresso Accessories | R\u00f6stst\u00e4tte Berlin\" \/>\n<meta property=\"og:description\" content=\"Practical dosing cup by Varia with a soft-touch silicone base and a 60 g capacity. Fits perfectly onto the base of the Varia VS3.\" \/>\n<meta property=\"og:url\" content=\"https:\/\/www.roeststaette.com\/en\/product\/varia-vs3-dosing-cup\/\" \/>\n<meta property=\"og:site_name\" content=\"R\u00f6stst\u00e4tte Berlin\" \/>\n<meta property=\"article:publisher\" content=\"https:\/\/www.facebook.com\/roeststaette\/\" \/>\n<meta property=\"article:modified_time\" content=\"2026-01-20T13:08:08+00:00\" \/>\n<meta property=\"og:image\" content=\"https:\/\/www.roeststaette.com\/wp-content\/uploads\/2025\/01\/VS3-Dosing-Cup_1440x660.001.jpeg\" \/>\n\t<meta property=\"og:image:width\" content=\"1440\" \/>\n\t<meta property=\"og:image:height\" content=\"660\" \/>\n\t<meta property=\"og:image:type\" content=\"image\/jpeg\" \/>\n<meta name=\"twitter:card\" content=\"summary_large_image\" \/>\n<meta name=\"twitter:label1\" content=\"Est. reading time\" \/>\n\t<meta name=\"twitter:data1\" content=\"1 minute\" \/>\n<script type=\"application\/ld+json\" class=\"yoast-schema-graph\">{\"@context\":\"https:\/\/schema.org\",\"@graph\":[{\"@type\":\"WebPage\",\"@id\":\"https:\/\/www.roeststaette.com\/en\/product\/varia-vs3-dosing-cup\/\",\"url\":\"https:\/\/www.roeststaette.com\/en\/product\/varia-vs3-dosing-cup\/\",\"name\":\"Varia VS3 Dosing Cup | Espresso Accessories | R\u00f6stst\u00e4tte Berlin\",\"isPartOf\":{\"@id\":\"https:\/\/www.roeststaette.com\/en\/#website\"},\"datePublished\":\"2025-01-28T12:04:46+00:00\",\"dateModified\":\"2026-01-20T13:08:08+00:00\",\"description\":\"Practical dosing cup by Varia with a soft-touch silicone base and a 60 g capacity. Fits perfectly onto the base of the Varia VS3.\",\"breadcrumb\":{\"@id\":\"https:\/\/www.roeststaette.com\/en\/product\/varia-vs3-dosing-cup\/#breadcrumb\"},\"inLanguage\":\"en-US\",\"potentialAction\":[{\"@type\":\"ReadAction\",\"target\":[\"https:\/\/www.roeststaette.com\/en\/product\/varia-vs3-dosing-cup\/\"]}]},{\"@type\":\"BreadcrumbList\",\"@id\":\"https:\/\/www.roeststaette.com\/en\/product\/varia-vs3-dosing-cup\/#breadcrumb\",\"itemListElement\":[{\"@type\":\"ListItem\",\"position\":1,\"name\":\"Startseite\",\"item\":\"https:\/\/www.roeststaette.com\/en\/\"},{\"@type\":\"ListItem\",\"position\":2,\"name\":\"Products\",\"item\":\"https:\/\/www.roeststaette.com\/en\/shop\/\"},{\"@type\":\"ListItem\",\"position\":3,\"name\":\"Varia VS3 Dosing Cup\"}]},{\"@type\":\"WebSite\",\"@id\":\"https:\/\/www.roeststaette.com\/en\/#website\",\"url\":\"https:\/\/www.roeststaette.com\/en\/\",\"name\":\"R\u00f6stst\u00e4tte Berlin\",\"description\":\"R\u00f6stst\u00e4tte Kaffees sind 100% Arabica Kaffees und werden von uns in Berlin schonend von Hand ger\u00f6stet.\",\"publisher\":{\"@id\":\"https:\/\/www.roeststaette.com\/en\/#organization\"},\"potentialAction\":[{\"@type\":\"SearchAction\",\"target\":{\"@type\":\"EntryPoint\",\"urlTemplate\":\"https:\/\/www.roeststaette.com\/en\/?s={search_term_string}\"},\"query-input\":\"required name=search_term_string\"}],\"inLanguage\":\"en-US\"},{\"@type\":\"Organization\",\"@id\":\"https:\/\/www.roeststaette.com\/en\/#organization\",\"name\":\"R\u00f6stst\u00e4tte Berlin\",\"url\":\"https:\/\/www.roeststaette.com\/en\/\",\"logo\":{\"@type\":\"ImageObject\",\"inLanguage\":\"en-US\",\"@id\":\"https:\/\/www.roeststaette.com\/en\/#\/schema\/logo\/image\/\",\"url\":\"https:\/\/www.roeststaette.com\/wp-content\/uploads\/2020\/04\/logo_nav_small_black.png\",\"contentUrl\":\"https:\/\/www.roeststaette.com\/wp-content\/uploads\/2020\/04\/logo_nav_small_black.png\",\"width\":120,\"height\":78,\"caption\":\"R\u00f6stst\u00e4tte Berlin\"},\"image\":{\"@id\":\"https:\/\/www.roeststaette.com\/en\/#\/schema\/logo\/image\/\"},\"sameAs\":[\"https:\/\/www.facebook.com\/roeststaette\/\",\"https:\/\/www.instagram.com\/roeststaetteberlin\/\"]}]}<\/script>\n<!-- \/ Yoast SEO plugin. -->","yoast_head_json":{"title":"Varia VS3 Dosing Cup | Espresso Accessories | R\u00f6stst\u00e4tte Berlin","description":"Practical dosing cup by Varia with a soft-touch silicone base and a 60 g capacity. Fits perfectly onto the base of the Varia VS3.","robots":{"index":"index","follow":"follow","max-snippet":"max-snippet:-1","max-image-preview":"max-image-preview:large","max-video-preview":"max-video-preview:-1"},"canonical":"https:\/\/www.roeststaette.com\/en\/product\/varia-vs3-dosing-cup\/","og_locale":"en_US","og_type":"article","og_title":"Varia VS3 Dosing Cup | Espresso Accessories | R\u00f6stst\u00e4tte Berlin","og_description":"Practical dosing cup by Varia with a soft-touch silicone base and a 60 g capacity. Fits perfectly onto the base of the Varia VS3.","og_url":"https:\/\/www.roeststaette.com\/en\/product\/varia-vs3-dosing-cup\/","og_site_name":"R\u00f6stst\u00e4tte Berlin","article_publisher":"https:\/\/www.facebook.com\/roeststaette\/","article_modified_time":"2026-01-20T13:08:08+00:00","og_image":[{"width":1440,"height":660,"url":"https:\/\/www.roeststaette.com\/wp-content\/uploads\/2025\/01\/VS3-Dosing-Cup_1440x660.001.jpeg","type":"image\/jpeg"}],"twitter_card":"summary_large_image","twitter_misc":{"Est. reading time":"1 minute"},"schema":{"@context":"https:\/\/schema.org","@graph":[{"@type":"WebPage","@id":"https:\/\/www.roeststaette.com\/en\/product\/varia-vs3-dosing-cup\/","url":"https:\/\/www.roeststaette.com\/en\/product\/varia-vs3-dosing-cup\/","name":"Varia VS3 Dosing Cup | Espresso Accessories | R\u00f6stst\u00e4tte Berlin","isPartOf":{"@id":"https:\/\/www.roeststaette.com\/en\/#website"},"datePublished":"2025-01-28T12:04:46+00:00","dateModified":"2026-01-20T13:08:08+00:00","description":"Practical dosing cup by Varia with a soft-touch silicone base and a 60 g capacity. Fits perfectly onto the base of the Varia VS3.","breadcrumb":{"@id":"https:\/\/www.roeststaette.com\/en\/product\/varia-vs3-dosing-cup\/#breadcrumb"},"inLanguage":"en-US","potentialAction":[{"@type":"ReadAction","target":["https:\/\/www.roeststaette.com\/en\/product\/varia-vs3-dosing-cup\/"]}]},{"@type":"BreadcrumbList","@id":"https:\/\/www.roeststaette.com\/en\/product\/varia-vs3-dosing-cup\/#breadcrumb","itemListElement":[{"@type":"ListItem","position":1,"name":"Startseite","item":"https:\/\/www.roeststaette.com\/en\/"},{"@type":"ListItem","position":2,"name":"Products","item":"https:\/\/www.roeststaette.com\/en\/shop\/"},{"@type":"ListItem","position":3,"name":"Varia VS3 Dosing Cup"}]},{"@type":"WebSite","@id":"https:\/\/www.roeststaette.com\/en\/#website","url":"https:\/\/www.roeststaette.com\/en\/","name":"R\u00f6stst\u00e4tte Berlin","description":"R\u00f6stst\u00e4tte Kaffees sind 100% Arabica Kaffees und werden von uns in Berlin schonend von Hand ger\u00f6stet.","publisher":{"@id":"https:\/\/www.roeststaette.com\/en\/#organization"},"potentialAction":[{"@type":"SearchAction","target":{"@type":"EntryPoint","urlTemplate":"https:\/\/www.roeststaette.com\/en\/?s={search_term_string}"},"query-input":"required name=search_term_string"}],"inLanguage":"en-US"},{"@type":"Organization","@id":"https:\/\/www.roeststaette.com\/en\/#organization","name":"R\u00f6stst\u00e4tte Berlin","url":"https:\/\/www.roeststaette.com\/en\/","logo":{"@type":"ImageObject","inLanguage":"en-US","@id":"https:\/\/www.roeststaette.com\/en\/#\/schema\/logo\/image\/","url":"https:\/\/www.roeststaette.com\/wp-content\/uploads\/2020\/04\/logo_nav_small_black.png","contentUrl":"https:\/\/www.roeststaette.com\/wp-content\/uploads\/2020\/04\/logo_nav_small_black.png","width":120,"height":78,"caption":"R\u00f6stst\u00e4tte Berlin"},"image":{"@id":"https:\/\/www.roeststaette.com\/en\/#\/schema\/logo\/image\/"},"sameAs":["https:\/\/www.facebook.com\/roeststaette\/","https:\/\/www.instagram.com\/roeststaetteberlin\/"]}]}},"_links":{"self":[{"href":"https:\/\/www.roeststaette.com\/en\/wp-json\/wp\/v2\/product\/85741"}],"collection":[{"href":"https:\/\/www.roeststaette.com\/en\/wp-json\/wp\/v2\/product"}],"about":[{"href":"https:\/\/www.roeststaette.com\/en\/wp-json\/wp\/v2\/types\/product"}],"replies":[{"embeddable":true,"href":"https:\/\/www.roeststaette.com\/en\/wp-json\/wp\/v2\/comments?post=85741"}],"version-history":[{"count":7,"href":"https:\/\/www.roeststaette.com\/en\/wp-json\/wp\/v2\/product\/85741\/revisions"}],"predecessor-version":[{"id":97363,"href":"https:\/\/www.roeststaette.com\/en\/wp-json\/wp\/v2\/product\/85741\/revisions\/97363"}],"wp:featuredmedia":[{"embeddable":true,"href":"https:\/\/www.roeststaette.com\/en\/wp-json\/wp\/v2\/media\/85674"}],"wp:attachment":[{"href":"https:\/\/www.roeststaette.com\/en\/wp-json\/wp\/v2\/media?parent=85741"}],"wp:term":[{"taxonomy":"product_cat","embeddable":true,"href":"https:\/\/www.roeststaette.com\/en\/wp-json\/wp\/v2\/product_cat?post=85741"},{"taxonomy":"product_tag","embeddable":true,"href":"https:\/\/www.roeststaette.com\/en\/wp-json\/wp\/v2\/product_tag?post=85741"}],"curies":[{"name":"wp","href":"https:\/\/api.w.org\/{rel}","templated":true}]}}