{"id":85234,"date":"2025-01-16T16:35:30","date_gmt":"2025-01-16T15:35:31","guid":{"rendered":"https:\/\/www.roeststaette.com\/?post_type=product&#038;p=85234"},"modified":"2025-04-15T12:01:51","modified_gmt":"2025-04-15T10:01:51","slug":"mundayo-meraki","status":"publish","type":"product","link":"https:\/\/www.roeststaette.com\/en\/product\/mundayo-meraki\/","title":{"rendered":"Meraki. Mundayo"},"content":{"rendered":"\n","protected":false},"excerpt":{"rendered":"<h4>\u00bb Seasonal Espresso \u00ab<\/h4>\n<p>Perfect for Meraki espresso machines. Delivered with NFC chip. Berry, fruity taste.<\/p>\n","protected":false},"featured_media":78932,"comment_status":"open","ping_status":"closed","template":"","meta":{"footnotes":""},"product_cat":[388],"product_tag":[],"class_list":["post-85234","product","type-product","status-publish","has-post-thumbnail","hentry","product_cat-espresso-en","product_shipping_class-19-tax-shipping-en","pa_groesse-ve-6x1kg-karton-en","pa_groesse-250g-en","pa_groesse-500g-en","pa_groesse-1000g-en","pa_mahlgrad-wholebeans"],"acf":[],"yoast_head":"<!-- This site is optimized with the Yoast SEO plugin v27.5 - https:\/\/yoast.com\/product\/yoast-seo-wordpress\/ -->\n<title>Mundayo Single Origin | Meraki Espresso Machine<\/title>\n<meta name=\"description\" content=\"Farm Coffee from Ethiopia \u2713 Perfect for Meraki Espresso Machine \u2713 Freshly Roasted &amp; Delivered with NFC Chip \u2713 Free Delivery in Germany for Orders Over \u20ac30\" \/>\n<meta name=\"robots\" content=\"index, follow, max-snippet:-1, max-image-preview:large, max-video-preview:-1\" \/>\n<link rel=\"canonical\" href=\"https:\/\/www.roeststaette.com\/en\/product\/mundayo-meraki\/\" \/>\n<meta property=\"og:locale\" content=\"en_US\" \/>\n<meta property=\"og:type\" content=\"article\" \/>\n<meta property=\"og:title\" content=\"Mundayo Single Origin | Meraki Espresso Machine\" \/>\n<meta property=\"og:description\" content=\"Farm Coffee from Ethiopia \u2713 Perfect for Meraki Espresso Machine \u2713 Freshly Roasted &amp; Delivered with NFC Chip \u2713 Free Delivery in Germany for Orders Over \u20ac30\" \/>\n<meta property=\"og:url\" content=\"https:\/\/www.roeststaette.com\/en\/product\/mundayo-meraki\/\" \/>\n<meta property=\"og:site_name\" content=\"R\u00f6stst\u00e4tte Berlin\" \/>\n<meta property=\"article:publisher\" content=\"https:\/\/www.facebook.com\/roeststaette\/\" \/>\n<meta property=\"article:modified_time\" content=\"2025-04-15T10:01:51+00:00\" \/>\n<meta property=\"og:image\" content=\"https:\/\/www.roeststaette.com\/wp-content\/uploads\/2024\/05\/Mundayo_SeasonalEspresso_4K-scaled.jpg\" \/>\n\t<meta property=\"og:image:width\" content=\"2560\" \/>\n\t<meta property=\"og:image:height\" content=\"1440\" \/>\n\t<meta property=\"og:image:type\" content=\"image\/jpeg\" \/>\n<meta name=\"twitter:card\" content=\"summary_large_image\" \/>\n<meta name=\"twitter:label1\" content=\"Est. reading time\" \/>\n\t<meta name=\"twitter:data1\" content=\"1 minute\" \/>\n<script type=\"application\/ld+json\" class=\"yoast-schema-graph\">{\"@context\":\"https:\\\/\\\/schema.org\",\"@graph\":[{\"@type\":\"WebPage\",\"@id\":\"https:\\\/\\\/www.roeststaette.com\\\/en\\\/product\\\/mundayo-meraki\\\/\",\"url\":\"https:\\\/\\\/www.roeststaette.com\\\/en\\\/product\\\/mundayo-meraki\\\/\",\"name\":\"Mundayo Single Origin | Meraki Espresso Machine\",\"isPartOf\":{\"@id\":\"https:\\\/\\\/www.roeststaette.com\\\/en\\\/#website\"},\"primaryImageOfPage\":{\"@id\":\"https:\\\/\\\/www.roeststaette.com\\\/en\\\/product\\\/mundayo-meraki\\\/#primaryimage\"},\"image\":{\"@id\":\"https:\\\/\\\/www.roeststaette.com\\\/en\\\/product\\\/mundayo-meraki\\\/#primaryimage\"},\"thumbnailUrl\":\"https:\\\/\\\/www.roeststaette.com\\\/wp-content\\\/uploads\\\/2024\\\/05\\\/Mundayo_SeasonalEspresso_4K-scaled.jpg\",\"datePublished\":\"2025-01-16T15:35:31+00:00\",\"dateModified\":\"2025-04-15T10:01:51+00:00\",\"description\":\"Farm Coffee from Ethiopia \u2713 Perfect for Meraki Espresso Machine \u2713 Freshly Roasted & Delivered with NFC Chip \u2713 Free Delivery in Germany for Orders Over \u20ac30\",\"breadcrumb\":{\"@id\":\"https:\\\/\\\/www.roeststaette.com\\\/en\\\/product\\\/mundayo-meraki\\\/#breadcrumb\"},\"inLanguage\":\"en-US\",\"potentialAction\":[{\"@type\":\"ReadAction\",\"target\":[\"https:\\\/\\\/www.roeststaette.com\\\/en\\\/product\\\/mundayo-meraki\\\/\"]}]},{\"@type\":\"ImageObject\",\"inLanguage\":\"en-US\",\"@id\":\"https:\\\/\\\/www.roeststaette.com\\\/en\\\/product\\\/mundayo-meraki\\\/#primaryimage\",\"url\":\"https:\\\/\\\/www.roeststaette.com\\\/wp-content\\\/uploads\\\/2024\\\/05\\\/Mundayo_SeasonalEspresso_4K-scaled.jpg\",\"contentUrl\":\"https:\\\/\\\/www.roeststaette.com\\\/wp-content\\\/uploads\\\/2024\\\/05\\\/Mundayo_SeasonalEspresso_4K-scaled.jpg\",\"width\":2560,\"height\":1440},{\"@type\":\"BreadcrumbList\",\"@id\":\"https:\\\/\\\/www.roeststaette.com\\\/en\\\/product\\\/mundayo-meraki\\\/#breadcrumb\",\"itemListElement\":[{\"@type\":\"ListItem\",\"position\":1,\"name\":\"Startseite\",\"item\":\"https:\\\/\\\/www.roeststaette.com\\\/en\\\/https-www-roeststaette-com-en\\\/\"},{\"@type\":\"ListItem\",\"position\":2,\"name\":\"Products\",\"item\":\"https:\\\/\\\/www.roeststaette.com\\\/en\\\/shop\\\/\"},{\"@type\":\"ListItem\",\"position\":3,\"name\":\"Meraki. Mundayo\"}]},{\"@type\":\"WebSite\",\"@id\":\"https:\\\/\\\/www.roeststaette.com\\\/en\\\/#website\",\"url\":\"https:\\\/\\\/www.roeststaette.com\\\/en\\\/\",\"name\":\"R\u00f6stst\u00e4tte Berlin\",\"description\":\"R\u00f6stst\u00e4tte Kaffees sind 100% Arabica Kaffees und werden von uns in Berlin schonend von Hand ger\u00f6stet.\",\"publisher\":{\"@id\":\"https:\\\/\\\/www.roeststaette.com\\\/en\\\/#organization\"},\"potentialAction\":[{\"@type\":\"SearchAction\",\"target\":{\"@type\":\"EntryPoint\",\"urlTemplate\":\"https:\\\/\\\/www.roeststaette.com\\\/en\\\/?s={search_term_string}\"},\"query-input\":{\"@type\":\"PropertyValueSpecification\",\"valueRequired\":true,\"valueName\":\"search_term_string\"}}],\"inLanguage\":\"en-US\"},{\"@type\":\"Organization\",\"@id\":\"https:\\\/\\\/www.roeststaette.com\\\/en\\\/#organization\",\"name\":\"R\u00f6stst\u00e4tte Berlin\",\"url\":\"https:\\\/\\\/www.roeststaette.com\\\/en\\\/\",\"logo\":{\"@type\":\"ImageObject\",\"inLanguage\":\"en-US\",\"@id\":\"https:\\\/\\\/www.roeststaette.com\\\/en\\\/#\\\/schema\\\/logo\\\/image\\\/\",\"url\":\"https:\\\/\\\/www.roeststaette.com\\\/wp-content\\\/uploads\\\/2020\\\/04\\\/logo_nav_small_black.png\",\"contentUrl\":\"https:\\\/\\\/www.roeststaette.com\\\/wp-content\\\/uploads\\\/2020\\\/04\\\/logo_nav_small_black.png\",\"width\":120,\"height\":78,\"caption\":\"R\u00f6stst\u00e4tte Berlin\"},\"image\":{\"@id\":\"https:\\\/\\\/www.roeststaette.com\\\/en\\\/#\\\/schema\\\/logo\\\/image\\\/\"},\"sameAs\":[\"https:\\\/\\\/www.facebook.com\\\/roeststaette\\\/\",\"https:\\\/\\\/www.instagram.com\\\/roeststaetteberlin\\\/\"]}]}<\/script>\n<!-- \/ Yoast SEO plugin. -->","yoast_head_json":{"title":"Mundayo Single Origin | Meraki Espresso Machine","description":"Farm Coffee from Ethiopia \u2713 Perfect for Meraki Espresso Machine \u2713 Freshly Roasted & Delivered with NFC Chip \u2713 Free Delivery in Germany for Orders Over \u20ac30","robots":{"index":"index","follow":"follow","max-snippet":"max-snippet:-1","max-image-preview":"max-image-preview:large","max-video-preview":"max-video-preview:-1"},"canonical":"https:\/\/www.roeststaette.com\/en\/product\/mundayo-meraki\/","og_locale":"en_US","og_type":"article","og_title":"Mundayo Single Origin | Meraki Espresso Machine","og_description":"Farm Coffee from Ethiopia \u2713 Perfect for Meraki Espresso Machine \u2713 Freshly Roasted & Delivered with NFC Chip \u2713 Free Delivery in Germany for Orders Over \u20ac30","og_url":"https:\/\/www.roeststaette.com\/en\/product\/mundayo-meraki\/","og_site_name":"R\u00f6stst\u00e4tte Berlin","article_publisher":"https:\/\/www.facebook.com\/roeststaette\/","article_modified_time":"2025-04-15T10:01:51+00:00","og_image":[{"width":2560,"height":1440,"url":"https:\/\/www.roeststaette.com\/wp-content\/uploads\/2024\/05\/Mundayo_SeasonalEspresso_4K-scaled.jpg","type":"image\/jpeg"}],"twitter_card":"summary_large_image","twitter_misc":{"Est. reading time":"1 minute"},"schema":{"@context":"https:\/\/schema.org","@graph":[{"@type":"WebPage","@id":"https:\/\/www.roeststaette.com\/en\/product\/mundayo-meraki\/","url":"https:\/\/www.roeststaette.com\/en\/product\/mundayo-meraki\/","name":"Mundayo Single Origin | Meraki Espresso Machine","isPartOf":{"@id":"https:\/\/www.roeststaette.com\/en\/#website"},"primaryImageOfPage":{"@id":"https:\/\/www.roeststaette.com\/en\/product\/mundayo-meraki\/#primaryimage"},"image":{"@id":"https:\/\/www.roeststaette.com\/en\/product\/mundayo-meraki\/#primaryimage"},"thumbnailUrl":"https:\/\/www.roeststaette.com\/wp-content\/uploads\/2024\/05\/Mundayo_SeasonalEspresso_4K-scaled.jpg","datePublished":"2025-01-16T15:35:31+00:00","dateModified":"2025-04-15T10:01:51+00:00","description":"Farm Coffee from Ethiopia \u2713 Perfect for Meraki Espresso Machine \u2713 Freshly Roasted & Delivered with NFC Chip \u2713 Free Delivery in Germany for Orders Over \u20ac30","breadcrumb":{"@id":"https:\/\/www.roeststaette.com\/en\/product\/mundayo-meraki\/#breadcrumb"},"inLanguage":"en-US","potentialAction":[{"@type":"ReadAction","target":["https:\/\/www.roeststaette.com\/en\/product\/mundayo-meraki\/"]}]},{"@type":"ImageObject","inLanguage":"en-US","@id":"https:\/\/www.roeststaette.com\/en\/product\/mundayo-meraki\/#primaryimage","url":"https:\/\/www.roeststaette.com\/wp-content\/uploads\/2024\/05\/Mundayo_SeasonalEspresso_4K-scaled.jpg","contentUrl":"https:\/\/www.roeststaette.com\/wp-content\/uploads\/2024\/05\/Mundayo_SeasonalEspresso_4K-scaled.jpg","width":2560,"height":1440},{"@type":"BreadcrumbList","@id":"https:\/\/www.roeststaette.com\/en\/product\/mundayo-meraki\/#breadcrumb","itemListElement":[{"@type":"ListItem","position":1,"name":"Startseite","item":"https:\/\/www.roeststaette.com\/en\/https-www-roeststaette-com-en\/"},{"@type":"ListItem","position":2,"name":"Products","item":"https:\/\/www.roeststaette.com\/en\/shop\/"},{"@type":"ListItem","position":3,"name":"Meraki. Mundayo"}]},{"@type":"WebSite","@id":"https:\/\/www.roeststaette.com\/en\/#website","url":"https:\/\/www.roeststaette.com\/en\/","name":"R\u00f6stst\u00e4tte Berlin","description":"R\u00f6stst\u00e4tte Kaffees sind 100% Arabica Kaffees und werden von uns in Berlin schonend von Hand ger\u00f6stet.","publisher":{"@id":"https:\/\/www.roeststaette.com\/en\/#organization"},"potentialAction":[{"@type":"SearchAction","target":{"@type":"EntryPoint","urlTemplate":"https:\/\/www.roeststaette.com\/en\/?s={search_term_string}"},"query-input":{"@type":"PropertyValueSpecification","valueRequired":true,"valueName":"search_term_string"}}],"inLanguage":"en-US"},{"@type":"Organization","@id":"https:\/\/www.roeststaette.com\/en\/#organization","name":"R\u00f6stst\u00e4tte Berlin","url":"https:\/\/www.roeststaette.com\/en\/","logo":{"@type":"ImageObject","inLanguage":"en-US","@id":"https:\/\/www.roeststaette.com\/en\/#\/schema\/logo\/image\/","url":"https:\/\/www.roeststaette.com\/wp-content\/uploads\/2020\/04\/logo_nav_small_black.png","contentUrl":"https:\/\/www.roeststaette.com\/wp-content\/uploads\/2020\/04\/logo_nav_small_black.png","width":120,"height":78,"caption":"R\u00f6stst\u00e4tte Berlin"},"image":{"@id":"https:\/\/www.roeststaette.com\/en\/#\/schema\/logo\/image\/"},"sameAs":["https:\/\/www.facebook.com\/roeststaette\/","https:\/\/www.instagram.com\/roeststaetteberlin\/"]}]}},"_links":{"self":[{"href":"https:\/\/www.roeststaette.com\/en\/wp-json\/wp\/v2\/product\/85234","targetHints":{"allow":["GET"]}}],"collection":[{"href":"https:\/\/www.roeststaette.com\/en\/wp-json\/wp\/v2\/product"}],"about":[{"href":"https:\/\/www.roeststaette.com\/en\/wp-json\/wp\/v2\/types\/product"}],"replies":[{"embeddable":true,"href":"https:\/\/www.roeststaette.com\/en\/wp-json\/wp\/v2\/comments?post=85234"}],"version-history":[{"count":0,"href":"https:\/\/www.roeststaette.com\/en\/wp-json\/wp\/v2\/product\/85234\/revisions"}],"wp:featuredmedia":[{"embeddable":true,"href":"https:\/\/www.roeststaette.com\/en\/wp-json\/wp\/v2\/media\/78932"}],"wp:attachment":[{"href":"https:\/\/www.roeststaette.com\/en\/wp-json\/wp\/v2\/media?parent=85234"}],"wp:term":[{"taxonomy":"product_cat","embeddable":true,"href":"https:\/\/www.roeststaette.com\/en\/wp-json\/wp\/v2\/product_cat?post=85234"},{"taxonomy":"product_tag","embeddable":true,"href":"https:\/\/www.roeststaette.com\/en\/wp-json\/wp\/v2\/product_tag?post=85234"}],"curies":[{"name":"wp","href":"https:\/\/api.w.org\/{rel}","templated":true}]}}