{"id":76904,"date":"2024-03-20T11:57:03","date_gmt":"2024-03-20T10:57:03","guid":{"rendered":"https:\/\/www.roeststaette.com\/?post_type=product&#038;p=76904"},"modified":"2025-06-10T23:38:41","modified_gmt":"2025-06-10T21:38:41","slug":"guariroba-espresso","status":"publish","type":"product","link":"https:\/\/www.roeststaette.com\/en\/product\/guariroba-espresso\/","title":{"rendered":"Guariroba"},"content":{"rendered":"\n","protected":false},"excerpt":{"rendered":"<h4>\u00bb Seasonal Espresso \u00ab<\/h4>\n<p>Natural anaerobic from Brazil with an aperitivo feeling and bittersweet flavors.<\/p>\n","protected":false},"featured_media":88149,"comment_status":"open","ping_status":"closed","template":"","meta":[],"product_cat":[388],"product_tag":[],"acf":[],"yoast_head":"<!-- This site is optimized with the Yoast SEO plugin v22.1 - https:\/\/yoast.com\/wordpress\/plugins\/seo\/ -->\n<title>Guariroba Espresso Natural Anaerobic I R\u00f6stst\u00e4tte Berlin<\/title>\n<meta name=\"description\" content=\"Guariroba espresso from Brazil \u2713 Natural Anaerobic \u2713 Free delivery from 30 euros \u2713 Gently and freshly roasted by hand\" \/>\n<meta name=\"robots\" content=\"index, follow, max-snippet:-1, max-image-preview:large, max-video-preview:-1\" \/>\n<link rel=\"canonical\" href=\"https:\/\/www.roeststaette.com\/en\/product\/guariroba-espresso\/\" \/>\n<meta property=\"og:locale\" content=\"en_US\" \/>\n<meta property=\"og:type\" content=\"article\" \/>\n<meta property=\"og:title\" content=\"Guariroba Espresso Natural Anaerobic I R\u00f6stst\u00e4tte Berlin\" \/>\n<meta property=\"og:description\" content=\"Guariroba espresso from Brazil \u2713 Natural Anaerobic \u2713 Free delivery from 30 euros \u2713 Gently and freshly roasted by hand\" \/>\n<meta property=\"og:url\" content=\"https:\/\/www.roeststaette.com\/en\/product\/guariroba-espresso\/\" \/>\n<meta property=\"og:site_name\" content=\"R\u00f6stst\u00e4tte Berlin\" \/>\n<meta property=\"article:publisher\" content=\"https:\/\/www.facebook.com\/roeststaette\/\" \/>\n<meta property=\"article:modified_time\" content=\"2025-06-10T21:38:41+00:00\" \/>\n<meta property=\"og:image\" content=\"https:\/\/www.roeststaette.com\/wp-content\/uploads\/2024\/03\/Guariroba_SeasonalEspresso_4K-scaled.jpg\" \/>\n\t<meta property=\"og:image:width\" content=\"2560\" \/>\n\t<meta property=\"og:image:height\" content=\"1440\" \/>\n\t<meta property=\"og:image:type\" content=\"image\/jpeg\" \/>\n<meta name=\"twitter:card\" content=\"summary_large_image\" \/>\n<meta name=\"twitter:label1\" content=\"Est. reading time\" \/>\n\t<meta name=\"twitter:data1\" content=\"1 minute\" \/>\n<script type=\"application\/ld+json\" class=\"yoast-schema-graph\">{\"@context\":\"https:\/\/schema.org\",\"@graph\":[{\"@type\":\"WebPage\",\"@id\":\"https:\/\/www.roeststaette.com\/en\/product\/guariroba-espresso\/\",\"url\":\"https:\/\/www.roeststaette.com\/en\/product\/guariroba-espresso\/\",\"name\":\"Guariroba Espresso Natural Anaerobic I R\u00f6stst\u00e4tte Berlin\",\"isPartOf\":{\"@id\":\"https:\/\/www.roeststaette.com\/en\/#website\"},\"datePublished\":\"2024-03-20T10:57:03+00:00\",\"dateModified\":\"2025-06-10T21:38:41+00:00\",\"description\":\"Guariroba espresso from Brazil \u2713 Natural Anaerobic \u2713 Free delivery from 30 euros \u2713 Gently and freshly roasted by hand\",\"breadcrumb\":{\"@id\":\"https:\/\/www.roeststaette.com\/en\/product\/guariroba-espresso\/#breadcrumb\"},\"inLanguage\":\"en-US\",\"potentialAction\":[{\"@type\":\"ReadAction\",\"target\":[\"https:\/\/www.roeststaette.com\/en\/product\/guariroba-espresso\/\"]}]},{\"@type\":\"BreadcrumbList\",\"@id\":\"https:\/\/www.roeststaette.com\/en\/product\/guariroba-espresso\/#breadcrumb\",\"itemListElement\":[{\"@type\":\"ListItem\",\"position\":1,\"name\":\"Startseite\",\"item\":\"https:\/\/www.roeststaette.com\/en\/\"},{\"@type\":\"ListItem\",\"position\":2,\"name\":\"Products\",\"item\":\"https:\/\/www.roeststaette.com\/en\/shop\/\"},{\"@type\":\"ListItem\",\"position\":3,\"name\":\"Guariroba\"}]},{\"@type\":\"WebSite\",\"@id\":\"https:\/\/www.roeststaette.com\/en\/#website\",\"url\":\"https:\/\/www.roeststaette.com\/en\/\",\"name\":\"R\u00f6stst\u00e4tte Berlin\",\"description\":\"R\u00f6stst\u00e4tte Kaffees sind 100% Arabica Kaffees und werden von uns in Berlin schonend von Hand ger\u00f6stet.\",\"publisher\":{\"@id\":\"https:\/\/www.roeststaette.com\/en\/#organization\"},\"potentialAction\":[{\"@type\":\"SearchAction\",\"target\":{\"@type\":\"EntryPoint\",\"urlTemplate\":\"https:\/\/www.roeststaette.com\/en\/?s={search_term_string}\"},\"query-input\":\"required name=search_term_string\"}],\"inLanguage\":\"en-US\"},{\"@type\":\"Organization\",\"@id\":\"https:\/\/www.roeststaette.com\/en\/#organization\",\"name\":\"R\u00f6stst\u00e4tte Berlin\",\"url\":\"https:\/\/www.roeststaette.com\/en\/\",\"logo\":{\"@type\":\"ImageObject\",\"inLanguage\":\"en-US\",\"@id\":\"https:\/\/www.roeststaette.com\/en\/#\/schema\/logo\/image\/\",\"url\":\"https:\/\/www.roeststaette.com\/wp-content\/uploads\/2020\/04\/logo_nav_small_black.png\",\"contentUrl\":\"https:\/\/www.roeststaette.com\/wp-content\/uploads\/2020\/04\/logo_nav_small_black.png\",\"width\":120,\"height\":78,\"caption\":\"R\u00f6stst\u00e4tte Berlin\"},\"image\":{\"@id\":\"https:\/\/www.roeststaette.com\/en\/#\/schema\/logo\/image\/\"},\"sameAs\":[\"https:\/\/www.facebook.com\/roeststaette\/\",\"https:\/\/www.instagram.com\/roeststaetteberlin\/\"]}]}<\/script>\n<!-- \/ Yoast SEO plugin. -->","yoast_head_json":{"title":"Guariroba Espresso Natural Anaerobic I R\u00f6stst\u00e4tte Berlin","description":"Guariroba espresso from Brazil \u2713 Natural Anaerobic \u2713 Free delivery from 30 euros \u2713 Gently and freshly roasted by hand","robots":{"index":"index","follow":"follow","max-snippet":"max-snippet:-1","max-image-preview":"max-image-preview:large","max-video-preview":"max-video-preview:-1"},"canonical":"https:\/\/www.roeststaette.com\/en\/product\/guariroba-espresso\/","og_locale":"en_US","og_type":"article","og_title":"Guariroba Espresso Natural Anaerobic I R\u00f6stst\u00e4tte Berlin","og_description":"Guariroba espresso from Brazil \u2713 Natural Anaerobic \u2713 Free delivery from 30 euros \u2713 Gently and freshly roasted by hand","og_url":"https:\/\/www.roeststaette.com\/en\/product\/guariroba-espresso\/","og_site_name":"R\u00f6stst\u00e4tte Berlin","article_publisher":"https:\/\/www.facebook.com\/roeststaette\/","article_modified_time":"2025-06-10T21:38:41+00:00","og_image":[{"width":2560,"height":1440,"url":"https:\/\/www.roeststaette.com\/wp-content\/uploads\/2024\/03\/Guariroba_SeasonalEspresso_4K-scaled.jpg","type":"image\/jpeg"}],"twitter_card":"summary_large_image","twitter_misc":{"Est. reading time":"1 minute"},"schema":{"@context":"https:\/\/schema.org","@graph":[{"@type":"WebPage","@id":"https:\/\/www.roeststaette.com\/en\/product\/guariroba-espresso\/","url":"https:\/\/www.roeststaette.com\/en\/product\/guariroba-espresso\/","name":"Guariroba Espresso Natural Anaerobic I R\u00f6stst\u00e4tte Berlin","isPartOf":{"@id":"https:\/\/www.roeststaette.com\/en\/#website"},"datePublished":"2024-03-20T10:57:03+00:00","dateModified":"2025-06-10T21:38:41+00:00","description":"Guariroba espresso from Brazil \u2713 Natural Anaerobic \u2713 Free delivery from 30 euros \u2713 Gently and freshly roasted by hand","breadcrumb":{"@id":"https:\/\/www.roeststaette.com\/en\/product\/guariroba-espresso\/#breadcrumb"},"inLanguage":"en-US","potentialAction":[{"@type":"ReadAction","target":["https:\/\/www.roeststaette.com\/en\/product\/guariroba-espresso\/"]}]},{"@type":"BreadcrumbList","@id":"https:\/\/www.roeststaette.com\/en\/product\/guariroba-espresso\/#breadcrumb","itemListElement":[{"@type":"ListItem","position":1,"name":"Startseite","item":"https:\/\/www.roeststaette.com\/en\/"},{"@type":"ListItem","position":2,"name":"Products","item":"https:\/\/www.roeststaette.com\/en\/shop\/"},{"@type":"ListItem","position":3,"name":"Guariroba"}]},{"@type":"WebSite","@id":"https:\/\/www.roeststaette.com\/en\/#website","url":"https:\/\/www.roeststaette.com\/en\/","name":"R\u00f6stst\u00e4tte Berlin","description":"R\u00f6stst\u00e4tte Kaffees sind 100% Arabica Kaffees und werden von uns in Berlin schonend von Hand ger\u00f6stet.","publisher":{"@id":"https:\/\/www.roeststaette.com\/en\/#organization"},"potentialAction":[{"@type":"SearchAction","target":{"@type":"EntryPoint","urlTemplate":"https:\/\/www.roeststaette.com\/en\/?s={search_term_string}"},"query-input":"required name=search_term_string"}],"inLanguage":"en-US"},{"@type":"Organization","@id":"https:\/\/www.roeststaette.com\/en\/#organization","name":"R\u00f6stst\u00e4tte Berlin","url":"https:\/\/www.roeststaette.com\/en\/","logo":{"@type":"ImageObject","inLanguage":"en-US","@id":"https:\/\/www.roeststaette.com\/en\/#\/schema\/logo\/image\/","url":"https:\/\/www.roeststaette.com\/wp-content\/uploads\/2020\/04\/logo_nav_small_black.png","contentUrl":"https:\/\/www.roeststaette.com\/wp-content\/uploads\/2020\/04\/logo_nav_small_black.png","width":120,"height":78,"caption":"R\u00f6stst\u00e4tte Berlin"},"image":{"@id":"https:\/\/www.roeststaette.com\/en\/#\/schema\/logo\/image\/"},"sameAs":["https:\/\/www.facebook.com\/roeststaette\/","https:\/\/www.instagram.com\/roeststaetteberlin\/"]}]}},"_links":{"self":[{"href":"https:\/\/www.roeststaette.com\/en\/wp-json\/wp\/v2\/product\/76904"}],"collection":[{"href":"https:\/\/www.roeststaette.com\/en\/wp-json\/wp\/v2\/product"}],"about":[{"href":"https:\/\/www.roeststaette.com\/en\/wp-json\/wp\/v2\/types\/product"}],"replies":[{"embeddable":true,"href":"https:\/\/www.roeststaette.com\/en\/wp-json\/wp\/v2\/comments?post=76904"}],"version-history":[{"count":5,"href":"https:\/\/www.roeststaette.com\/en\/wp-json\/wp\/v2\/product\/76904\/revisions"}],"predecessor-version":[{"id":88387,"href":"https:\/\/www.roeststaette.com\/en\/wp-json\/wp\/v2\/product\/76904\/revisions\/88387"}],"wp:featuredmedia":[{"embeddable":true,"href":"https:\/\/www.roeststaette.com\/en\/wp-json\/wp\/v2\/media\/88149"}],"wp:attachment":[{"href":"https:\/\/www.roeststaette.com\/en\/wp-json\/wp\/v2\/media?parent=76904"}],"wp:term":[{"taxonomy":"product_cat","embeddable":true,"href":"https:\/\/www.roeststaette.com\/en\/wp-json\/wp\/v2\/product_cat?post=76904"},{"taxonomy":"product_tag","embeddable":true,"href":"https:\/\/www.roeststaette.com\/en\/wp-json\/wp\/v2\/product_tag?post=76904"}],"curies":[{"name":"wp","href":"https:\/\/api.w.org\/{rel}","templated":true}]}}