{"id":43058,"date":"2022-10-20T10:08:21","date_gmt":"2022-10-20T08:08:21","guid":{"rendered":"https:\/\/www.roeststaette.com\/product\/filterkaffee-3kg-paket\/"},"modified":"2024-12-05T10:23:13","modified_gmt":"2024-12-05T09:23:13","slug":"filterkaffee-3kg-box","status":"publish","type":"product","link":"https:\/\/www.roeststaette.com\/en\/product\/filterkaffee-3kg-box\/","title":{"rendered":"Filterkaffee 3kg Box"},"content":{"rendered":"<p>Filter coffee for companiesFilter coffee for companiesSmallholder coffee from Ethiopia. Peach, orange and wildberry flavours. Our first release from the Hambela Alaka farm is here and we are very excited about this exciting lot from Ethiopia. The farm consists of several smallholder farmers who grow their coffees organically. This special lot consists exclusively of the above mentioned Heirloom variety and impresses with its complexity. Depending on the drinking temperature, you can expect a kaleidoscope of complex aromas and an intensely structured cup &#8211; just typical Ethiopia. The taste reminds us of peach, orange and wildberry.<\/p>\n","protected":false},"excerpt":{"rendered":"<h4>\u00bb Filter Coffee for Offices \u00ab<\/h4>\n<p>3kg package of filter coffee for you and your team. Select your type of coffee.<\/p>\n","protected":false},"featured_media":55157,"comment_status":"open","ping_status":"closed","template":"","meta":{"footnotes":""},"product_cat":[660],"product_tag":[],"class_list":["post-43058","product","type-product","status-publish","has-post-thumbnail","hentry","product_cat-office-2-en","product_shipping_class-19-tax-shipping-en"],"acf":[],"yoast_head":"<!-- This site is optimized with the Yoast SEO plugin v27.5 - https:\/\/yoast.com\/product\/yoast-seo-wordpress\/ -->\n<title>Wholesale Box 3kg | 100% Arabica | R\u00f6stst\u00e4tte Berlin<\/title>\n<meta name=\"description\" content=\"3kg Filter Coffee \u2713 Wholesale Box for Teams \u2713 Climate neutral delivery with DHL Go Green \u2713 100% Arabica specialty coffee \u2713 Roasted in Berlin\" \/>\n<meta name=\"robots\" content=\"index, follow, max-snippet:-1, max-image-preview:large, max-video-preview:-1\" \/>\n<link rel=\"canonical\" href=\"https:\/\/www.roeststaette.com\/en\/product\/filterkaffee-3kg-box\/\" \/>\n<meta property=\"og:locale\" content=\"en_US\" \/>\n<meta property=\"og:type\" content=\"article\" \/>\n<meta property=\"og:title\" content=\"Wholesale Box 3kg | 100% Arabica | R\u00f6stst\u00e4tte Berlin\" \/>\n<meta property=\"og:description\" content=\"3kg Filter Coffee \u2713 Wholesale Box for Teams \u2713 Climate neutral delivery with DHL Go Green \u2713 100% Arabica specialty coffee \u2713 Roasted in Berlin\" \/>\n<meta property=\"og:url\" content=\"https:\/\/www.roeststaette.com\/en\/product\/filterkaffee-3kg-box\/\" \/>\n<meta property=\"og:site_name\" content=\"R\u00f6stst\u00e4tte Berlin\" \/>\n<meta property=\"article:publisher\" content=\"https:\/\/www.facebook.com\/roeststaette\/\" \/>\n<meta property=\"article:modified_time\" content=\"2024-12-05T09:23:13+00:00\" \/>\n<meta property=\"og:image\" content=\"https:\/\/www.roeststaette.com\/wp-content\/uploads\/2019\/04\/Santiago-4K-visual-scaled.jpg\" \/>\n\t<meta property=\"og:image:width\" content=\"2560\" \/>\n\t<meta property=\"og:image:height\" content=\"1440\" \/>\n\t<meta property=\"og:image:type\" content=\"image\/jpeg\" \/>\n<meta name=\"twitter:card\" content=\"summary_large_image\" \/>\n<meta name=\"twitter:label1\" content=\"Est. reading time\" \/>\n\t<meta name=\"twitter:data1\" content=\"1 minute\" \/>\n<script type=\"application\/ld+json\" class=\"yoast-schema-graph\">{\"@context\":\"https:\\\/\\\/schema.org\",\"@graph\":[{\"@type\":\"WebPage\",\"@id\":\"https:\\\/\\\/www.roeststaette.com\\\/en\\\/product\\\/filterkaffee-3kg-box\\\/\",\"url\":\"https:\\\/\\\/www.roeststaette.com\\\/en\\\/product\\\/filterkaffee-3kg-box\\\/\",\"name\":\"Wholesale Box 3kg | 100% Arabica | R\u00f6stst\u00e4tte Berlin\",\"isPartOf\":{\"@id\":\"https:\\\/\\\/www.roeststaette.com\\\/en\\\/#website\"},\"primaryImageOfPage\":{\"@id\":\"https:\\\/\\\/www.roeststaette.com\\\/en\\\/product\\\/filterkaffee-3kg-box\\\/#primaryimage\"},\"image\":{\"@id\":\"https:\\\/\\\/www.roeststaette.com\\\/en\\\/product\\\/filterkaffee-3kg-box\\\/#primaryimage\"},\"thumbnailUrl\":\"https:\\\/\\\/www.roeststaette.com\\\/wp-content\\\/uploads\\\/2019\\\/04\\\/Santiago-4K-visual-scaled.jpg\",\"datePublished\":\"2022-10-20T08:08:21+00:00\",\"dateModified\":\"2024-12-05T09:23:13+00:00\",\"description\":\"3kg Filter Coffee \u2713 Wholesale Box for Teams \u2713 Climate neutral delivery with DHL Go Green \u2713 100% Arabica specialty coffee \u2713 Roasted in Berlin\",\"breadcrumb\":{\"@id\":\"https:\\\/\\\/www.roeststaette.com\\\/en\\\/product\\\/filterkaffee-3kg-box\\\/#breadcrumb\"},\"inLanguage\":\"en-US\",\"potentialAction\":[{\"@type\":\"ReadAction\",\"target\":[\"https:\\\/\\\/www.roeststaette.com\\\/en\\\/product\\\/filterkaffee-3kg-box\\\/\"]}]},{\"@type\":\"ImageObject\",\"inLanguage\":\"en-US\",\"@id\":\"https:\\\/\\\/www.roeststaette.com\\\/en\\\/product\\\/filterkaffee-3kg-box\\\/#primaryimage\",\"url\":\"https:\\\/\\\/www.roeststaette.com\\\/wp-content\\\/uploads\\\/2019\\\/04\\\/Santiago-4K-visual-scaled.jpg\",\"contentUrl\":\"https:\\\/\\\/www.roeststaette.com\\\/wp-content\\\/uploads\\\/2019\\\/04\\\/Santiago-4K-visual-scaled.jpg\",\"width\":2560,\"height\":1440},{\"@type\":\"BreadcrumbList\",\"@id\":\"https:\\\/\\\/www.roeststaette.com\\\/en\\\/product\\\/filterkaffee-3kg-box\\\/#breadcrumb\",\"itemListElement\":[{\"@type\":\"ListItem\",\"position\":1,\"name\":\"Startseite\",\"item\":\"https:\\\/\\\/www.roeststaette.com\\\/en\\\/https-www-roeststaette-com-en\\\/\"},{\"@type\":\"ListItem\",\"position\":2,\"name\":\"Products\",\"item\":\"https:\\\/\\\/www.roeststaette.com\\\/en\\\/shop\\\/\"},{\"@type\":\"ListItem\",\"position\":3,\"name\":\"Filterkaffee 3kg Box\"}]},{\"@type\":\"WebSite\",\"@id\":\"https:\\\/\\\/www.roeststaette.com\\\/en\\\/#website\",\"url\":\"https:\\\/\\\/www.roeststaette.com\\\/en\\\/\",\"name\":\"R\u00f6stst\u00e4tte Berlin\",\"description\":\"R\u00f6stst\u00e4tte Kaffees sind 100% Arabica Kaffees und werden von uns in Berlin schonend von Hand ger\u00f6stet.\",\"publisher\":{\"@id\":\"https:\\\/\\\/www.roeststaette.com\\\/en\\\/#organization\"},\"potentialAction\":[{\"@type\":\"SearchAction\",\"target\":{\"@type\":\"EntryPoint\",\"urlTemplate\":\"https:\\\/\\\/www.roeststaette.com\\\/en\\\/?s={search_term_string}\"},\"query-input\":{\"@type\":\"PropertyValueSpecification\",\"valueRequired\":true,\"valueName\":\"search_term_string\"}}],\"inLanguage\":\"en-US\"},{\"@type\":\"Organization\",\"@id\":\"https:\\\/\\\/www.roeststaette.com\\\/en\\\/#organization\",\"name\":\"R\u00f6stst\u00e4tte Berlin\",\"url\":\"https:\\\/\\\/www.roeststaette.com\\\/en\\\/\",\"logo\":{\"@type\":\"ImageObject\",\"inLanguage\":\"en-US\",\"@id\":\"https:\\\/\\\/www.roeststaette.com\\\/en\\\/#\\\/schema\\\/logo\\\/image\\\/\",\"url\":\"https:\\\/\\\/www.roeststaette.com\\\/wp-content\\\/uploads\\\/2020\\\/04\\\/logo_nav_small_black.png\",\"contentUrl\":\"https:\\\/\\\/www.roeststaette.com\\\/wp-content\\\/uploads\\\/2020\\\/04\\\/logo_nav_small_black.png\",\"width\":120,\"height\":78,\"caption\":\"R\u00f6stst\u00e4tte Berlin\"},\"image\":{\"@id\":\"https:\\\/\\\/www.roeststaette.com\\\/en\\\/#\\\/schema\\\/logo\\\/image\\\/\"},\"sameAs\":[\"https:\\\/\\\/www.facebook.com\\\/roeststaette\\\/\",\"https:\\\/\\\/www.instagram.com\\\/roeststaetteberlin\\\/\"]}]}<\/script>\n<!-- \/ Yoast SEO plugin. -->","yoast_head_json":{"title":"Wholesale Box 3kg | 100% Arabica | R\u00f6stst\u00e4tte Berlin","description":"3kg Filter Coffee \u2713 Wholesale Box for Teams \u2713 Climate neutral delivery with DHL Go Green \u2713 100% Arabica specialty coffee \u2713 Roasted in Berlin","robots":{"index":"index","follow":"follow","max-snippet":"max-snippet:-1","max-image-preview":"max-image-preview:large","max-video-preview":"max-video-preview:-1"},"canonical":"https:\/\/www.roeststaette.com\/en\/product\/filterkaffee-3kg-box\/","og_locale":"en_US","og_type":"article","og_title":"Wholesale Box 3kg | 100% Arabica | R\u00f6stst\u00e4tte Berlin","og_description":"3kg Filter Coffee \u2713 Wholesale Box for Teams \u2713 Climate neutral delivery with DHL Go Green \u2713 100% Arabica specialty coffee \u2713 Roasted in Berlin","og_url":"https:\/\/www.roeststaette.com\/en\/product\/filterkaffee-3kg-box\/","og_site_name":"R\u00f6stst\u00e4tte Berlin","article_publisher":"https:\/\/www.facebook.com\/roeststaette\/","article_modified_time":"2024-12-05T09:23:13+00:00","og_image":[{"width":2560,"height":1440,"url":"https:\/\/www.roeststaette.com\/wp-content\/uploads\/2019\/04\/Santiago-4K-visual-scaled.jpg","type":"image\/jpeg"}],"twitter_card":"summary_large_image","twitter_misc":{"Est. reading time":"1 minute"},"schema":{"@context":"https:\/\/schema.org","@graph":[{"@type":"WebPage","@id":"https:\/\/www.roeststaette.com\/en\/product\/filterkaffee-3kg-box\/","url":"https:\/\/www.roeststaette.com\/en\/product\/filterkaffee-3kg-box\/","name":"Wholesale Box 3kg | 100% Arabica | R\u00f6stst\u00e4tte Berlin","isPartOf":{"@id":"https:\/\/www.roeststaette.com\/en\/#website"},"primaryImageOfPage":{"@id":"https:\/\/www.roeststaette.com\/en\/product\/filterkaffee-3kg-box\/#primaryimage"},"image":{"@id":"https:\/\/www.roeststaette.com\/en\/product\/filterkaffee-3kg-box\/#primaryimage"},"thumbnailUrl":"https:\/\/www.roeststaette.com\/wp-content\/uploads\/2019\/04\/Santiago-4K-visual-scaled.jpg","datePublished":"2022-10-20T08:08:21+00:00","dateModified":"2024-12-05T09:23:13+00:00","description":"3kg Filter Coffee \u2713 Wholesale Box for Teams \u2713 Climate neutral delivery with DHL Go Green \u2713 100% Arabica specialty coffee \u2713 Roasted in Berlin","breadcrumb":{"@id":"https:\/\/www.roeststaette.com\/en\/product\/filterkaffee-3kg-box\/#breadcrumb"},"inLanguage":"en-US","potentialAction":[{"@type":"ReadAction","target":["https:\/\/www.roeststaette.com\/en\/product\/filterkaffee-3kg-box\/"]}]},{"@type":"ImageObject","inLanguage":"en-US","@id":"https:\/\/www.roeststaette.com\/en\/product\/filterkaffee-3kg-box\/#primaryimage","url":"https:\/\/www.roeststaette.com\/wp-content\/uploads\/2019\/04\/Santiago-4K-visual-scaled.jpg","contentUrl":"https:\/\/www.roeststaette.com\/wp-content\/uploads\/2019\/04\/Santiago-4K-visual-scaled.jpg","width":2560,"height":1440},{"@type":"BreadcrumbList","@id":"https:\/\/www.roeststaette.com\/en\/product\/filterkaffee-3kg-box\/#breadcrumb","itemListElement":[{"@type":"ListItem","position":1,"name":"Startseite","item":"https:\/\/www.roeststaette.com\/en\/https-www-roeststaette-com-en\/"},{"@type":"ListItem","position":2,"name":"Products","item":"https:\/\/www.roeststaette.com\/en\/shop\/"},{"@type":"ListItem","position":3,"name":"Filterkaffee 3kg Box"}]},{"@type":"WebSite","@id":"https:\/\/www.roeststaette.com\/en\/#website","url":"https:\/\/www.roeststaette.com\/en\/","name":"R\u00f6stst\u00e4tte Berlin","description":"R\u00f6stst\u00e4tte Kaffees sind 100% Arabica Kaffees und werden von uns in Berlin schonend von Hand ger\u00f6stet.","publisher":{"@id":"https:\/\/www.roeststaette.com\/en\/#organization"},"potentialAction":[{"@type":"SearchAction","target":{"@type":"EntryPoint","urlTemplate":"https:\/\/www.roeststaette.com\/en\/?s={search_term_string}"},"query-input":{"@type":"PropertyValueSpecification","valueRequired":true,"valueName":"search_term_string"}}],"inLanguage":"en-US"},{"@type":"Organization","@id":"https:\/\/www.roeststaette.com\/en\/#organization","name":"R\u00f6stst\u00e4tte Berlin","url":"https:\/\/www.roeststaette.com\/en\/","logo":{"@type":"ImageObject","inLanguage":"en-US","@id":"https:\/\/www.roeststaette.com\/en\/#\/schema\/logo\/image\/","url":"https:\/\/www.roeststaette.com\/wp-content\/uploads\/2020\/04\/logo_nav_small_black.png","contentUrl":"https:\/\/www.roeststaette.com\/wp-content\/uploads\/2020\/04\/logo_nav_small_black.png","width":120,"height":78,"caption":"R\u00f6stst\u00e4tte Berlin"},"image":{"@id":"https:\/\/www.roeststaette.com\/en\/#\/schema\/logo\/image\/"},"sameAs":["https:\/\/www.facebook.com\/roeststaette\/","https:\/\/www.instagram.com\/roeststaetteberlin\/"]}]}},"_links":{"self":[{"href":"https:\/\/www.roeststaette.com\/en\/wp-json\/wp\/v2\/product\/43058","targetHints":{"allow":["GET"]}}],"collection":[{"href":"https:\/\/www.roeststaette.com\/en\/wp-json\/wp\/v2\/product"}],"about":[{"href":"https:\/\/www.roeststaette.com\/en\/wp-json\/wp\/v2\/types\/product"}],"replies":[{"embeddable":true,"href":"https:\/\/www.roeststaette.com\/en\/wp-json\/wp\/v2\/comments?post=43058"}],"version-history":[{"count":0,"href":"https:\/\/www.roeststaette.com\/en\/wp-json\/wp\/v2\/product\/43058\/revisions"}],"wp:featuredmedia":[{"embeddable":true,"href":"https:\/\/www.roeststaette.com\/en\/wp-json\/wp\/v2\/media\/55157"}],"wp:attachment":[{"href":"https:\/\/www.roeststaette.com\/en\/wp-json\/wp\/v2\/media?parent=43058"}],"wp:term":[{"taxonomy":"product_cat","embeddable":true,"href":"https:\/\/www.roeststaette.com\/en\/wp-json\/wp\/v2\/product_cat?post=43058"},{"taxonomy":"product_tag","embeddable":true,"href":"https:\/\/www.roeststaette.com\/en\/wp-json\/wp\/v2\/product_tag?post=43058"}],"curies":[{"name":"wp","href":"https:\/\/api.w.org\/{rel}","templated":true}]}}