{"id":39272,"date":"2019-12-20T17:13:11","date_gmt":"2023-12-20T16:13:11","guid":{"rendered":"https:\/\/www.roeststaette.com\/product\/espresso-selection\/"},"modified":"2025-02-05T10:25:44","modified_gmt":"2025-02-05T09:25:44","slug":"espresso-selection","status":"publish","type":"product","link":"https:\/\/www.roeststaette.com\/en\/product\/espresso-selection\/","title":{"rendered":"Espresso Selection"},"content":{"rendered":"<p>The Espresso Selection subscription for coffee lovers. The best seasonal espressos from our roastery.Espresso subscription<\/p>\n","protected":false},"excerpt":{"rendered":"<h4>\u00bb Espresso Subscription \u00ab<\/h4>\n<p>The Espresso Selection subscription for coffee lovers. The best seasonal espressos from our roastery. <\/p>\n","protected":false},"featured_media":77428,"comment_status":"open","ping_status":"closed","template":"","meta":{"footnotes":""},"product_cat":[427,523],"product_tag":[],"class_list":["post-39272","product","type-product","status-publish","has-post-thumbnail","hentry","product_cat-subscription","product_cat-winter-specials-en","product_shipping_class-free-shipping","pa_dauer-des-abos-fuer-3-monate-en","pa_dauer-des-abos-fuer-6-monate-en","pa_groesse-2x250g-en","pa_mahlgrad-whole-beans","pa_mahlgrad-stovepot"],"acf":[],"yoast_head":"<!-- This site is optimized with the Yoast SEO plugin v27.5 - https:\/\/yoast.com\/product\/yoast-seo-wordpress\/ -->\n<title>Espresso subscription | 100% Arabica | R\u00f6stst\u00e4tte Berlin<\/title>\n<meta name=\"description\" content=\"Espresso Selection: Receive 2x250g of our best espresso roasts every month as a subscription. The perfect gift for coffee lovers.\" \/>\n<meta name=\"robots\" content=\"index, follow, max-snippet:-1, max-image-preview:large, max-video-preview:-1\" \/>\n<link rel=\"canonical\" href=\"https:\/\/www.roeststaette.com\/en\/product\/espresso-selection\/\" \/>\n<meta property=\"og:locale\" content=\"en_US\" \/>\n<meta property=\"og:type\" content=\"article\" \/>\n<meta property=\"og:title\" content=\"Espresso subscription | 100% Arabica | R\u00f6stst\u00e4tte Berlin\" \/>\n<meta property=\"og:description\" content=\"Espresso Selection: Receive 2x250g of our best espresso roasts every month as a subscription. The perfect gift for coffee lovers.\" \/>\n<meta property=\"og:url\" content=\"https:\/\/www.roeststaette.com\/en\/product\/espresso-selection\/\" \/>\n<meta property=\"og:site_name\" content=\"R\u00f6stst\u00e4tte Berlin\" \/>\n<meta property=\"article:publisher\" content=\"https:\/\/www.facebook.com\/roeststaette\/\" \/>\n<meta property=\"article:modified_time\" content=\"2025-02-05T09:25:44+00:00\" \/>\n<meta property=\"og:image\" content=\"https:\/\/www.roeststaette.com\/wp-content\/uploads\/2019\/12\/Espresso-Abo-subscription-coffee-roast.jpg\" \/>\n\t<meta property=\"og:image:width\" content=\"2560\" \/>\n\t<meta property=\"og:image:height\" content=\"1200\" \/>\n\t<meta property=\"og:image:type\" content=\"image\/jpeg\" \/>\n<meta name=\"twitter:card\" content=\"summary_large_image\" \/>\n<meta name=\"twitter:label1\" content=\"Est. reading time\" \/>\n\t<meta name=\"twitter:data1\" content=\"1 minute\" \/>\n<script type=\"application\/ld+json\" class=\"yoast-schema-graph\">{\"@context\":\"https:\\\/\\\/schema.org\",\"@graph\":[{\"@type\":\"WebPage\",\"@id\":\"https:\\\/\\\/www.roeststaette.com\\\/en\\\/product\\\/espresso-selection\\\/\",\"url\":\"https:\\\/\\\/www.roeststaette.com\\\/en\\\/product\\\/espresso-selection\\\/\",\"name\":\"Espresso subscription | 100% Arabica | R\u00f6stst\u00e4tte Berlin\",\"isPartOf\":{\"@id\":\"https:\\\/\\\/www.roeststaette.com\\\/en\\\/#website\"},\"primaryImageOfPage\":{\"@id\":\"https:\\\/\\\/www.roeststaette.com\\\/en\\\/product\\\/espresso-selection\\\/#primaryimage\"},\"image\":{\"@id\":\"https:\\\/\\\/www.roeststaette.com\\\/en\\\/product\\\/espresso-selection\\\/#primaryimage\"},\"thumbnailUrl\":\"https:\\\/\\\/www.roeststaette.com\\\/wp-content\\\/uploads\\\/2019\\\/12\\\/Espresso-Abo-subscription-coffee-roast.jpg\",\"datePublished\":\"2023-12-20T16:13:11+00:00\",\"dateModified\":\"2025-02-05T09:25:44+00:00\",\"description\":\"Espresso Selection: Receive 2x250g of our best espresso roasts every month as a subscription. The perfect gift for coffee lovers.\",\"breadcrumb\":{\"@id\":\"https:\\\/\\\/www.roeststaette.com\\\/en\\\/product\\\/espresso-selection\\\/#breadcrumb\"},\"inLanguage\":\"en-US\",\"potentialAction\":[{\"@type\":\"ReadAction\",\"target\":[\"https:\\\/\\\/www.roeststaette.com\\\/en\\\/product\\\/espresso-selection\\\/\"]}]},{\"@type\":\"ImageObject\",\"inLanguage\":\"en-US\",\"@id\":\"https:\\\/\\\/www.roeststaette.com\\\/en\\\/product\\\/espresso-selection\\\/#primaryimage\",\"url\":\"https:\\\/\\\/www.roeststaette.com\\\/wp-content\\\/uploads\\\/2019\\\/12\\\/Espresso-Abo-subscription-coffee-roast.jpg\",\"contentUrl\":\"https:\\\/\\\/www.roeststaette.com\\\/wp-content\\\/uploads\\\/2019\\\/12\\\/Espresso-Abo-subscription-coffee-roast.jpg\",\"width\":2560,\"height\":1200},{\"@type\":\"BreadcrumbList\",\"@id\":\"https:\\\/\\\/www.roeststaette.com\\\/en\\\/product\\\/espresso-selection\\\/#breadcrumb\",\"itemListElement\":[{\"@type\":\"ListItem\",\"position\":1,\"name\":\"Startseite\",\"item\":\"https:\\\/\\\/www.roeststaette.com\\\/en\\\/\"},{\"@type\":\"ListItem\",\"position\":2,\"name\":\"Products\",\"item\":\"https:\\\/\\\/www.roeststaette.com\\\/en\\\/shop\\\/\"},{\"@type\":\"ListItem\",\"position\":3,\"name\":\"Espresso Selection\"}]},{\"@type\":\"WebSite\",\"@id\":\"https:\\\/\\\/www.roeststaette.com\\\/en\\\/#website\",\"url\":\"https:\\\/\\\/www.roeststaette.com\\\/en\\\/\",\"name\":\"R\u00f6stst\u00e4tte Berlin\",\"description\":\"R\u00f6stst\u00e4tte Kaffees sind 100% Arabica Kaffees und werden von uns in Berlin schonend von Hand ger\u00f6stet.\",\"publisher\":{\"@id\":\"https:\\\/\\\/www.roeststaette.com\\\/en\\\/#organization\"},\"potentialAction\":[{\"@type\":\"SearchAction\",\"target\":{\"@type\":\"EntryPoint\",\"urlTemplate\":\"https:\\\/\\\/www.roeststaette.com\\\/en\\\/?s={search_term_string}\"},\"query-input\":{\"@type\":\"PropertyValueSpecification\",\"valueRequired\":true,\"valueName\":\"search_term_string\"}}],\"inLanguage\":\"en-US\"},{\"@type\":\"Organization\",\"@id\":\"https:\\\/\\\/www.roeststaette.com\\\/en\\\/#organization\",\"name\":\"R\u00f6stst\u00e4tte Berlin\",\"url\":\"https:\\\/\\\/www.roeststaette.com\\\/en\\\/\",\"logo\":{\"@type\":\"ImageObject\",\"inLanguage\":\"en-US\",\"@id\":\"https:\\\/\\\/www.roeststaette.com\\\/en\\\/#\\\/schema\\\/logo\\\/image\\\/\",\"url\":\"https:\\\/\\\/www.roeststaette.com\\\/wp-content\\\/uploads\\\/2020\\\/04\\\/logo_nav_small_black.png\",\"contentUrl\":\"https:\\\/\\\/www.roeststaette.com\\\/wp-content\\\/uploads\\\/2020\\\/04\\\/logo_nav_small_black.png\",\"width\":120,\"height\":78,\"caption\":\"R\u00f6stst\u00e4tte Berlin\"},\"image\":{\"@id\":\"https:\\\/\\\/www.roeststaette.com\\\/en\\\/#\\\/schema\\\/logo\\\/image\\\/\"},\"sameAs\":[\"https:\\\/\\\/www.facebook.com\\\/roeststaette\\\/\",\"https:\\\/\\\/www.instagram.com\\\/roeststaetteberlin\\\/\"]}]}<\/script>\n<!-- \/ Yoast SEO plugin. -->","yoast_head_json":{"title":"Espresso subscription | 100% Arabica | R\u00f6stst\u00e4tte Berlin","description":"Espresso Selection: Receive 2x250g of our best espresso roasts every month as a subscription. The perfect gift for coffee lovers.","robots":{"index":"index","follow":"follow","max-snippet":"max-snippet:-1","max-image-preview":"max-image-preview:large","max-video-preview":"max-video-preview:-1"},"canonical":"https:\/\/www.roeststaette.com\/en\/product\/espresso-selection\/","og_locale":"en_US","og_type":"article","og_title":"Espresso subscription | 100% Arabica | R\u00f6stst\u00e4tte Berlin","og_description":"Espresso Selection: Receive 2x250g of our best espresso roasts every month as a subscription. The perfect gift for coffee lovers.","og_url":"https:\/\/www.roeststaette.com\/en\/product\/espresso-selection\/","og_site_name":"R\u00f6stst\u00e4tte Berlin","article_publisher":"https:\/\/www.facebook.com\/roeststaette\/","article_modified_time":"2025-02-05T09:25:44+00:00","og_image":[{"width":2560,"height":1200,"url":"https:\/\/www.roeststaette.com\/wp-content\/uploads\/2019\/12\/Espresso-Abo-subscription-coffee-roast.jpg","type":"image\/jpeg"}],"twitter_card":"summary_large_image","twitter_misc":{"Est. reading time":"1 minute"},"schema":{"@context":"https:\/\/schema.org","@graph":[{"@type":"WebPage","@id":"https:\/\/www.roeststaette.com\/en\/product\/espresso-selection\/","url":"https:\/\/www.roeststaette.com\/en\/product\/espresso-selection\/","name":"Espresso subscription | 100% Arabica | R\u00f6stst\u00e4tte Berlin","isPartOf":{"@id":"https:\/\/www.roeststaette.com\/en\/#website"},"primaryImageOfPage":{"@id":"https:\/\/www.roeststaette.com\/en\/product\/espresso-selection\/#primaryimage"},"image":{"@id":"https:\/\/www.roeststaette.com\/en\/product\/espresso-selection\/#primaryimage"},"thumbnailUrl":"https:\/\/www.roeststaette.com\/wp-content\/uploads\/2019\/12\/Espresso-Abo-subscription-coffee-roast.jpg","datePublished":"2023-12-20T16:13:11+00:00","dateModified":"2025-02-05T09:25:44+00:00","description":"Espresso Selection: Receive 2x250g of our best espresso roasts every month as a subscription. The perfect gift for coffee lovers.","breadcrumb":{"@id":"https:\/\/www.roeststaette.com\/en\/product\/espresso-selection\/#breadcrumb"},"inLanguage":"en-US","potentialAction":[{"@type":"ReadAction","target":["https:\/\/www.roeststaette.com\/en\/product\/espresso-selection\/"]}]},{"@type":"ImageObject","inLanguage":"en-US","@id":"https:\/\/www.roeststaette.com\/en\/product\/espresso-selection\/#primaryimage","url":"https:\/\/www.roeststaette.com\/wp-content\/uploads\/2019\/12\/Espresso-Abo-subscription-coffee-roast.jpg","contentUrl":"https:\/\/www.roeststaette.com\/wp-content\/uploads\/2019\/12\/Espresso-Abo-subscription-coffee-roast.jpg","width":2560,"height":1200},{"@type":"BreadcrumbList","@id":"https:\/\/www.roeststaette.com\/en\/product\/espresso-selection\/#breadcrumb","itemListElement":[{"@type":"ListItem","position":1,"name":"Startseite","item":"https:\/\/www.roeststaette.com\/en\/"},{"@type":"ListItem","position":2,"name":"Products","item":"https:\/\/www.roeststaette.com\/en\/shop\/"},{"@type":"ListItem","position":3,"name":"Espresso Selection"}]},{"@type":"WebSite","@id":"https:\/\/www.roeststaette.com\/en\/#website","url":"https:\/\/www.roeststaette.com\/en\/","name":"R\u00f6stst\u00e4tte Berlin","description":"R\u00f6stst\u00e4tte Kaffees sind 100% Arabica Kaffees und werden von uns in Berlin schonend von Hand ger\u00f6stet.","publisher":{"@id":"https:\/\/www.roeststaette.com\/en\/#organization"},"potentialAction":[{"@type":"SearchAction","target":{"@type":"EntryPoint","urlTemplate":"https:\/\/www.roeststaette.com\/en\/?s={search_term_string}"},"query-input":{"@type":"PropertyValueSpecification","valueRequired":true,"valueName":"search_term_string"}}],"inLanguage":"en-US"},{"@type":"Organization","@id":"https:\/\/www.roeststaette.com\/en\/#organization","name":"R\u00f6stst\u00e4tte Berlin","url":"https:\/\/www.roeststaette.com\/en\/","logo":{"@type":"ImageObject","inLanguage":"en-US","@id":"https:\/\/www.roeststaette.com\/en\/#\/schema\/logo\/image\/","url":"https:\/\/www.roeststaette.com\/wp-content\/uploads\/2020\/04\/logo_nav_small_black.png","contentUrl":"https:\/\/www.roeststaette.com\/wp-content\/uploads\/2020\/04\/logo_nav_small_black.png","width":120,"height":78,"caption":"R\u00f6stst\u00e4tte Berlin"},"image":{"@id":"https:\/\/www.roeststaette.com\/en\/#\/schema\/logo\/image\/"},"sameAs":["https:\/\/www.facebook.com\/roeststaette\/","https:\/\/www.instagram.com\/roeststaetteberlin\/"]}]}},"_links":{"self":[{"href":"https:\/\/www.roeststaette.com\/en\/wp-json\/wp\/v2\/product\/39272","targetHints":{"allow":["GET"]}}],"collection":[{"href":"https:\/\/www.roeststaette.com\/en\/wp-json\/wp\/v2\/product"}],"about":[{"href":"https:\/\/www.roeststaette.com\/en\/wp-json\/wp\/v2\/types\/product"}],"replies":[{"embeddable":true,"href":"https:\/\/www.roeststaette.com\/en\/wp-json\/wp\/v2\/comments?post=39272"}],"version-history":[{"count":0,"href":"https:\/\/www.roeststaette.com\/en\/wp-json\/wp\/v2\/product\/39272\/revisions"}],"wp:featuredmedia":[{"embeddable":true,"href":"https:\/\/www.roeststaette.com\/en\/wp-json\/wp\/v2\/media\/77428"}],"wp:attachment":[{"href":"https:\/\/www.roeststaette.com\/en\/wp-json\/wp\/v2\/media?parent=39272"}],"wp:term":[{"taxonomy":"product_cat","embeddable":true,"href":"https:\/\/www.roeststaette.com\/en\/wp-json\/wp\/v2\/product_cat?post=39272"},{"taxonomy":"product_tag","embeddable":true,"href":"https:\/\/www.roeststaette.com\/en\/wp-json\/wp\/v2\/product_tag?post=39272"}],"curies":[{"name":"wp","href":"https:\/\/api.w.org\/{rel}","templated":true}]}}