{"id":36459,"date":"2022-10-31T12:49:04","date_gmt":"2022-10-31T11:49:06","guid":{"rendered":"https:\/\/www.roeststaette.com\/?post_type=product&#038;p=36459"},"modified":"2022-12-08T11:35:08","modified_gmt":"2022-12-08T10:35:08","slug":"coffee-cocktail-box","status":"publish","type":"product","link":"https:\/\/www.roeststaette.com\/en\/product\/coffee-cocktail-box\/","title":{"rendered":"Coffee Cocktail Box"},"content":{"rendered":"<p>Frozen Coffee Box &#8211; get a coffee of your choice and all the tools to freeze portioned coffee in Single Dose Tubes.<br \/>\nChoose from a range of filter or espresso coffees<br \/>\nCoffee comes in 250g or 100g packs for the Reserve coffees<br \/>\n100% Arabica speciality coffees gently roasted by hand<br \/>\nClimate-neutral delivery with DHL Go Green<br \/>\nIf you select pick-up on site, pick-up is possible from 2 p.m. onwards after confirmation by e-mail<br \/>\nDelivery quantity: 1 x Frozen Coffee Box incl. coffee of your choice, 5 x glass tubes, 1 x How To Guide<\/p>\n<p>One filter coffee or espresso of your choice and 5 tubes for freezing coffee beans incl. How To Guide with all FAQs. Ready to freeze!<\/p>\n","protected":false},"excerpt":{"rendered":"<h4>\u00bb Limited Edition \u00ab<\/h4>\n<p>Coffee cocktails to mix yourself with recipes by vice world champion Vladyslav Demonenko.<\/p>\n","protected":false},"featured_media":37301,"comment_status":"open","ping_status":"closed","template":"","meta":[],"product_cat":[388],"product_tag":[],"acf":[],"yoast_head":"<!-- This site is optimized with the Yoast SEO plugin v22.1 - https:\/\/yoast.com\/wordpress\/plugins\/seo\/ -->\n<title>Coffee Cocktail Box by R\u00f6stst\u00e4tte Berlin feat. Vladyslav Demonenko<\/title>\n<meta name=\"description\" content=\"Discover four high-quality coffee cocktail recipes to mix yourself. All in one cocktail set, as a gift or to enjoy yourself.\" \/>\n<meta name=\"robots\" content=\"index, follow, max-snippet:-1, max-image-preview:large, max-video-preview:-1\" \/>\n<link rel=\"canonical\" href=\"https:\/\/www.roeststaette.com\/en\/product\/coffee-cocktail-box\/\" \/>\n<meta property=\"og:locale\" content=\"en_US\" \/>\n<meta property=\"og:type\" content=\"article\" \/>\n<meta property=\"og:title\" content=\"Coffee Cocktail Box by R\u00f6stst\u00e4tte Berlin feat. Vladyslav Demonenko\" \/>\n<meta property=\"og:description\" content=\"Discover four high-quality coffee cocktail recipes to mix yourself. All in one cocktail set, as a gift or to enjoy yourself.\" \/>\n<meta property=\"og:url\" content=\"https:\/\/www.roeststaette.com\/en\/product\/coffee-cocktail-box\/\" \/>\n<meta property=\"og:site_name\" content=\"R\u00f6stst\u00e4tte Berlin\" \/>\n<meta property=\"article:publisher\" content=\"https:\/\/www.facebook.com\/roeststaette\/\" \/>\n<meta property=\"article:modified_time\" content=\"2022-12-08T10:35:08+00:00\" \/>\n<meta property=\"og:image\" content=\"https:\/\/www.roeststaette.com\/wp-content\/uploads\/2022\/10\/CoffeeCocktailBox-Visual-scaled.jpg\" \/>\n\t<meta property=\"og:image:width\" content=\"2560\" \/>\n\t<meta property=\"og:image:height\" content=\"1440\" \/>\n\t<meta property=\"og:image:type\" content=\"image\/jpeg\" \/>\n<meta name=\"twitter:card\" content=\"summary_large_image\" \/>\n<meta name=\"twitter:label1\" content=\"Est. reading time\" \/>\n\t<meta name=\"twitter:data1\" content=\"1 minute\" \/>\n<script type=\"application\/ld+json\" class=\"yoast-schema-graph\">{\"@context\":\"https:\/\/schema.org\",\"@graph\":[{\"@type\":\"WebPage\",\"@id\":\"https:\/\/www.roeststaette.com\/en\/product\/coffee-cocktail-box\/\",\"url\":\"https:\/\/www.roeststaette.com\/en\/product\/coffee-cocktail-box\/\",\"name\":\"Coffee Cocktail Box by R\u00f6stst\u00e4tte Berlin feat. Vladyslav Demonenko\",\"isPartOf\":{\"@id\":\"https:\/\/www.roeststaette.com\/en\/#website\"},\"datePublished\":\"2022-10-31T11:49:06+00:00\",\"dateModified\":\"2022-12-08T10:35:08+00:00\",\"description\":\"Discover four high-quality coffee cocktail recipes to mix yourself. All in one cocktail set, as a gift or to enjoy yourself.\",\"breadcrumb\":{\"@id\":\"https:\/\/www.roeststaette.com\/en\/product\/coffee-cocktail-box\/#breadcrumb\"},\"inLanguage\":\"en-US\",\"potentialAction\":[{\"@type\":\"ReadAction\",\"target\":[\"https:\/\/www.roeststaette.com\/en\/product\/coffee-cocktail-box\/\"]}]},{\"@type\":\"BreadcrumbList\",\"@id\":\"https:\/\/www.roeststaette.com\/en\/product\/coffee-cocktail-box\/#breadcrumb\",\"itemListElement\":[{\"@type\":\"ListItem\",\"position\":1,\"name\":\"Startseite\",\"item\":\"https:\/\/www.roeststaette.com\/en\/\"},{\"@type\":\"ListItem\",\"position\":2,\"name\":\"Products\",\"item\":\"https:\/\/www.roeststaette.com\/en\/shop\/\"},{\"@type\":\"ListItem\",\"position\":3,\"name\":\"Coffee Cocktail Box\"}]},{\"@type\":\"WebSite\",\"@id\":\"https:\/\/www.roeststaette.com\/en\/#website\",\"url\":\"https:\/\/www.roeststaette.com\/en\/\",\"name\":\"R\u00f6stst\u00e4tte Berlin\",\"description\":\"R\u00f6stst\u00e4tte Kaffees sind 100% Arabica Kaffees und werden von uns in Berlin schonend von Hand ger\u00f6stet.\",\"publisher\":{\"@id\":\"https:\/\/www.roeststaette.com\/en\/#organization\"},\"potentialAction\":[{\"@type\":\"SearchAction\",\"target\":{\"@type\":\"EntryPoint\",\"urlTemplate\":\"https:\/\/www.roeststaette.com\/en\/?s={search_term_string}\"},\"query-input\":\"required name=search_term_string\"}],\"inLanguage\":\"en-US\"},{\"@type\":\"Organization\",\"@id\":\"https:\/\/www.roeststaette.com\/en\/#organization\",\"name\":\"R\u00f6stst\u00e4tte Berlin\",\"url\":\"https:\/\/www.roeststaette.com\/en\/\",\"logo\":{\"@type\":\"ImageObject\",\"inLanguage\":\"en-US\",\"@id\":\"https:\/\/www.roeststaette.com\/en\/#\/schema\/logo\/image\/\",\"url\":\"https:\/\/www.roeststaette.com\/wp-content\/uploads\/2020\/04\/logo_nav_small_black.png\",\"contentUrl\":\"https:\/\/www.roeststaette.com\/wp-content\/uploads\/2020\/04\/logo_nav_small_black.png\",\"width\":120,\"height\":78,\"caption\":\"R\u00f6stst\u00e4tte Berlin\"},\"image\":{\"@id\":\"https:\/\/www.roeststaette.com\/en\/#\/schema\/logo\/image\/\"},\"sameAs\":[\"https:\/\/www.facebook.com\/roeststaette\/\",\"https:\/\/www.instagram.com\/roeststaetteberlin\/\"]}]}<\/script>\n<!-- \/ Yoast SEO plugin. -->","yoast_head_json":{"title":"Coffee Cocktail Box by R\u00f6stst\u00e4tte Berlin feat. Vladyslav Demonenko","description":"Discover four high-quality coffee cocktail recipes to mix yourself. All in one cocktail set, as a gift or to enjoy yourself.","robots":{"index":"index","follow":"follow","max-snippet":"max-snippet:-1","max-image-preview":"max-image-preview:large","max-video-preview":"max-video-preview:-1"},"canonical":"https:\/\/www.roeststaette.com\/en\/product\/coffee-cocktail-box\/","og_locale":"en_US","og_type":"article","og_title":"Coffee Cocktail Box by R\u00f6stst\u00e4tte Berlin feat. Vladyslav Demonenko","og_description":"Discover four high-quality coffee cocktail recipes to mix yourself. All in one cocktail set, as a gift or to enjoy yourself.","og_url":"https:\/\/www.roeststaette.com\/en\/product\/coffee-cocktail-box\/","og_site_name":"R\u00f6stst\u00e4tte Berlin","article_publisher":"https:\/\/www.facebook.com\/roeststaette\/","article_modified_time":"2022-12-08T10:35:08+00:00","og_image":[{"width":2560,"height":1440,"url":"https:\/\/www.roeststaette.com\/wp-content\/uploads\/2022\/10\/CoffeeCocktailBox-Visual-scaled.jpg","type":"image\/jpeg"}],"twitter_card":"summary_large_image","twitter_misc":{"Est. reading time":"1 minute"},"schema":{"@context":"https:\/\/schema.org","@graph":[{"@type":"WebPage","@id":"https:\/\/www.roeststaette.com\/en\/product\/coffee-cocktail-box\/","url":"https:\/\/www.roeststaette.com\/en\/product\/coffee-cocktail-box\/","name":"Coffee Cocktail Box by R\u00f6stst\u00e4tte Berlin feat. Vladyslav Demonenko","isPartOf":{"@id":"https:\/\/www.roeststaette.com\/en\/#website"},"datePublished":"2022-10-31T11:49:06+00:00","dateModified":"2022-12-08T10:35:08+00:00","description":"Discover four high-quality coffee cocktail recipes to mix yourself. All in one cocktail set, as a gift or to enjoy yourself.","breadcrumb":{"@id":"https:\/\/www.roeststaette.com\/en\/product\/coffee-cocktail-box\/#breadcrumb"},"inLanguage":"en-US","potentialAction":[{"@type":"ReadAction","target":["https:\/\/www.roeststaette.com\/en\/product\/coffee-cocktail-box\/"]}]},{"@type":"BreadcrumbList","@id":"https:\/\/www.roeststaette.com\/en\/product\/coffee-cocktail-box\/#breadcrumb","itemListElement":[{"@type":"ListItem","position":1,"name":"Startseite","item":"https:\/\/www.roeststaette.com\/en\/"},{"@type":"ListItem","position":2,"name":"Products","item":"https:\/\/www.roeststaette.com\/en\/shop\/"},{"@type":"ListItem","position":3,"name":"Coffee Cocktail Box"}]},{"@type":"WebSite","@id":"https:\/\/www.roeststaette.com\/en\/#website","url":"https:\/\/www.roeststaette.com\/en\/","name":"R\u00f6stst\u00e4tte Berlin","description":"R\u00f6stst\u00e4tte Kaffees sind 100% Arabica Kaffees und werden von uns in Berlin schonend von Hand ger\u00f6stet.","publisher":{"@id":"https:\/\/www.roeststaette.com\/en\/#organization"},"potentialAction":[{"@type":"SearchAction","target":{"@type":"EntryPoint","urlTemplate":"https:\/\/www.roeststaette.com\/en\/?s={search_term_string}"},"query-input":"required name=search_term_string"}],"inLanguage":"en-US"},{"@type":"Organization","@id":"https:\/\/www.roeststaette.com\/en\/#organization","name":"R\u00f6stst\u00e4tte Berlin","url":"https:\/\/www.roeststaette.com\/en\/","logo":{"@type":"ImageObject","inLanguage":"en-US","@id":"https:\/\/www.roeststaette.com\/en\/#\/schema\/logo\/image\/","url":"https:\/\/www.roeststaette.com\/wp-content\/uploads\/2020\/04\/logo_nav_small_black.png","contentUrl":"https:\/\/www.roeststaette.com\/wp-content\/uploads\/2020\/04\/logo_nav_small_black.png","width":120,"height":78,"caption":"R\u00f6stst\u00e4tte Berlin"},"image":{"@id":"https:\/\/www.roeststaette.com\/en\/#\/schema\/logo\/image\/"},"sameAs":["https:\/\/www.facebook.com\/roeststaette\/","https:\/\/www.instagram.com\/roeststaetteberlin\/"]}]}},"_links":{"self":[{"href":"https:\/\/www.roeststaette.com\/en\/wp-json\/wp\/v2\/product\/36459"}],"collection":[{"href":"https:\/\/www.roeststaette.com\/en\/wp-json\/wp\/v2\/product"}],"about":[{"href":"https:\/\/www.roeststaette.com\/en\/wp-json\/wp\/v2\/types\/product"}],"replies":[{"embeddable":true,"href":"https:\/\/www.roeststaette.com\/en\/wp-json\/wp\/v2\/comments?post=36459"}],"version-history":[{"count":0,"href":"https:\/\/www.roeststaette.com\/en\/wp-json\/wp\/v2\/product\/36459\/revisions"}],"wp:featuredmedia":[{"embeddable":true,"href":"https:\/\/www.roeststaette.com\/en\/wp-json\/wp\/v2\/media\/37301"}],"wp:attachment":[{"href":"https:\/\/www.roeststaette.com\/en\/wp-json\/wp\/v2\/media?parent=36459"}],"wp:term":[{"taxonomy":"product_cat","embeddable":true,"href":"https:\/\/www.roeststaette.com\/en\/wp-json\/wp\/v2\/product_cat?post=36459"},{"taxonomy":"product_tag","embeddable":true,"href":"https:\/\/www.roeststaette.com\/en\/wp-json\/wp\/v2\/product_tag?post=36459"}],"curies":[{"name":"wp","href":"https:\/\/api.w.org\/{rel}","templated":true}]}}