{"id":32076,"date":"2020-08-24T00:13:32","date_gmt":"2020-08-24T22:13:32","guid":{"rendered":"https:\/\/www.roeststaette.com\/product\/filterkaffee-bruehen\/"},"modified":"2026-03-19T10:54:15","modified_gmt":"2026-03-19T09:54:15","slug":"filterkaffee-bruehen","status":"publish","type":"product","link":"https:\/\/www.roeststaette.com\/en\/product\/filterkaffee-bruehen\/","title":{"rendered":"Brewing filter coffee"},"content":{"rendered":"","protected":false},"excerpt":{"rendered":"<p>Filter coffee brewing is back in fashion and we show you some of the most exciting brewing methods with various filter coffee makers such as the V60 hand filter or the AeroPress. You will learn which equipment is suitable for use at home and how to brew your coffee to perfection.<\/p>\n","protected":false},"featured_media":97590,"comment_status":"open","ping_status":"closed","template":"","meta":[],"product_cat":[645],"product_tag":[],"acf":[],"yoast_head":"<!-- This site is optimized with the Yoast SEO plugin v22.1 - https:\/\/yoast.com\/wordpress\/plugins\/seo\/ -->\n<title>Filter coffee workshop | Coffee training course | R\u00f6stst\u00e4tte Berlin<\/title>\n<meta name=\"description\" content=\"In our filter coffee workshop in Berlin, you will learn all the basics with brewing methods such as the AeroPress or the Hario V60.\" \/>\n<meta name=\"robots\" content=\"index, follow, max-snippet:-1, max-image-preview:large, max-video-preview:-1\" \/>\n<link rel=\"canonical\" href=\"https:\/\/www.roeststaette.com\/en\/product\/filterkaffee-bruehen\/\" \/>\n<meta property=\"og:locale\" content=\"en_US\" \/>\n<meta property=\"og:type\" content=\"article\" \/>\n<meta property=\"og:title\" content=\"Filter coffee workshop | Coffee training course | R\u00f6stst\u00e4tte Berlin\" \/>\n<meta property=\"og:description\" content=\"In our filter coffee workshop in Berlin, you will learn all the basics with brewing methods such as the AeroPress or the Hario V60.\" \/>\n<meta property=\"og:url\" content=\"https:\/\/www.roeststaette.com\/en\/product\/filterkaffee-bruehen\/\" \/>\n<meta property=\"og:site_name\" content=\"R\u00f6stst\u00e4tte Berlin\" \/>\n<meta property=\"article:publisher\" content=\"https:\/\/www.facebook.com\/roeststaette\/\" \/>\n<meta property=\"article:modified_time\" content=\"2026-03-19T09:54:15+00:00\" \/>\n<meta property=\"og:image\" content=\"https:\/\/www.roeststaette.com\/wp-content\/uploads\/2020\/08\/Filterkaffee-brewing-origami.jpg\" \/>\n\t<meta property=\"og:image:width\" content=\"1440\" \/>\n\t<meta property=\"og:image:height\" content=\"810\" \/>\n\t<meta property=\"og:image:type\" content=\"image\/jpeg\" \/>\n<meta name=\"twitter:card\" content=\"summary_large_image\" \/>\n<meta name=\"twitter:label1\" content=\"Est. reading time\" \/>\n\t<meta name=\"twitter:data1\" content=\"1 minute\" \/>\n<script type=\"application\/ld+json\" class=\"yoast-schema-graph\">{\"@context\":\"https:\/\/schema.org\",\"@graph\":[{\"@type\":\"WebPage\",\"@id\":\"https:\/\/www.roeststaette.com\/en\/product\/filterkaffee-bruehen\/\",\"url\":\"https:\/\/www.roeststaette.com\/en\/product\/filterkaffee-bruehen\/\",\"name\":\"Filter coffee workshop | Coffee training course | R\u00f6stst\u00e4tte Berlin\",\"isPartOf\":{\"@id\":\"https:\/\/www.roeststaette.com\/en\/#website\"},\"datePublished\":\"2020-08-24T22:13:32+00:00\",\"dateModified\":\"2026-03-19T09:54:15+00:00\",\"description\":\"In our filter coffee workshop in Berlin, you will learn all the basics with brewing methods such as the AeroPress or the Hario V60.\",\"breadcrumb\":{\"@id\":\"https:\/\/www.roeststaette.com\/en\/product\/filterkaffee-bruehen\/#breadcrumb\"},\"inLanguage\":\"en-US\",\"potentialAction\":[{\"@type\":\"ReadAction\",\"target\":[\"https:\/\/www.roeststaette.com\/en\/product\/filterkaffee-bruehen\/\"]}]},{\"@type\":\"BreadcrumbList\",\"@id\":\"https:\/\/www.roeststaette.com\/en\/product\/filterkaffee-bruehen\/#breadcrumb\",\"itemListElement\":[{\"@type\":\"ListItem\",\"position\":1,\"name\":\"Startseite\",\"item\":\"https:\/\/www.roeststaette.com\/en\/\"},{\"@type\":\"ListItem\",\"position\":2,\"name\":\"Products\",\"item\":\"https:\/\/www.roeststaette.com\/en\/shop\/\"},{\"@type\":\"ListItem\",\"position\":3,\"name\":\"Brewing filter coffee\"}]},{\"@type\":\"WebSite\",\"@id\":\"https:\/\/www.roeststaette.com\/en\/#website\",\"url\":\"https:\/\/www.roeststaette.com\/en\/\",\"name\":\"R\u00f6stst\u00e4tte Berlin\",\"description\":\"R\u00f6stst\u00e4tte Kaffees sind 100% Arabica Kaffees und werden von uns in Berlin schonend von Hand ger\u00f6stet.\",\"publisher\":{\"@id\":\"https:\/\/www.roeststaette.com\/en\/#organization\"},\"potentialAction\":[{\"@type\":\"SearchAction\",\"target\":{\"@type\":\"EntryPoint\",\"urlTemplate\":\"https:\/\/www.roeststaette.com\/en\/?s={search_term_string}\"},\"query-input\":\"required name=search_term_string\"}],\"inLanguage\":\"en-US\"},{\"@type\":\"Organization\",\"@id\":\"https:\/\/www.roeststaette.com\/en\/#organization\",\"name\":\"R\u00f6stst\u00e4tte Berlin\",\"url\":\"https:\/\/www.roeststaette.com\/en\/\",\"logo\":{\"@type\":\"ImageObject\",\"inLanguage\":\"en-US\",\"@id\":\"https:\/\/www.roeststaette.com\/en\/#\/schema\/logo\/image\/\",\"url\":\"https:\/\/www.roeststaette.com\/wp-content\/uploads\/2020\/04\/logo_nav_small_black.png\",\"contentUrl\":\"https:\/\/www.roeststaette.com\/wp-content\/uploads\/2020\/04\/logo_nav_small_black.png\",\"width\":120,\"height\":78,\"caption\":\"R\u00f6stst\u00e4tte Berlin\"},\"image\":{\"@id\":\"https:\/\/www.roeststaette.com\/en\/#\/schema\/logo\/image\/\"},\"sameAs\":[\"https:\/\/www.facebook.com\/roeststaette\/\",\"https:\/\/www.instagram.com\/roeststaetteberlin\/\"]}]}<\/script>\n<!-- \/ Yoast SEO plugin. -->","yoast_head_json":{"title":"Filter coffee workshop | Coffee training course | R\u00f6stst\u00e4tte Berlin","description":"In our filter coffee workshop in Berlin, you will learn all the basics with brewing methods such as the AeroPress or the Hario V60.","robots":{"index":"index","follow":"follow","max-snippet":"max-snippet:-1","max-image-preview":"max-image-preview:large","max-video-preview":"max-video-preview:-1"},"canonical":"https:\/\/www.roeststaette.com\/en\/product\/filterkaffee-bruehen\/","og_locale":"en_US","og_type":"article","og_title":"Filter coffee workshop | Coffee training course | R\u00f6stst\u00e4tte Berlin","og_description":"In our filter coffee workshop in Berlin, you will learn all the basics with brewing methods such as the AeroPress or the Hario V60.","og_url":"https:\/\/www.roeststaette.com\/en\/product\/filterkaffee-bruehen\/","og_site_name":"R\u00f6stst\u00e4tte Berlin","article_publisher":"https:\/\/www.facebook.com\/roeststaette\/","article_modified_time":"2026-03-19T09:54:15+00:00","og_image":[{"width":1440,"height":810,"url":"https:\/\/www.roeststaette.com\/wp-content\/uploads\/2020\/08\/Filterkaffee-brewing-origami.jpg","type":"image\/jpeg"}],"twitter_card":"summary_large_image","twitter_misc":{"Est. reading time":"1 minute"},"schema":{"@context":"https:\/\/schema.org","@graph":[{"@type":"WebPage","@id":"https:\/\/www.roeststaette.com\/en\/product\/filterkaffee-bruehen\/","url":"https:\/\/www.roeststaette.com\/en\/product\/filterkaffee-bruehen\/","name":"Filter coffee workshop | Coffee training course | R\u00f6stst\u00e4tte Berlin","isPartOf":{"@id":"https:\/\/www.roeststaette.com\/en\/#website"},"datePublished":"2020-08-24T22:13:32+00:00","dateModified":"2026-03-19T09:54:15+00:00","description":"In our filter coffee workshop in Berlin, you will learn all the basics with brewing methods such as the AeroPress or the Hario V60.","breadcrumb":{"@id":"https:\/\/www.roeststaette.com\/en\/product\/filterkaffee-bruehen\/#breadcrumb"},"inLanguage":"en-US","potentialAction":[{"@type":"ReadAction","target":["https:\/\/www.roeststaette.com\/en\/product\/filterkaffee-bruehen\/"]}]},{"@type":"BreadcrumbList","@id":"https:\/\/www.roeststaette.com\/en\/product\/filterkaffee-bruehen\/#breadcrumb","itemListElement":[{"@type":"ListItem","position":1,"name":"Startseite","item":"https:\/\/www.roeststaette.com\/en\/"},{"@type":"ListItem","position":2,"name":"Products","item":"https:\/\/www.roeststaette.com\/en\/shop\/"},{"@type":"ListItem","position":3,"name":"Brewing filter coffee"}]},{"@type":"WebSite","@id":"https:\/\/www.roeststaette.com\/en\/#website","url":"https:\/\/www.roeststaette.com\/en\/","name":"R\u00f6stst\u00e4tte Berlin","description":"R\u00f6stst\u00e4tte Kaffees sind 100% Arabica Kaffees und werden von uns in Berlin schonend von Hand ger\u00f6stet.","publisher":{"@id":"https:\/\/www.roeststaette.com\/en\/#organization"},"potentialAction":[{"@type":"SearchAction","target":{"@type":"EntryPoint","urlTemplate":"https:\/\/www.roeststaette.com\/en\/?s={search_term_string}"},"query-input":"required name=search_term_string"}],"inLanguage":"en-US"},{"@type":"Organization","@id":"https:\/\/www.roeststaette.com\/en\/#organization","name":"R\u00f6stst\u00e4tte Berlin","url":"https:\/\/www.roeststaette.com\/en\/","logo":{"@type":"ImageObject","inLanguage":"en-US","@id":"https:\/\/www.roeststaette.com\/en\/#\/schema\/logo\/image\/","url":"https:\/\/www.roeststaette.com\/wp-content\/uploads\/2020\/04\/logo_nav_small_black.png","contentUrl":"https:\/\/www.roeststaette.com\/wp-content\/uploads\/2020\/04\/logo_nav_small_black.png","width":120,"height":78,"caption":"R\u00f6stst\u00e4tte Berlin"},"image":{"@id":"https:\/\/www.roeststaette.com\/en\/#\/schema\/logo\/image\/"},"sameAs":["https:\/\/www.facebook.com\/roeststaette\/","https:\/\/www.instagram.com\/roeststaetteberlin\/"]}]}},"_links":{"self":[{"href":"https:\/\/www.roeststaette.com\/en\/wp-json\/wp\/v2\/product\/32076"}],"collection":[{"href":"https:\/\/www.roeststaette.com\/en\/wp-json\/wp\/v2\/product"}],"about":[{"href":"https:\/\/www.roeststaette.com\/en\/wp-json\/wp\/v2\/types\/product"}],"replies":[{"embeddable":true,"href":"https:\/\/www.roeststaette.com\/en\/wp-json\/wp\/v2\/comments?post=32076"}],"version-history":[{"count":2,"href":"https:\/\/www.roeststaette.com\/en\/wp-json\/wp\/v2\/product\/32076\/revisions"}],"predecessor-version":[{"id":97592,"href":"https:\/\/www.roeststaette.com\/en\/wp-json\/wp\/v2\/product\/32076\/revisions\/97592"}],"wp:featuredmedia":[{"embeddable":true,"href":"https:\/\/www.roeststaette.com\/en\/wp-json\/wp\/v2\/media\/97590"}],"wp:attachment":[{"href":"https:\/\/www.roeststaette.com\/en\/wp-json\/wp\/v2\/media?parent=32076"}],"wp:term":[{"taxonomy":"product_cat","embeddable":true,"href":"https:\/\/www.roeststaette.com\/en\/wp-json\/wp\/v2\/product_cat?post=32076"},{"taxonomy":"product_tag","embeddable":true,"href":"https:\/\/www.roeststaette.com\/en\/wp-json\/wp\/v2\/product_tag?post=32076"}],"curies":[{"name":"wp","href":"https:\/\/api.w.org\/{rel}","templated":true}]}}