{"id":32064,"date":"2020-08-26T00:12:35","date_gmt":"2020-08-22T22:12:35","guid":{"rendered":"https:\/\/www.roeststaette.com\/product\/latte-art\/"},"modified":"2026-04-07T11:23:42","modified_gmt":"2026-04-07T09:23:42","slug":"latte-art","status":"publish","type":"product","link":"https:\/\/www.roeststaette.com\/en\/product\/latte-art\/","title":{"rendered":"Latte Art"},"content":{"rendered":"","protected":false},"excerpt":{"rendered":"<p>Advanced barista training with a focus on latte art training on the espresso machine. Supervised by our trainer, you will learn the most important basic latte art techniques for foaming and pouring and can practise an easy motif such as a heart. Vegan milk alternatives are available as an option.<\/p>\n","protected":false},"featured_media":16750,"comment_status":"open","ping_status":"closed","template":"","meta":[],"product_cat":[645],"product_tag":[],"acf":[],"yoast_head":"<!-- This site is optimized with the Yoast SEO plugin v22.1 - https:\/\/yoast.com\/wordpress\/plugins\/seo\/ -->\n<title>Latte Art training | R\u00f6stst\u00e4tte Berlin<\/title>\n<meta name=\"description\" content=\"Latte Art Barista training at the R\u00f6stst\u00e4tte Barista Academy in Berlin. Learn how to pour and froth milk properly on the portafilter machine.\" \/>\n<meta name=\"robots\" content=\"index, follow, max-snippet:-1, max-image-preview:large, max-video-preview:-1\" \/>\n<link rel=\"canonical\" href=\"https:\/\/www.roeststaette.com\/en\/product\/latte-art\/\" \/>\n<meta property=\"og:locale\" content=\"en_US\" \/>\n<meta property=\"og:type\" content=\"article\" \/>\n<meta property=\"og:title\" content=\"Latte Art training | R\u00f6stst\u00e4tte Berlin\" \/>\n<meta property=\"og:description\" content=\"Latte Art Barista training at the R\u00f6stst\u00e4tte Barista Academy in Berlin. Learn how to pour and froth milk properly on the portafilter machine.\" \/>\n<meta property=\"og:url\" content=\"https:\/\/www.roeststaette.com\/en\/product\/latte-art\/\" \/>\n<meta property=\"og:site_name\" content=\"R\u00f6stst\u00e4tte Berlin\" \/>\n<meta property=\"article:publisher\" content=\"https:\/\/www.facebook.com\/roeststaette\/\" \/>\n<meta property=\"article:modified_time\" content=\"2026-04-07T09:23:42+00:00\" \/>\n<meta property=\"og:image\" content=\"https:\/\/www.roeststaette.com\/wp-content\/uploads\/2019\/04\/Baristakurs-LatteArt-Berlin-Baristaschulung-Header.jpg\" \/>\n\t<meta property=\"og:image:width\" content=\"1440\" \/>\n\t<meta property=\"og:image:height\" content=\"660\" \/>\n\t<meta property=\"og:image:type\" content=\"image\/jpeg\" \/>\n<meta name=\"twitter:card\" content=\"summary_large_image\" \/>\n<meta name=\"twitter:label1\" content=\"Est. reading time\" \/>\n\t<meta name=\"twitter:data1\" content=\"1 minute\" \/>\n<script type=\"application\/ld+json\" class=\"yoast-schema-graph\">{\"@context\":\"https:\/\/schema.org\",\"@graph\":[{\"@type\":\"WebPage\",\"@id\":\"https:\/\/www.roeststaette.com\/en\/product\/latte-art\/\",\"url\":\"https:\/\/www.roeststaette.com\/en\/product\/latte-art\/\",\"name\":\"Latte Art training | R\u00f6stst\u00e4tte Berlin\",\"isPartOf\":{\"@id\":\"https:\/\/www.roeststaette.com\/en\/#website\"},\"datePublished\":\"2020-08-22T22:12:35+00:00\",\"dateModified\":\"2026-04-07T09:23:42+00:00\",\"description\":\"Latte Art Barista training at the R\u00f6stst\u00e4tte Barista Academy in Berlin. Learn how to pour and froth milk properly on the portafilter machine.\",\"breadcrumb\":{\"@id\":\"https:\/\/www.roeststaette.com\/en\/product\/latte-art\/#breadcrumb\"},\"inLanguage\":\"en-US\",\"potentialAction\":[{\"@type\":\"ReadAction\",\"target\":[\"https:\/\/www.roeststaette.com\/en\/product\/latte-art\/\"]}]},{\"@type\":\"BreadcrumbList\",\"@id\":\"https:\/\/www.roeststaette.com\/en\/product\/latte-art\/#breadcrumb\",\"itemListElement\":[{\"@type\":\"ListItem\",\"position\":1,\"name\":\"Startseite\",\"item\":\"https:\/\/www.roeststaette.com\/en\/https-www-roeststaette-com-en\/\"},{\"@type\":\"ListItem\",\"position\":2,\"name\":\"Products\",\"item\":\"https:\/\/www.roeststaette.com\/en\/shop\/\"},{\"@type\":\"ListItem\",\"position\":3,\"name\":\"Latte Art\"}]},{\"@type\":\"WebSite\",\"@id\":\"https:\/\/www.roeststaette.com\/en\/#website\",\"url\":\"https:\/\/www.roeststaette.com\/en\/\",\"name\":\"R\u00f6stst\u00e4tte Berlin\",\"description\":\"R\u00f6stst\u00e4tte Kaffees sind 100% Arabica Kaffees und werden von uns in Berlin schonend von Hand ger\u00f6stet.\",\"publisher\":{\"@id\":\"https:\/\/www.roeststaette.com\/en\/#organization\"},\"potentialAction\":[{\"@type\":\"SearchAction\",\"target\":{\"@type\":\"EntryPoint\",\"urlTemplate\":\"https:\/\/www.roeststaette.com\/en\/?s={search_term_string}\"},\"query-input\":\"required name=search_term_string\"}],\"inLanguage\":\"en-US\"},{\"@type\":\"Organization\",\"@id\":\"https:\/\/www.roeststaette.com\/en\/#organization\",\"name\":\"R\u00f6stst\u00e4tte Berlin\",\"url\":\"https:\/\/www.roeststaette.com\/en\/\",\"logo\":{\"@type\":\"ImageObject\",\"inLanguage\":\"en-US\",\"@id\":\"https:\/\/www.roeststaette.com\/en\/#\/schema\/logo\/image\/\",\"url\":\"https:\/\/www.roeststaette.com\/wp-content\/uploads\/2020\/04\/logo_nav_small_black.png\",\"contentUrl\":\"https:\/\/www.roeststaette.com\/wp-content\/uploads\/2020\/04\/logo_nav_small_black.png\",\"width\":120,\"height\":78,\"caption\":\"R\u00f6stst\u00e4tte Berlin\"},\"image\":{\"@id\":\"https:\/\/www.roeststaette.com\/en\/#\/schema\/logo\/image\/\"},\"sameAs\":[\"https:\/\/www.facebook.com\/roeststaette\/\",\"https:\/\/www.instagram.com\/roeststaetteberlin\/\"]}]}<\/script>\n<!-- \/ Yoast SEO plugin. -->","yoast_head_json":{"title":"Latte Art training | R\u00f6stst\u00e4tte Berlin","description":"Latte Art Barista training at the R\u00f6stst\u00e4tte Barista Academy in Berlin. Learn how to pour and froth milk properly on the portafilter machine.","robots":{"index":"index","follow":"follow","max-snippet":"max-snippet:-1","max-image-preview":"max-image-preview:large","max-video-preview":"max-video-preview:-1"},"canonical":"https:\/\/www.roeststaette.com\/en\/product\/latte-art\/","og_locale":"en_US","og_type":"article","og_title":"Latte Art training | R\u00f6stst\u00e4tte Berlin","og_description":"Latte Art Barista training at the R\u00f6stst\u00e4tte Barista Academy in Berlin. Learn how to pour and froth milk properly on the portafilter machine.","og_url":"https:\/\/www.roeststaette.com\/en\/product\/latte-art\/","og_site_name":"R\u00f6stst\u00e4tte Berlin","article_publisher":"https:\/\/www.facebook.com\/roeststaette\/","article_modified_time":"2026-04-07T09:23:42+00:00","og_image":[{"width":1440,"height":660,"url":"https:\/\/www.roeststaette.com\/wp-content\/uploads\/2019\/04\/Baristakurs-LatteArt-Berlin-Baristaschulung-Header.jpg","type":"image\/jpeg"}],"twitter_card":"summary_large_image","twitter_misc":{"Est. reading time":"1 minute"},"schema":{"@context":"https:\/\/schema.org","@graph":[{"@type":"WebPage","@id":"https:\/\/www.roeststaette.com\/en\/product\/latte-art\/","url":"https:\/\/www.roeststaette.com\/en\/product\/latte-art\/","name":"Latte Art training | R\u00f6stst\u00e4tte Berlin","isPartOf":{"@id":"https:\/\/www.roeststaette.com\/en\/#website"},"datePublished":"2020-08-22T22:12:35+00:00","dateModified":"2026-04-07T09:23:42+00:00","description":"Latte Art Barista training at the R\u00f6stst\u00e4tte Barista Academy in Berlin. Learn how to pour and froth milk properly on the portafilter machine.","breadcrumb":{"@id":"https:\/\/www.roeststaette.com\/en\/product\/latte-art\/#breadcrumb"},"inLanguage":"en-US","potentialAction":[{"@type":"ReadAction","target":["https:\/\/www.roeststaette.com\/en\/product\/latte-art\/"]}]},{"@type":"BreadcrumbList","@id":"https:\/\/www.roeststaette.com\/en\/product\/latte-art\/#breadcrumb","itemListElement":[{"@type":"ListItem","position":1,"name":"Startseite","item":"https:\/\/www.roeststaette.com\/en\/https-www-roeststaette-com-en\/"},{"@type":"ListItem","position":2,"name":"Products","item":"https:\/\/www.roeststaette.com\/en\/shop\/"},{"@type":"ListItem","position":3,"name":"Latte Art"}]},{"@type":"WebSite","@id":"https:\/\/www.roeststaette.com\/en\/#website","url":"https:\/\/www.roeststaette.com\/en\/","name":"R\u00f6stst\u00e4tte Berlin","description":"R\u00f6stst\u00e4tte Kaffees sind 100% Arabica Kaffees und werden von uns in Berlin schonend von Hand ger\u00f6stet.","publisher":{"@id":"https:\/\/www.roeststaette.com\/en\/#organization"},"potentialAction":[{"@type":"SearchAction","target":{"@type":"EntryPoint","urlTemplate":"https:\/\/www.roeststaette.com\/en\/?s={search_term_string}"},"query-input":"required name=search_term_string"}],"inLanguage":"en-US"},{"@type":"Organization","@id":"https:\/\/www.roeststaette.com\/en\/#organization","name":"R\u00f6stst\u00e4tte Berlin","url":"https:\/\/www.roeststaette.com\/en\/","logo":{"@type":"ImageObject","inLanguage":"en-US","@id":"https:\/\/www.roeststaette.com\/en\/#\/schema\/logo\/image\/","url":"https:\/\/www.roeststaette.com\/wp-content\/uploads\/2020\/04\/logo_nav_small_black.png","contentUrl":"https:\/\/www.roeststaette.com\/wp-content\/uploads\/2020\/04\/logo_nav_small_black.png","width":120,"height":78,"caption":"R\u00f6stst\u00e4tte Berlin"},"image":{"@id":"https:\/\/www.roeststaette.com\/en\/#\/schema\/logo\/image\/"},"sameAs":["https:\/\/www.facebook.com\/roeststaette\/","https:\/\/www.instagram.com\/roeststaetteberlin\/"]}]}},"_links":{"self":[{"href":"https:\/\/www.roeststaette.com\/en\/wp-json\/wp\/v2\/product\/32064"}],"collection":[{"href":"https:\/\/www.roeststaette.com\/en\/wp-json\/wp\/v2\/product"}],"about":[{"href":"https:\/\/www.roeststaette.com\/en\/wp-json\/wp\/v2\/types\/product"}],"replies":[{"embeddable":true,"href":"https:\/\/www.roeststaette.com\/en\/wp-json\/wp\/v2\/comments?post=32064"}],"version-history":[{"count":2,"href":"https:\/\/www.roeststaette.com\/en\/wp-json\/wp\/v2\/product\/32064\/revisions"}],"predecessor-version":[{"id":95848,"href":"https:\/\/www.roeststaette.com\/en\/wp-json\/wp\/v2\/product\/32064\/revisions\/95848"}],"wp:featuredmedia":[{"embeddable":true,"href":"https:\/\/www.roeststaette.com\/en\/wp-json\/wp\/v2\/media\/16750"}],"wp:attachment":[{"href":"https:\/\/www.roeststaette.com\/en\/wp-json\/wp\/v2\/media?parent=32064"}],"wp:term":[{"taxonomy":"product_cat","embeddable":true,"href":"https:\/\/www.roeststaette.com\/en\/wp-json\/wp\/v2\/product_cat?post=32064"},{"taxonomy":"product_tag","embeddable":true,"href":"https:\/\/www.roeststaette.com\/en\/wp-json\/wp\/v2\/product_tag?post=32064"}],"curies":[{"name":"wp","href":"https:\/\/api.w.org\/{rel}","templated":true}]}}