{"id":32040,"date":"2020-08-27T00:11:18","date_gmt":"2020-08-23T22:11:18","guid":{"rendered":"https:\/\/www.roeststaette.com\/product\/barista-basic\/"},"modified":"2026-05-04T15:22:08","modified_gmt":"2026-05-04T13:22:08","slug":"barista-basic","status":"publish","type":"product","link":"https:\/\/www.roeststaette.com\/en\/product\/barista-basic\/","title":{"rendered":"Barista Basic"},"content":{"rendered":"\n","protected":false},"excerpt":{"rendered":"<p>Barista workshop for beginners who want to get a taste of how to use a portafilter machine and learn about espresso preparation and specialty coffee. Together with our barista you will learn an exciting coffee knowledge, how to pull espresso shots and how to handle the portafilter machine for use at home.<\/p>\n","protected":false},"featured_media":33615,"comment_status":"open","ping_status":"closed","template":"","meta":{"footnotes":""},"product_cat":[645],"product_tag":[],"class_list":["post-32040","product","type-product","status-publish","has-post-thumbnail","hentry","product_cat-trainigs-homeuser","product_shipping_class-free-shipping"],"acf":[],"yoast_head":"<!-- This site is optimized with the Yoast SEO plugin v27.5 - https:\/\/yoast.com\/product\/yoast-seo-wordpress\/ -->\n<title>Barista Basic Training Berlin | R\u00f6stst\u00e4tte Berlin<\/title>\n<meta name=\"description\" content=\"Barista Basic Education &amp; Training at our Barista Academy in Berlin. Learn all the basics of using an espresso machine &amp; grinder.\" \/>\n<meta name=\"robots\" content=\"index, follow, max-snippet:-1, max-image-preview:large, max-video-preview:-1\" \/>\n<link rel=\"canonical\" href=\"https:\/\/www.roeststaette.com\/en\/product\/barista-basic\/\" \/>\n<meta property=\"og:locale\" content=\"en_US\" \/>\n<meta property=\"og:type\" content=\"article\" \/>\n<meta property=\"og:title\" content=\"Barista Basic Training Berlin | R\u00f6stst\u00e4tte Berlin\" \/>\n<meta property=\"og:description\" content=\"Barista Basic Education &amp; Training at our Barista Academy in Berlin. Learn all the basics of using an espresso machine &amp; grinder.\" \/>\n<meta property=\"og:url\" content=\"https:\/\/www.roeststaette.com\/en\/product\/barista-basic\/\" \/>\n<meta property=\"og:site_name\" content=\"R\u00f6stst\u00e4tte Berlin\" \/>\n<meta property=\"article:publisher\" content=\"https:\/\/www.facebook.com\/roeststaette\/\" \/>\n<meta property=\"article:modified_time\" content=\"2026-05-04T13:22:08+00:00\" \/>\n<meta property=\"og:image\" content=\"https:\/\/www.roeststaette.com\/wp-content\/uploads\/2020\/08\/Airscape_Kaffeedose_1440x660.002.jpeg\" \/>\n\t<meta property=\"og:image:width\" content=\"1440\" \/>\n\t<meta property=\"og:image:height\" content=\"660\" \/>\n\t<meta property=\"og:image:type\" content=\"image\/jpeg\" \/>\n<meta name=\"twitter:card\" content=\"summary_large_image\" \/>\n<meta name=\"twitter:label1\" content=\"Est. reading time\" \/>\n\t<meta name=\"twitter:data1\" content=\"1 minute\" \/>\n<script type=\"application\/ld+json\" class=\"yoast-schema-graph\">{\"@context\":\"https:\\\/\\\/schema.org\",\"@graph\":[{\"@type\":\"WebPage\",\"@id\":\"https:\\\/\\\/www.roeststaette.com\\\/en\\\/product\\\/barista-basic\\\/\",\"url\":\"https:\\\/\\\/www.roeststaette.com\\\/en\\\/product\\\/barista-basic\\\/\",\"name\":\"Barista Basic Training Berlin | R\u00f6stst\u00e4tte Berlin\",\"isPartOf\":{\"@id\":\"https:\\\/\\\/www.roeststaette.com\\\/en\\\/#website\"},\"primaryImageOfPage\":{\"@id\":\"https:\\\/\\\/www.roeststaette.com\\\/en\\\/product\\\/barista-basic\\\/#primaryimage\"},\"image\":{\"@id\":\"https:\\\/\\\/www.roeststaette.com\\\/en\\\/product\\\/barista-basic\\\/#primaryimage\"},\"thumbnailUrl\":\"https:\\\/\\\/www.roeststaette.com\\\/wp-content\\\/uploads\\\/2020\\\/08\\\/Airscape_Kaffeedose_1440x660.002.jpeg\",\"datePublished\":\"2020-08-23T22:11:18+00:00\",\"dateModified\":\"2026-05-04T13:22:08+00:00\",\"description\":\"Barista Basic Education & Training at our Barista Academy in Berlin. Learn all the basics of using an espresso machine & grinder.\",\"breadcrumb\":{\"@id\":\"https:\\\/\\\/www.roeststaette.com\\\/en\\\/product\\\/barista-basic\\\/#breadcrumb\"},\"inLanguage\":\"en-US\",\"potentialAction\":[{\"@type\":\"ReadAction\",\"target\":[\"https:\\\/\\\/www.roeststaette.com\\\/en\\\/product\\\/barista-basic\\\/\"]}]},{\"@type\":\"ImageObject\",\"inLanguage\":\"en-US\",\"@id\":\"https:\\\/\\\/www.roeststaette.com\\\/en\\\/product\\\/barista-basic\\\/#primaryimage\",\"url\":\"https:\\\/\\\/www.roeststaette.com\\\/wp-content\\\/uploads\\\/2020\\\/08\\\/Airscape_Kaffeedose_1440x660.002.jpeg\",\"contentUrl\":\"https:\\\/\\\/www.roeststaette.com\\\/wp-content\\\/uploads\\\/2020\\\/08\\\/Airscape_Kaffeedose_1440x660.002.jpeg\",\"width\":1440,\"height\":660,\"caption\":\"Barista Basic training Berlin: tamping in action.\"},{\"@type\":\"BreadcrumbList\",\"@id\":\"https:\\\/\\\/www.roeststaette.com\\\/en\\\/product\\\/barista-basic\\\/#breadcrumb\",\"itemListElement\":[{\"@type\":\"ListItem\",\"position\":1,\"name\":\"Startseite\",\"item\":\"https:\\\/\\\/www.roeststaette.com\\\/en\\\/https-www-roeststaette-com-en\\\/\"},{\"@type\":\"ListItem\",\"position\":2,\"name\":\"Products\",\"item\":\"https:\\\/\\\/www.roeststaette.com\\\/en\\\/shop\\\/\"},{\"@type\":\"ListItem\",\"position\":3,\"name\":\"Barista Basic\"}]},{\"@type\":\"WebSite\",\"@id\":\"https:\\\/\\\/www.roeststaette.com\\\/en\\\/#website\",\"url\":\"https:\\\/\\\/www.roeststaette.com\\\/en\\\/\",\"name\":\"R\u00f6stst\u00e4tte Berlin\",\"description\":\"R\u00f6stst\u00e4tte Kaffees sind 100% Arabica Kaffees und werden von uns in Berlin schonend von Hand ger\u00f6stet.\",\"publisher\":{\"@id\":\"https:\\\/\\\/www.roeststaette.com\\\/en\\\/#organization\"},\"potentialAction\":[{\"@type\":\"SearchAction\",\"target\":{\"@type\":\"EntryPoint\",\"urlTemplate\":\"https:\\\/\\\/www.roeststaette.com\\\/en\\\/?s={search_term_string}\"},\"query-input\":{\"@type\":\"PropertyValueSpecification\",\"valueRequired\":true,\"valueName\":\"search_term_string\"}}],\"inLanguage\":\"en-US\"},{\"@type\":\"Organization\",\"@id\":\"https:\\\/\\\/www.roeststaette.com\\\/en\\\/#organization\",\"name\":\"R\u00f6stst\u00e4tte Berlin\",\"url\":\"https:\\\/\\\/www.roeststaette.com\\\/en\\\/\",\"logo\":{\"@type\":\"ImageObject\",\"inLanguage\":\"en-US\",\"@id\":\"https:\\\/\\\/www.roeststaette.com\\\/en\\\/#\\\/schema\\\/logo\\\/image\\\/\",\"url\":\"https:\\\/\\\/www.roeststaette.com\\\/wp-content\\\/uploads\\\/2020\\\/04\\\/logo_nav_small_black.png\",\"contentUrl\":\"https:\\\/\\\/www.roeststaette.com\\\/wp-content\\\/uploads\\\/2020\\\/04\\\/logo_nav_small_black.png\",\"width\":120,\"height\":78,\"caption\":\"R\u00f6stst\u00e4tte Berlin\"},\"image\":{\"@id\":\"https:\\\/\\\/www.roeststaette.com\\\/en\\\/#\\\/schema\\\/logo\\\/image\\\/\"},\"sameAs\":[\"https:\\\/\\\/www.facebook.com\\\/roeststaette\\\/\",\"https:\\\/\\\/www.instagram.com\\\/roeststaetteberlin\\\/\"]}]}<\/script>\n<!-- \/ Yoast SEO plugin. -->","yoast_head_json":{"title":"Barista Basic Training Berlin | R\u00f6stst\u00e4tte Berlin","description":"Barista Basic Education & Training at our Barista Academy in Berlin. Learn all the basics of using an espresso machine & grinder.","robots":{"index":"index","follow":"follow","max-snippet":"max-snippet:-1","max-image-preview":"max-image-preview:large","max-video-preview":"max-video-preview:-1"},"canonical":"https:\/\/www.roeststaette.com\/en\/product\/barista-basic\/","og_locale":"en_US","og_type":"article","og_title":"Barista Basic Training Berlin | R\u00f6stst\u00e4tte Berlin","og_description":"Barista Basic Education & Training at our Barista Academy in Berlin. Learn all the basics of using an espresso machine & grinder.","og_url":"https:\/\/www.roeststaette.com\/en\/product\/barista-basic\/","og_site_name":"R\u00f6stst\u00e4tte Berlin","article_publisher":"https:\/\/www.facebook.com\/roeststaette\/","article_modified_time":"2026-05-04T13:22:08+00:00","og_image":[{"width":1440,"height":660,"url":"https:\/\/www.roeststaette.com\/wp-content\/uploads\/2020\/08\/Airscape_Kaffeedose_1440x660.002.jpeg","type":"image\/jpeg"}],"twitter_card":"summary_large_image","twitter_misc":{"Est. reading time":"1 minute"},"schema":{"@context":"https:\/\/schema.org","@graph":[{"@type":"WebPage","@id":"https:\/\/www.roeststaette.com\/en\/product\/barista-basic\/","url":"https:\/\/www.roeststaette.com\/en\/product\/barista-basic\/","name":"Barista Basic Training Berlin | R\u00f6stst\u00e4tte Berlin","isPartOf":{"@id":"https:\/\/www.roeststaette.com\/en\/#website"},"primaryImageOfPage":{"@id":"https:\/\/www.roeststaette.com\/en\/product\/barista-basic\/#primaryimage"},"image":{"@id":"https:\/\/www.roeststaette.com\/en\/product\/barista-basic\/#primaryimage"},"thumbnailUrl":"https:\/\/www.roeststaette.com\/wp-content\/uploads\/2020\/08\/Airscape_Kaffeedose_1440x660.002.jpeg","datePublished":"2020-08-23T22:11:18+00:00","dateModified":"2026-05-04T13:22:08+00:00","description":"Barista Basic Education & Training at our Barista Academy in Berlin. Learn all the basics of using an espresso machine & grinder.","breadcrumb":{"@id":"https:\/\/www.roeststaette.com\/en\/product\/barista-basic\/#breadcrumb"},"inLanguage":"en-US","potentialAction":[{"@type":"ReadAction","target":["https:\/\/www.roeststaette.com\/en\/product\/barista-basic\/"]}]},{"@type":"ImageObject","inLanguage":"en-US","@id":"https:\/\/www.roeststaette.com\/en\/product\/barista-basic\/#primaryimage","url":"https:\/\/www.roeststaette.com\/wp-content\/uploads\/2020\/08\/Airscape_Kaffeedose_1440x660.002.jpeg","contentUrl":"https:\/\/www.roeststaette.com\/wp-content\/uploads\/2020\/08\/Airscape_Kaffeedose_1440x660.002.jpeg","width":1440,"height":660,"caption":"Barista Basic training Berlin: tamping in action."},{"@type":"BreadcrumbList","@id":"https:\/\/www.roeststaette.com\/en\/product\/barista-basic\/#breadcrumb","itemListElement":[{"@type":"ListItem","position":1,"name":"Startseite","item":"https:\/\/www.roeststaette.com\/en\/https-www-roeststaette-com-en\/"},{"@type":"ListItem","position":2,"name":"Products","item":"https:\/\/www.roeststaette.com\/en\/shop\/"},{"@type":"ListItem","position":3,"name":"Barista Basic"}]},{"@type":"WebSite","@id":"https:\/\/www.roeststaette.com\/en\/#website","url":"https:\/\/www.roeststaette.com\/en\/","name":"R\u00f6stst\u00e4tte Berlin","description":"R\u00f6stst\u00e4tte Kaffees sind 100% Arabica Kaffees und werden von uns in Berlin schonend von Hand ger\u00f6stet.","publisher":{"@id":"https:\/\/www.roeststaette.com\/en\/#organization"},"potentialAction":[{"@type":"SearchAction","target":{"@type":"EntryPoint","urlTemplate":"https:\/\/www.roeststaette.com\/en\/?s={search_term_string}"},"query-input":{"@type":"PropertyValueSpecification","valueRequired":true,"valueName":"search_term_string"}}],"inLanguage":"en-US"},{"@type":"Organization","@id":"https:\/\/www.roeststaette.com\/en\/#organization","name":"R\u00f6stst\u00e4tte Berlin","url":"https:\/\/www.roeststaette.com\/en\/","logo":{"@type":"ImageObject","inLanguage":"en-US","@id":"https:\/\/www.roeststaette.com\/en\/#\/schema\/logo\/image\/","url":"https:\/\/www.roeststaette.com\/wp-content\/uploads\/2020\/04\/logo_nav_small_black.png","contentUrl":"https:\/\/www.roeststaette.com\/wp-content\/uploads\/2020\/04\/logo_nav_small_black.png","width":120,"height":78,"caption":"R\u00f6stst\u00e4tte Berlin"},"image":{"@id":"https:\/\/www.roeststaette.com\/en\/#\/schema\/logo\/image\/"},"sameAs":["https:\/\/www.facebook.com\/roeststaette\/","https:\/\/www.instagram.com\/roeststaetteberlin\/"]}]}},"_links":{"self":[{"href":"https:\/\/www.roeststaette.com\/en\/wp-json\/wp\/v2\/product\/32040","targetHints":{"allow":["GET"]}}],"collection":[{"href":"https:\/\/www.roeststaette.com\/en\/wp-json\/wp\/v2\/product"}],"about":[{"href":"https:\/\/www.roeststaette.com\/en\/wp-json\/wp\/v2\/types\/product"}],"replies":[{"embeddable":true,"href":"https:\/\/www.roeststaette.com\/en\/wp-json\/wp\/v2\/comments?post=32040"}],"version-history":[{"count":0,"href":"https:\/\/www.roeststaette.com\/en\/wp-json\/wp\/v2\/product\/32040\/revisions"}],"wp:featuredmedia":[{"embeddable":true,"href":"https:\/\/www.roeststaette.com\/en\/wp-json\/wp\/v2\/media\/33615"}],"wp:attachment":[{"href":"https:\/\/www.roeststaette.com\/en\/wp-json\/wp\/v2\/media?parent=32040"}],"wp:term":[{"taxonomy":"product_cat","embeddable":true,"href":"https:\/\/www.roeststaette.com\/en\/wp-json\/wp\/v2\/product_cat?post=32040"},{"taxonomy":"product_tag","embeddable":true,"href":"https:\/\/www.roeststaette.com\/en\/wp-json\/wp\/v2\/product_tag?post=32040"}],"curies":[{"name":"wp","href":"https:\/\/api.w.org\/{rel}","templated":true}]}}