{"id":92430,"date":"2025-03-18T10:11:21","date_gmt":"2025-03-18T09:11:21","guid":{"rendered":"https:\/\/www.roeststaette.com\/wholesale\/detail\/mahlkoenig-e65w-gbs\/"},"modified":"2025-10-21T12:10:09","modified_gmt":"2025-10-21T10:10:09","slug":"mahlkoenig-e65w-gbs","status":"publish","type":"page","link":"https:\/\/www.roeststaette.com\/en\/wholesale\/detail\/mahlkoenig-e65w-gbs\/","title":{"rendered":"Mahlk\u00f6nig E65W GbS"},"content":{"rendered":"","protected":false},"excerpt":{"rendered":"","protected":false},"author":5563,"featured_media":0,"parent":25702,"menu_order":10,"comment_status":"closed","ping_status":"closed","template":"template-gastro-detail.php","meta":{"footnotes":""},"class_list":["post-92430","page","type-page","status-publish","hentry"],"acf":[],"yoast_head":"<!-- This site is optimized with the Yoast SEO plugin v27.5 - https:\/\/yoast.com\/product\/yoast-seo-wordpress\/ -->\n<title>Mahlk\u00f6nig E65W GbS Coffee Grinder I R\u00f6stst\u00e4tte Berlin<\/title>\n<meta name=\"description\" content=\"Mahlk\u00f6nig E65W GbS coffee grinder \u2713 65 mm steel grinding discs \u2713 Precise grinding results \u2713 Personalised advice \u2713 Grind by Sync technology\" \/>\n<meta name=\"robots\" content=\"index, follow, max-snippet:-1, max-image-preview:large, max-video-preview:-1\" \/>\n<link rel=\"canonical\" href=\"https:\/\/www.roeststaette.com\/en\/wholesale\/detail\/mahlkoenig-e65w-gbs\/\" \/>\n<meta property=\"og:locale\" content=\"en_US\" \/>\n<meta property=\"og:type\" content=\"article\" \/>\n<meta property=\"og:title\" content=\"Mahlk\u00f6nig E65W GbS Coffee Grinder I R\u00f6stst\u00e4tte Berlin\" \/>\n<meta property=\"og:description\" content=\"Mahlk\u00f6nig E65W GbS coffee grinder \u2713 65 mm steel grinding discs \u2713 Precise grinding results \u2713 Personalised advice \u2713 Grind by Sync technology\" \/>\n<meta property=\"og:url\" content=\"https:\/\/www.roeststaette.com\/en\/wholesale\/detail\/mahlkoenig-e65w-gbs\/\" \/>\n<meta property=\"og:site_name\" content=\"R\u00f6stst\u00e4tte Berlin\" \/>\n<meta property=\"article:publisher\" content=\"https:\/\/www.facebook.com\/roeststaette\/\" \/>\n<meta property=\"article:modified_time\" content=\"2025-10-21T10:10:09+00:00\" \/>\n<meta property=\"og:image\" content=\"https:\/\/www.roeststaette.com\/wp-content\/uploads\/2020\/04\/logo_nav_small_black.png\" \/>\n\t<meta property=\"og:image:width\" content=\"120\" \/>\n\t<meta property=\"og:image:height\" content=\"78\" \/>\n\t<meta property=\"og:image:type\" content=\"image\/png\" \/>\n<meta name=\"twitter:card\" content=\"summary_large_image\" \/>\n<script type=\"application\/ld+json\" class=\"yoast-schema-graph\">{\"@context\":\"https:\\\/\\\/schema.org\",\"@graph\":[{\"@type\":\"WebPage\",\"@id\":\"https:\\\/\\\/www.roeststaette.com\\\/en\\\/wholesale\\\/detail\\\/mahlkoenig-e65w-gbs\\\/\",\"url\":\"https:\\\/\\\/www.roeststaette.com\\\/en\\\/wholesale\\\/detail\\\/mahlkoenig-e65w-gbs\\\/\",\"name\":\"Mahlk\u00f6nig E65W GbS Coffee Grinder I R\u00f6stst\u00e4tte Berlin\",\"isPartOf\":{\"@id\":\"https:\\\/\\\/www.roeststaette.com\\\/en\\\/#website\"},\"datePublished\":\"2025-03-18T09:11:21+00:00\",\"dateModified\":\"2025-10-21T10:10:09+00:00\",\"description\":\"Mahlk\u00f6nig E65W GbS coffee grinder \u2713 65 mm steel grinding discs \u2713 Precise grinding results \u2713 Personalised advice \u2713 Grind by Sync technology\",\"breadcrumb\":{\"@id\":\"https:\\\/\\\/www.roeststaette.com\\\/en\\\/wholesale\\\/detail\\\/mahlkoenig-e65w-gbs\\\/#breadcrumb\"},\"inLanguage\":\"en-US\",\"potentialAction\":[{\"@type\":\"ReadAction\",\"target\":[\"https:\\\/\\\/www.roeststaette.com\\\/en\\\/wholesale\\\/detail\\\/mahlkoenig-e65w-gbs\\\/\"]}]},{\"@type\":\"BreadcrumbList\",\"@id\":\"https:\\\/\\\/www.roeststaette.com\\\/en\\\/wholesale\\\/detail\\\/mahlkoenig-e65w-gbs\\\/#breadcrumb\",\"itemListElement\":[{\"@type\":\"ListItem\",\"position\":1,\"name\":\"Startseite\",\"item\":\"https:\\\/\\\/www.roeststaette.com\\\/en\\\/https-www-roeststaette-com-en\\\/\"},{\"@type\":\"ListItem\",\"position\":2,\"name\":\"Wholesale\",\"item\":\"https:\\\/\\\/www.roeststaette.com\\\/en\\\/wholesale\\\/\"},{\"@type\":\"ListItem\",\"position\":3,\"name\":\"Gastro Detail\",\"item\":\"https:\\\/\\\/www.roeststaette.com\\\/en\\\/wholesale\\\/detail\\\/\"},{\"@type\":\"ListItem\",\"position\":4,\"name\":\"Mahlk\u00f6nig E65W GbS\"}]},{\"@type\":\"WebSite\",\"@id\":\"https:\\\/\\\/www.roeststaette.com\\\/en\\\/#website\",\"url\":\"https:\\\/\\\/www.roeststaette.com\\\/en\\\/\",\"name\":\"R\u00f6stst\u00e4tte Berlin\",\"description\":\"R\u00f6stst\u00e4tte Kaffees sind 100% Arabica Kaffees und werden von uns in Berlin schonend von Hand ger\u00f6stet.\",\"publisher\":{\"@id\":\"https:\\\/\\\/www.roeststaette.com\\\/en\\\/#organization\"},\"potentialAction\":[{\"@type\":\"SearchAction\",\"target\":{\"@type\":\"EntryPoint\",\"urlTemplate\":\"https:\\\/\\\/www.roeststaette.com\\\/en\\\/?s={search_term_string}\"},\"query-input\":{\"@type\":\"PropertyValueSpecification\",\"valueRequired\":true,\"valueName\":\"search_term_string\"}}],\"inLanguage\":\"en-US\"},{\"@type\":\"Organization\",\"@id\":\"https:\\\/\\\/www.roeststaette.com\\\/en\\\/#organization\",\"name\":\"R\u00f6stst\u00e4tte Berlin\",\"url\":\"https:\\\/\\\/www.roeststaette.com\\\/en\\\/\",\"logo\":{\"@type\":\"ImageObject\",\"inLanguage\":\"en-US\",\"@id\":\"https:\\\/\\\/www.roeststaette.com\\\/en\\\/#\\\/schema\\\/logo\\\/image\\\/\",\"url\":\"https:\\\/\\\/www.roeststaette.com\\\/wp-content\\\/uploads\\\/2020\\\/04\\\/logo_nav_small_black.png\",\"contentUrl\":\"https:\\\/\\\/www.roeststaette.com\\\/wp-content\\\/uploads\\\/2020\\\/04\\\/logo_nav_small_black.png\",\"width\":120,\"height\":78,\"caption\":\"R\u00f6stst\u00e4tte Berlin\"},\"image\":{\"@id\":\"https:\\\/\\\/www.roeststaette.com\\\/en\\\/#\\\/schema\\\/logo\\\/image\\\/\"},\"sameAs\":[\"https:\\\/\\\/www.facebook.com\\\/roeststaette\\\/\",\"https:\\\/\\\/www.instagram.com\\\/roeststaetteberlin\\\/\"]}]}<\/script>\n<!-- \/ Yoast SEO plugin. -->","yoast_head_json":{"title":"Mahlk\u00f6nig E65W GbS Coffee Grinder I R\u00f6stst\u00e4tte Berlin","description":"Mahlk\u00f6nig E65W GbS coffee grinder \u2713 65 mm steel grinding discs \u2713 Precise grinding results \u2713 Personalised advice \u2713 Grind by Sync technology","robots":{"index":"index","follow":"follow","max-snippet":"max-snippet:-1","max-image-preview":"max-image-preview:large","max-video-preview":"max-video-preview:-1"},"canonical":"https:\/\/www.roeststaette.com\/en\/wholesale\/detail\/mahlkoenig-e65w-gbs\/","og_locale":"en_US","og_type":"article","og_title":"Mahlk\u00f6nig E65W GbS Coffee Grinder I R\u00f6stst\u00e4tte Berlin","og_description":"Mahlk\u00f6nig E65W GbS coffee grinder \u2713 65 mm steel grinding discs \u2713 Precise grinding results \u2713 Personalised advice \u2713 Grind by Sync technology","og_url":"https:\/\/www.roeststaette.com\/en\/wholesale\/detail\/mahlkoenig-e65w-gbs\/","og_site_name":"R\u00f6stst\u00e4tte Berlin","article_publisher":"https:\/\/www.facebook.com\/roeststaette\/","article_modified_time":"2025-10-21T10:10:09+00:00","og_image":[{"width":120,"height":78,"url":"https:\/\/www.roeststaette.com\/wp-content\/uploads\/2020\/04\/logo_nav_small_black.png","type":"image\/png"}],"twitter_card":"summary_large_image","schema":{"@context":"https:\/\/schema.org","@graph":[{"@type":"WebPage","@id":"https:\/\/www.roeststaette.com\/en\/wholesale\/detail\/mahlkoenig-e65w-gbs\/","url":"https:\/\/www.roeststaette.com\/en\/wholesale\/detail\/mahlkoenig-e65w-gbs\/","name":"Mahlk\u00f6nig E65W GbS Coffee Grinder I R\u00f6stst\u00e4tte Berlin","isPartOf":{"@id":"https:\/\/www.roeststaette.com\/en\/#website"},"datePublished":"2025-03-18T09:11:21+00:00","dateModified":"2025-10-21T10:10:09+00:00","description":"Mahlk\u00f6nig E65W GbS coffee grinder \u2713 65 mm steel grinding discs \u2713 Precise grinding results \u2713 Personalised advice \u2713 Grind by Sync technology","breadcrumb":{"@id":"https:\/\/www.roeststaette.com\/en\/wholesale\/detail\/mahlkoenig-e65w-gbs\/#breadcrumb"},"inLanguage":"en-US","potentialAction":[{"@type":"ReadAction","target":["https:\/\/www.roeststaette.com\/en\/wholesale\/detail\/mahlkoenig-e65w-gbs\/"]}]},{"@type":"BreadcrumbList","@id":"https:\/\/www.roeststaette.com\/en\/wholesale\/detail\/mahlkoenig-e65w-gbs\/#breadcrumb","itemListElement":[{"@type":"ListItem","position":1,"name":"Startseite","item":"https:\/\/www.roeststaette.com\/en\/https-www-roeststaette-com-en\/"},{"@type":"ListItem","position":2,"name":"Wholesale","item":"https:\/\/www.roeststaette.com\/en\/wholesale\/"},{"@type":"ListItem","position":3,"name":"Gastro Detail","item":"https:\/\/www.roeststaette.com\/en\/wholesale\/detail\/"},{"@type":"ListItem","position":4,"name":"Mahlk\u00f6nig E65W GbS"}]},{"@type":"WebSite","@id":"https:\/\/www.roeststaette.com\/en\/#website","url":"https:\/\/www.roeststaette.com\/en\/","name":"R\u00f6stst\u00e4tte Berlin","description":"R\u00f6stst\u00e4tte Kaffees sind 100% Arabica Kaffees und werden von uns in Berlin schonend von Hand ger\u00f6stet.","publisher":{"@id":"https:\/\/www.roeststaette.com\/en\/#organization"},"potentialAction":[{"@type":"SearchAction","target":{"@type":"EntryPoint","urlTemplate":"https:\/\/www.roeststaette.com\/en\/?s={search_term_string}"},"query-input":{"@type":"PropertyValueSpecification","valueRequired":true,"valueName":"search_term_string"}}],"inLanguage":"en-US"},{"@type":"Organization","@id":"https:\/\/www.roeststaette.com\/en\/#organization","name":"R\u00f6stst\u00e4tte Berlin","url":"https:\/\/www.roeststaette.com\/en\/","logo":{"@type":"ImageObject","inLanguage":"en-US","@id":"https:\/\/www.roeststaette.com\/en\/#\/schema\/logo\/image\/","url":"https:\/\/www.roeststaette.com\/wp-content\/uploads\/2020\/04\/logo_nav_small_black.png","contentUrl":"https:\/\/www.roeststaette.com\/wp-content\/uploads\/2020\/04\/logo_nav_small_black.png","width":120,"height":78,"caption":"R\u00f6stst\u00e4tte Berlin"},"image":{"@id":"https:\/\/www.roeststaette.com\/en\/#\/schema\/logo\/image\/"},"sameAs":["https:\/\/www.facebook.com\/roeststaette\/","https:\/\/www.instagram.com\/roeststaetteberlin\/"]}]}},"_links":{"self":[{"href":"https:\/\/www.roeststaette.com\/en\/wp-json\/wp\/v2\/pages\/92430","targetHints":{"allow":["GET"]}}],"collection":[{"href":"https:\/\/www.roeststaette.com\/en\/wp-json\/wp\/v2\/pages"}],"about":[{"href":"https:\/\/www.roeststaette.com\/en\/wp-json\/wp\/v2\/types\/page"}],"author":[{"embeddable":true,"href":"https:\/\/www.roeststaette.com\/en\/wp-json\/wp\/v2\/users\/5563"}],"replies":[{"embeddable":true,"href":"https:\/\/www.roeststaette.com\/en\/wp-json\/wp\/v2\/comments?post=92430"}],"version-history":[{"count":0,"href":"https:\/\/www.roeststaette.com\/en\/wp-json\/wp\/v2\/pages\/92430\/revisions"}],"up":[{"embeddable":true,"href":"https:\/\/www.roeststaette.com\/en\/wp-json\/wp\/v2\/pages\/25702"}],"wp:attachment":[{"href":"https:\/\/www.roeststaette.com\/en\/wp-json\/wp\/v2\/media?parent=92430"}],"curies":[{"name":"wp","href":"https:\/\/api.w.org\/{rel}","templated":true}]}}