{"id":42800,"date":"2022-10-27T14:37:55","date_gmt":"2022-10-27T12:37:55","guid":{"rendered":"https:\/\/www.roeststaette.com\/rs-shop\/buero\/"},"modified":"2024-09-19T14:43:10","modified_gmt":"2024-09-19T12:43:10","slug":"office","status":"publish","type":"page","link":"https:\/\/www.roeststaette.com\/en\/rs-shop\/office\/","title":{"rendered":"Office"},"content":{"rendered":"","protected":false},"excerpt":{"rendered":"","protected":false},"author":5563,"featured_media":36264,"parent":25660,"menu_order":23,"comment_status":"closed","ping_status":"closed","template":"archive-product.php","meta":{"footnotes":""},"class_list":["post-42800","page","type-page","status-publish","has-post-thumbnail","hentry"],"acf":[],"yoast_head":"<!-- This site is optimized with the Yoast SEO plugin v27.5 - https:\/\/yoast.com\/product\/yoast-seo-wordpress\/ -->\n<title>Coffee for your office | Freshly roasted | R\u00f6stst\u00e4tte Berlin<\/title>\n<meta name=\"description\" content=\"Coffee for your office: With our Gastro offers without contract commitment at a special price, you always have freshly roasted coffee in your office.\" \/>\n<meta name=\"robots\" content=\"index, follow, max-snippet:-1, max-image-preview:large, max-video-preview:-1\" \/>\n<link rel=\"canonical\" href=\"https:\/\/www.roeststaette.com\/en\/rs-shop\/office\/\" \/>\n<meta property=\"og:locale\" content=\"en_US\" \/>\n<meta property=\"og:type\" content=\"article\" \/>\n<meta property=\"og:title\" content=\"Coffee for your office | Freshly roasted | R\u00f6stst\u00e4tte Berlin\" \/>\n<meta property=\"og:description\" content=\"Coffee for your office: With our Gastro offers without contract commitment at a special price, you always have freshly roasted coffee in your office.\" \/>\n<meta property=\"og:url\" content=\"https:\/\/www.roeststaette.com\/en\/rs-shop\/office\/\" \/>\n<meta property=\"og:site_name\" content=\"R\u00f6stst\u00e4tte Berlin\" \/>\n<meta property=\"article:publisher\" content=\"https:\/\/www.facebook.com\/roeststaette\/\" \/>\n<meta property=\"article:modified_time\" content=\"2024-09-19T12:43:10+00:00\" \/>\n<meta property=\"og:image\" content=\"https:\/\/www.roeststaette.com\/wp-content\/uploads\/2022\/10\/Geschenkideen-Oktober-2022_1440x660.005.jpeg\" \/>\n\t<meta property=\"og:image:width\" content=\"1440\" \/>\n\t<meta property=\"og:image:height\" content=\"810\" \/>\n\t<meta property=\"og:image:type\" content=\"image\/jpeg\" \/>\n<meta name=\"twitter:card\" content=\"summary_large_image\" \/>\n<meta name=\"twitter:label1\" content=\"Est. reading time\" \/>\n\t<meta name=\"twitter:data1\" content=\"1 minute\" \/>\n<script type=\"application\/ld+json\" class=\"yoast-schema-graph\">{\"@context\":\"https:\\\/\\\/schema.org\",\"@graph\":[{\"@type\":\"WebPage\",\"@id\":\"https:\\\/\\\/www.roeststaette.com\\\/en\\\/rs-shop\\\/office\\\/\",\"url\":\"https:\\\/\\\/www.roeststaette.com\\\/en\\\/rs-shop\\\/office\\\/\",\"name\":\"Coffee for your office | Freshly roasted | R\u00f6stst\u00e4tte Berlin\",\"isPartOf\":{\"@id\":\"https:\\\/\\\/www.roeststaette.com\\\/en\\\/#website\"},\"primaryImageOfPage\":{\"@id\":\"https:\\\/\\\/www.roeststaette.com\\\/en\\\/rs-shop\\\/office\\\/#primaryimage\"},\"image\":{\"@id\":\"https:\\\/\\\/www.roeststaette.com\\\/en\\\/rs-shop\\\/office\\\/#primaryimage\"},\"thumbnailUrl\":\"https:\\\/\\\/www.roeststaette.com\\\/wp-content\\\/uploads\\\/2022\\\/10\\\/Geschenkideen-Oktober-2022_1440x660.005.jpeg\",\"datePublished\":\"2022-10-27T12:37:55+00:00\",\"dateModified\":\"2024-09-19T12:43:10+00:00\",\"description\":\"Coffee for your office: With our Gastro offers without contract commitment at a special price, you always have freshly roasted coffee in your office.\",\"breadcrumb\":{\"@id\":\"https:\\\/\\\/www.roeststaette.com\\\/en\\\/rs-shop\\\/office\\\/#breadcrumb\"},\"inLanguage\":\"en-US\",\"potentialAction\":[{\"@type\":\"ReadAction\",\"target\":[\"https:\\\/\\\/www.roeststaette.com\\\/en\\\/rs-shop\\\/office\\\/\"]}]},{\"@type\":\"ImageObject\",\"inLanguage\":\"en-US\",\"@id\":\"https:\\\/\\\/www.roeststaette.com\\\/en\\\/rs-shop\\\/office\\\/#primaryimage\",\"url\":\"https:\\\/\\\/www.roeststaette.com\\\/wp-content\\\/uploads\\\/2022\\\/10\\\/Geschenkideen-Oktober-2022_1440x660.005.jpeg\",\"contentUrl\":\"https:\\\/\\\/www.roeststaette.com\\\/wp-content\\\/uploads\\\/2022\\\/10\\\/Geschenkideen-Oktober-2022_1440x660.005.jpeg\",\"width\":1440,\"height\":810,\"caption\":\"Kaffee f\u00fcr dein B\u00fcro: R\u00f6stst\u00e4tte Kaffee Pakete.\"},{\"@type\":\"BreadcrumbList\",\"@id\":\"https:\\\/\\\/www.roeststaette.com\\\/en\\\/rs-shop\\\/office\\\/#breadcrumb\",\"itemListElement\":[{\"@type\":\"ListItem\",\"position\":1,\"name\":\"Startseite\",\"item\":\"https:\\\/\\\/www.roeststaette.com\\\/en\\\/https-www-roeststaette-com-en\\\/\"},{\"@type\":\"ListItem\",\"position\":2,\"name\":\"Shop\",\"item\":\"https:\\\/\\\/www.roeststaette.com\\\/en\\\/rs-shop\\\/\"},{\"@type\":\"ListItem\",\"position\":3,\"name\":\"Office\"}]},{\"@type\":\"WebSite\",\"@id\":\"https:\\\/\\\/www.roeststaette.com\\\/en\\\/#website\",\"url\":\"https:\\\/\\\/www.roeststaette.com\\\/en\\\/\",\"name\":\"R\u00f6stst\u00e4tte Berlin\",\"description\":\"R\u00f6stst\u00e4tte Kaffees sind 100% Arabica Kaffees und werden von uns in Berlin schonend von Hand ger\u00f6stet.\",\"publisher\":{\"@id\":\"https:\\\/\\\/www.roeststaette.com\\\/en\\\/#organization\"},\"potentialAction\":[{\"@type\":\"SearchAction\",\"target\":{\"@type\":\"EntryPoint\",\"urlTemplate\":\"https:\\\/\\\/www.roeststaette.com\\\/en\\\/?s={search_term_string}\"},\"query-input\":{\"@type\":\"PropertyValueSpecification\",\"valueRequired\":true,\"valueName\":\"search_term_string\"}}],\"inLanguage\":\"en-US\"},{\"@type\":\"Organization\",\"@id\":\"https:\\\/\\\/www.roeststaette.com\\\/en\\\/#organization\",\"name\":\"R\u00f6stst\u00e4tte Berlin\",\"url\":\"https:\\\/\\\/www.roeststaette.com\\\/en\\\/\",\"logo\":{\"@type\":\"ImageObject\",\"inLanguage\":\"en-US\",\"@id\":\"https:\\\/\\\/www.roeststaette.com\\\/en\\\/#\\\/schema\\\/logo\\\/image\\\/\",\"url\":\"https:\\\/\\\/www.roeststaette.com\\\/wp-content\\\/uploads\\\/2020\\\/04\\\/logo_nav_small_black.png\",\"contentUrl\":\"https:\\\/\\\/www.roeststaette.com\\\/wp-content\\\/uploads\\\/2020\\\/04\\\/logo_nav_small_black.png\",\"width\":120,\"height\":78,\"caption\":\"R\u00f6stst\u00e4tte Berlin\"},\"image\":{\"@id\":\"https:\\\/\\\/www.roeststaette.com\\\/en\\\/#\\\/schema\\\/logo\\\/image\\\/\"},\"sameAs\":[\"https:\\\/\\\/www.facebook.com\\\/roeststaette\\\/\",\"https:\\\/\\\/www.instagram.com\\\/roeststaetteberlin\\\/\"]}]}<\/script>\n<!-- \/ Yoast SEO plugin. -->","yoast_head_json":{"title":"Coffee for your office | Freshly roasted | R\u00f6stst\u00e4tte Berlin","description":"Coffee for your office: With our Gastro offers without contract commitment at a special price, you always have freshly roasted coffee in your office.","robots":{"index":"index","follow":"follow","max-snippet":"max-snippet:-1","max-image-preview":"max-image-preview:large","max-video-preview":"max-video-preview:-1"},"canonical":"https:\/\/www.roeststaette.com\/en\/rs-shop\/office\/","og_locale":"en_US","og_type":"article","og_title":"Coffee for your office | Freshly roasted | R\u00f6stst\u00e4tte Berlin","og_description":"Coffee for your office: With our Gastro offers without contract commitment at a special price, you always have freshly roasted coffee in your office.","og_url":"https:\/\/www.roeststaette.com\/en\/rs-shop\/office\/","og_site_name":"R\u00f6stst\u00e4tte Berlin","article_publisher":"https:\/\/www.facebook.com\/roeststaette\/","article_modified_time":"2024-09-19T12:43:10+00:00","og_image":[{"width":1440,"height":810,"url":"https:\/\/www.roeststaette.com\/wp-content\/uploads\/2022\/10\/Geschenkideen-Oktober-2022_1440x660.005.jpeg","type":"image\/jpeg"}],"twitter_card":"summary_large_image","twitter_misc":{"Est. reading time":"1 minute"},"schema":{"@context":"https:\/\/schema.org","@graph":[{"@type":"WebPage","@id":"https:\/\/www.roeststaette.com\/en\/rs-shop\/office\/","url":"https:\/\/www.roeststaette.com\/en\/rs-shop\/office\/","name":"Coffee for your office | Freshly roasted | R\u00f6stst\u00e4tte Berlin","isPartOf":{"@id":"https:\/\/www.roeststaette.com\/en\/#website"},"primaryImageOfPage":{"@id":"https:\/\/www.roeststaette.com\/en\/rs-shop\/office\/#primaryimage"},"image":{"@id":"https:\/\/www.roeststaette.com\/en\/rs-shop\/office\/#primaryimage"},"thumbnailUrl":"https:\/\/www.roeststaette.com\/wp-content\/uploads\/2022\/10\/Geschenkideen-Oktober-2022_1440x660.005.jpeg","datePublished":"2022-10-27T12:37:55+00:00","dateModified":"2024-09-19T12:43:10+00:00","description":"Coffee for your office: With our Gastro offers without contract commitment at a special price, you always have freshly roasted coffee in your office.","breadcrumb":{"@id":"https:\/\/www.roeststaette.com\/en\/rs-shop\/office\/#breadcrumb"},"inLanguage":"en-US","potentialAction":[{"@type":"ReadAction","target":["https:\/\/www.roeststaette.com\/en\/rs-shop\/office\/"]}]},{"@type":"ImageObject","inLanguage":"en-US","@id":"https:\/\/www.roeststaette.com\/en\/rs-shop\/office\/#primaryimage","url":"https:\/\/www.roeststaette.com\/wp-content\/uploads\/2022\/10\/Geschenkideen-Oktober-2022_1440x660.005.jpeg","contentUrl":"https:\/\/www.roeststaette.com\/wp-content\/uploads\/2022\/10\/Geschenkideen-Oktober-2022_1440x660.005.jpeg","width":1440,"height":810,"caption":"Kaffee f\u00fcr dein B\u00fcro: R\u00f6stst\u00e4tte Kaffee Pakete."},{"@type":"BreadcrumbList","@id":"https:\/\/www.roeststaette.com\/en\/rs-shop\/office\/#breadcrumb","itemListElement":[{"@type":"ListItem","position":1,"name":"Startseite","item":"https:\/\/www.roeststaette.com\/en\/https-www-roeststaette-com-en\/"},{"@type":"ListItem","position":2,"name":"Shop","item":"https:\/\/www.roeststaette.com\/en\/rs-shop\/"},{"@type":"ListItem","position":3,"name":"Office"}]},{"@type":"WebSite","@id":"https:\/\/www.roeststaette.com\/en\/#website","url":"https:\/\/www.roeststaette.com\/en\/","name":"R\u00f6stst\u00e4tte Berlin","description":"R\u00f6stst\u00e4tte Kaffees sind 100% Arabica Kaffees und werden von uns in Berlin schonend von Hand ger\u00f6stet.","publisher":{"@id":"https:\/\/www.roeststaette.com\/en\/#organization"},"potentialAction":[{"@type":"SearchAction","target":{"@type":"EntryPoint","urlTemplate":"https:\/\/www.roeststaette.com\/en\/?s={search_term_string}"},"query-input":{"@type":"PropertyValueSpecification","valueRequired":true,"valueName":"search_term_string"}}],"inLanguage":"en-US"},{"@type":"Organization","@id":"https:\/\/www.roeststaette.com\/en\/#organization","name":"R\u00f6stst\u00e4tte Berlin","url":"https:\/\/www.roeststaette.com\/en\/","logo":{"@type":"ImageObject","inLanguage":"en-US","@id":"https:\/\/www.roeststaette.com\/en\/#\/schema\/logo\/image\/","url":"https:\/\/www.roeststaette.com\/wp-content\/uploads\/2020\/04\/logo_nav_small_black.png","contentUrl":"https:\/\/www.roeststaette.com\/wp-content\/uploads\/2020\/04\/logo_nav_small_black.png","width":120,"height":78,"caption":"R\u00f6stst\u00e4tte Berlin"},"image":{"@id":"https:\/\/www.roeststaette.com\/en\/#\/schema\/logo\/image\/"},"sameAs":["https:\/\/www.facebook.com\/roeststaette\/","https:\/\/www.instagram.com\/roeststaetteberlin\/"]}]}},"_links":{"self":[{"href":"https:\/\/www.roeststaette.com\/en\/wp-json\/wp\/v2\/pages\/42800","targetHints":{"allow":["GET"]}}],"collection":[{"href":"https:\/\/www.roeststaette.com\/en\/wp-json\/wp\/v2\/pages"}],"about":[{"href":"https:\/\/www.roeststaette.com\/en\/wp-json\/wp\/v2\/types\/page"}],"author":[{"embeddable":true,"href":"https:\/\/www.roeststaette.com\/en\/wp-json\/wp\/v2\/users\/5563"}],"replies":[{"embeddable":true,"href":"https:\/\/www.roeststaette.com\/en\/wp-json\/wp\/v2\/comments?post=42800"}],"version-history":[{"count":0,"href":"https:\/\/www.roeststaette.com\/en\/wp-json\/wp\/v2\/pages\/42800\/revisions"}],"up":[{"embeddable":true,"href":"https:\/\/www.roeststaette.com\/en\/wp-json\/wp\/v2\/pages\/25660"}],"wp:featuredmedia":[{"embeddable":true,"href":"https:\/\/www.roeststaette.com\/en\/wp-json\/wp\/v2\/media\/36264"}],"wp:attachment":[{"href":"https:\/\/www.roeststaette.com\/en\/wp-json\/wp\/v2\/media?parent=42800"}],"curies":[{"name":"wp","href":"https:\/\/api.w.org\/{rel}","templated":true}]}}