{"id":42792,"date":"2022-11-17T10:41:25","date_gmt":"2022-11-17T09:41:25","guid":{"rendered":"https:\/\/www.roeststaette.com\/rs-shop\/weihnachten\/"},"modified":"2024-12-23T12:26:01","modified_gmt":"2024-12-23T11:26:01","slug":"xmas","status":"publish","type":"page","link":"https:\/\/www.roeststaette.com\/en\/rs-shop\/xmas\/","title":{"rendered":"Christmas"},"content":{"rendered":"","protected":false},"excerpt":{"rendered":"","protected":false},"author":5563,"featured_media":83715,"parent":25660,"menu_order":22,"comment_status":"closed","ping_status":"closed","template":"archive-product.php","meta":{"footnotes":""},"acf":[],"yoast_head":"<!-- This site is optimized with the Yoast SEO plugin v22.1 - https:\/\/yoast.com\/wordpress\/plugins\/seo\/ -->\n<title>Christmas gifts for coffee lovers | R\u00f6stst\u00e4tte Berlin<\/title>\n<meta name=\"description\" content=\"Discover our Christmas gifts for coffee lovers. Gift ideas \u2713 Winter specialty coffees \u2713 Coffee liqueur and much more\" \/>\n<meta name=\"robots\" content=\"index, follow, max-snippet:-1, max-image-preview:large, max-video-preview:-1\" \/>\n<link rel=\"canonical\" href=\"https:\/\/www.roeststaette.com\/en\/rs-shop\/xmas\/\" \/>\n<meta property=\"og:locale\" content=\"en_US\" \/>\n<meta property=\"og:type\" content=\"article\" \/>\n<meta property=\"og:title\" content=\"Christmas gifts for coffee lovers | R\u00f6stst\u00e4tte Berlin\" \/>\n<meta property=\"og:description\" content=\"Discover our Christmas gifts for coffee lovers. Gift ideas \u2713 Winter specialty coffees \u2713 Coffee liqueur and much more\" \/>\n<meta property=\"og:url\" content=\"https:\/\/www.roeststaette.com\/en\/rs-shop\/xmas\/\" \/>\n<meta property=\"og:site_name\" content=\"R\u00f6stst\u00e4tte Berlin\" \/>\n<meta property=\"article:publisher\" content=\"https:\/\/www.facebook.com\/roeststaette\/\" \/>\n<meta property=\"article:modified_time\" content=\"2024-12-23T11:26:01+00:00\" \/>\n<meta property=\"og:image\" content=\"https:\/\/www.roeststaette.com\/wp-content\/uploads\/2024\/11\/Roeststaette-Drosse-Gerlach-xmas-2024-wintercoffee-5268-wide-scaled.jpg\" \/>\n\t<meta property=\"og:image:width\" content=\"2560\" \/>\n\t<meta property=\"og:image:height\" content=\"1173\" \/>\n\t<meta property=\"og:image:type\" content=\"image\/jpeg\" \/>\n<meta name=\"twitter:card\" content=\"summary_large_image\" \/>\n<meta name=\"twitter:label1\" content=\"Est. reading time\" \/>\n\t<meta name=\"twitter:data1\" content=\"1 minute\" \/>\n<script type=\"application\/ld+json\" class=\"yoast-schema-graph\">{\"@context\":\"https:\/\/schema.org\",\"@graph\":[{\"@type\":\"WebPage\",\"@id\":\"https:\/\/www.roeststaette.com\/en\/rs-shop\/xmas\/\",\"url\":\"https:\/\/www.roeststaette.com\/en\/rs-shop\/xmas\/\",\"name\":\"Christmas gifts for coffee lovers | R\u00f6stst\u00e4tte Berlin\",\"isPartOf\":{\"@id\":\"https:\/\/www.roeststaette.com\/en\/#website\"},\"datePublished\":\"2022-11-17T09:41:25+00:00\",\"dateModified\":\"2024-12-23T11:26:01+00:00\",\"description\":\"Discover our Christmas gifts for coffee lovers. Gift ideas \u2713 Winter specialty coffees \u2713 Coffee liqueur and much more\",\"breadcrumb\":{\"@id\":\"https:\/\/www.roeststaette.com\/en\/rs-shop\/xmas\/#breadcrumb\"},\"inLanguage\":\"en-US\",\"potentialAction\":[{\"@type\":\"ReadAction\",\"target\":[\"https:\/\/www.roeststaette.com\/en\/rs-shop\/xmas\/\"]}]},{\"@type\":\"BreadcrumbList\",\"@id\":\"https:\/\/www.roeststaette.com\/en\/rs-shop\/xmas\/#breadcrumb\",\"itemListElement\":[{\"@type\":\"ListItem\",\"position\":1,\"name\":\"Startseite\",\"item\":\"https:\/\/www.roeststaette.com\/en\/\"},{\"@type\":\"ListItem\",\"position\":2,\"name\":\"Shop\",\"item\":\"https:\/\/www.roeststaette.com\/en\/rs-shop\/\"},{\"@type\":\"ListItem\",\"position\":3,\"name\":\"Christmas\"}]},{\"@type\":\"WebSite\",\"@id\":\"https:\/\/www.roeststaette.com\/en\/#website\",\"url\":\"https:\/\/www.roeststaette.com\/en\/\",\"name\":\"R\u00f6stst\u00e4tte Berlin\",\"description\":\"R\u00f6stst\u00e4tte Kaffees sind 100% Arabica Kaffees und werden von uns in Berlin schonend von Hand ger\u00f6stet.\",\"publisher\":{\"@id\":\"https:\/\/www.roeststaette.com\/en\/#organization\"},\"potentialAction\":[{\"@type\":\"SearchAction\",\"target\":{\"@type\":\"EntryPoint\",\"urlTemplate\":\"https:\/\/www.roeststaette.com\/en\/?s={search_term_string}\"},\"query-input\":\"required name=search_term_string\"}],\"inLanguage\":\"en-US\"},{\"@type\":\"Organization\",\"@id\":\"https:\/\/www.roeststaette.com\/en\/#organization\",\"name\":\"R\u00f6stst\u00e4tte Berlin\",\"url\":\"https:\/\/www.roeststaette.com\/en\/\",\"logo\":{\"@type\":\"ImageObject\",\"inLanguage\":\"en-US\",\"@id\":\"https:\/\/www.roeststaette.com\/en\/#\/schema\/logo\/image\/\",\"url\":\"https:\/\/www.roeststaette.com\/wp-content\/uploads\/2020\/04\/logo_nav_small_black.png\",\"contentUrl\":\"https:\/\/www.roeststaette.com\/wp-content\/uploads\/2020\/04\/logo_nav_small_black.png\",\"width\":120,\"height\":78,\"caption\":\"R\u00f6stst\u00e4tte Berlin\"},\"image\":{\"@id\":\"https:\/\/www.roeststaette.com\/en\/#\/schema\/logo\/image\/\"},\"sameAs\":[\"https:\/\/www.facebook.com\/roeststaette\/\",\"https:\/\/www.instagram.com\/roeststaetteberlin\/\"]}]}<\/script>\n<!-- \/ Yoast SEO plugin. -->","yoast_head_json":{"title":"Christmas gifts for coffee lovers | R\u00f6stst\u00e4tte Berlin","description":"Discover our Christmas gifts for coffee lovers. Gift ideas \u2713 Winter specialty coffees \u2713 Coffee liqueur and much more","robots":{"index":"index","follow":"follow","max-snippet":"max-snippet:-1","max-image-preview":"max-image-preview:large","max-video-preview":"max-video-preview:-1"},"canonical":"https:\/\/www.roeststaette.com\/en\/rs-shop\/xmas\/","og_locale":"en_US","og_type":"article","og_title":"Christmas gifts for coffee lovers | R\u00f6stst\u00e4tte Berlin","og_description":"Discover our Christmas gifts for coffee lovers. Gift ideas \u2713 Winter specialty coffees \u2713 Coffee liqueur and much more","og_url":"https:\/\/www.roeststaette.com\/en\/rs-shop\/xmas\/","og_site_name":"R\u00f6stst\u00e4tte Berlin","article_publisher":"https:\/\/www.facebook.com\/roeststaette\/","article_modified_time":"2024-12-23T11:26:01+00:00","og_image":[{"width":2560,"height":1173,"url":"https:\/\/www.roeststaette.com\/wp-content\/uploads\/2024\/11\/Roeststaette-Drosse-Gerlach-xmas-2024-wintercoffee-5268-wide-scaled.jpg","type":"image\/jpeg"}],"twitter_card":"summary_large_image","twitter_misc":{"Est. reading time":"1 minute"},"schema":{"@context":"https:\/\/schema.org","@graph":[{"@type":"WebPage","@id":"https:\/\/www.roeststaette.com\/en\/rs-shop\/xmas\/","url":"https:\/\/www.roeststaette.com\/en\/rs-shop\/xmas\/","name":"Christmas gifts for coffee lovers | R\u00f6stst\u00e4tte Berlin","isPartOf":{"@id":"https:\/\/www.roeststaette.com\/en\/#website"},"datePublished":"2022-11-17T09:41:25+00:00","dateModified":"2024-12-23T11:26:01+00:00","description":"Discover our Christmas gifts for coffee lovers. Gift ideas \u2713 Winter specialty coffees \u2713 Coffee liqueur and much more","breadcrumb":{"@id":"https:\/\/www.roeststaette.com\/en\/rs-shop\/xmas\/#breadcrumb"},"inLanguage":"en-US","potentialAction":[{"@type":"ReadAction","target":["https:\/\/www.roeststaette.com\/en\/rs-shop\/xmas\/"]}]},{"@type":"BreadcrumbList","@id":"https:\/\/www.roeststaette.com\/en\/rs-shop\/xmas\/#breadcrumb","itemListElement":[{"@type":"ListItem","position":1,"name":"Startseite","item":"https:\/\/www.roeststaette.com\/en\/"},{"@type":"ListItem","position":2,"name":"Shop","item":"https:\/\/www.roeststaette.com\/en\/rs-shop\/"},{"@type":"ListItem","position":3,"name":"Christmas"}]},{"@type":"WebSite","@id":"https:\/\/www.roeststaette.com\/en\/#website","url":"https:\/\/www.roeststaette.com\/en\/","name":"R\u00f6stst\u00e4tte Berlin","description":"R\u00f6stst\u00e4tte Kaffees sind 100% Arabica Kaffees und werden von uns in Berlin schonend von Hand ger\u00f6stet.","publisher":{"@id":"https:\/\/www.roeststaette.com\/en\/#organization"},"potentialAction":[{"@type":"SearchAction","target":{"@type":"EntryPoint","urlTemplate":"https:\/\/www.roeststaette.com\/en\/?s={search_term_string}"},"query-input":"required name=search_term_string"}],"inLanguage":"en-US"},{"@type":"Organization","@id":"https:\/\/www.roeststaette.com\/en\/#organization","name":"R\u00f6stst\u00e4tte Berlin","url":"https:\/\/www.roeststaette.com\/en\/","logo":{"@type":"ImageObject","inLanguage":"en-US","@id":"https:\/\/www.roeststaette.com\/en\/#\/schema\/logo\/image\/","url":"https:\/\/www.roeststaette.com\/wp-content\/uploads\/2020\/04\/logo_nav_small_black.png","contentUrl":"https:\/\/www.roeststaette.com\/wp-content\/uploads\/2020\/04\/logo_nav_small_black.png","width":120,"height":78,"caption":"R\u00f6stst\u00e4tte Berlin"},"image":{"@id":"https:\/\/www.roeststaette.com\/en\/#\/schema\/logo\/image\/"},"sameAs":["https:\/\/www.facebook.com\/roeststaette\/","https:\/\/www.instagram.com\/roeststaetteberlin\/"]}]}},"_links":{"self":[{"href":"https:\/\/www.roeststaette.com\/en\/wp-json\/wp\/v2\/pages\/42792"}],"collection":[{"href":"https:\/\/www.roeststaette.com\/en\/wp-json\/wp\/v2\/pages"}],"about":[{"href":"https:\/\/www.roeststaette.com\/en\/wp-json\/wp\/v2\/types\/page"}],"author":[{"embeddable":true,"href":"https:\/\/www.roeststaette.com\/en\/wp-json\/wp\/v2\/users\/5563"}],"replies":[{"embeddable":true,"href":"https:\/\/www.roeststaette.com\/en\/wp-json\/wp\/v2\/comments?post=42792"}],"version-history":[{"count":15,"href":"https:\/\/www.roeststaette.com\/en\/wp-json\/wp\/v2\/pages\/42792\/revisions"}],"predecessor-version":[{"id":84539,"href":"https:\/\/www.roeststaette.com\/en\/wp-json\/wp\/v2\/pages\/42792\/revisions\/84539"}],"up":[{"embeddable":true,"href":"https:\/\/www.roeststaette.com\/en\/wp-json\/wp\/v2\/pages\/25660"}],"wp:featuredmedia":[{"embeddable":true,"href":"https:\/\/www.roeststaette.com\/en\/wp-json\/wp\/v2\/media\/83715"}],"wp:attachment":[{"href":"https:\/\/www.roeststaette.com\/en\/wp-json\/wp\/v2\/media?parent=42792"}],"curies":[{"name":"wp","href":"https:\/\/api.w.org\/{rel}","templated":true}]}}