{"id":25736,"date":"2018-03-14T14:31:00","date_gmt":"2018-03-14T14:31:09","guid":{"rendered":"https:\/\/www.roeststaette.com\/specialty-coffee\/tasting\/"},"modified":"2025-07-14T12:02:56","modified_gmt":"2025-07-14T10:02:56","slug":"tasting","status":"publish","type":"page","link":"https:\/\/www.roeststaette.com\/en\/specialty-coffee\/tasting\/","title":{"rendered":"Tasting"},"content":{"rendered":"","protected":false},"excerpt":{"rendered":"","protected":false},"author":1,"featured_media":12125,"parent":25730,"menu_order":2,"comment_status":"closed","ping_status":"closed","template":"template-speciality-tasting.php","meta":{"footnotes":""},"class_list":["post-25736","page","type-page","status-publish","has-post-thumbnail","hentry"],"acf":[],"yoast_head":"<!-- This site is optimized with the Yoast SEO plugin v27.5 - https:\/\/yoast.com\/product\/yoast-seo-wordpress\/ -->\n<title>Coffee taste | Coffee knowledge | R\u00f6stst\u00e4tte Berlin<\/title>\n<meta name=\"description\" content=\"Coffee flavors can be incredibly versatile, and with a little practice in sensory analysis, numerous aromas can be discovered in the taste.\" \/>\n<meta name=\"robots\" content=\"index, follow, max-snippet:-1, max-image-preview:large, max-video-preview:-1\" \/>\n<link rel=\"canonical\" href=\"https:\/\/www.roeststaette.com\/en\/specialty-coffee\/tasting\/\" \/>\n<meta property=\"og:locale\" content=\"en_US\" \/>\n<meta property=\"og:type\" content=\"article\" \/>\n<meta property=\"og:title\" content=\"Coffee taste | Coffee knowledge | R\u00f6stst\u00e4tte Berlin\" \/>\n<meta property=\"og:description\" content=\"Coffee flavors can be incredibly versatile, and with a little practice in sensory analysis, numerous aromas can be discovered in the taste.\" \/>\n<meta property=\"og:url\" content=\"https:\/\/www.roeststaette.com\/en\/specialty-coffee\/tasting\/\" \/>\n<meta property=\"og:site_name\" content=\"R\u00f6stst\u00e4tte Berlin\" \/>\n<meta property=\"article:publisher\" content=\"https:\/\/www.facebook.com\/roeststaette\/\" \/>\n<meta property=\"article:modified_time\" content=\"2025-07-14T10:02:56+00:00\" \/>\n<meta property=\"og:image\" content=\"https:\/\/www.roeststaette.com\/wp-content\/uploads\/2019\/09\/speciality-tasting.jpg\" \/>\n\t<meta property=\"og:image:width\" content=\"1440\" \/>\n\t<meta property=\"og:image:height\" content=\"590\" \/>\n\t<meta property=\"og:image:type\" content=\"image\/jpeg\" \/>\n<meta name=\"twitter:card\" content=\"summary_large_image\" \/>\n<meta name=\"twitter:label1\" content=\"Est. reading time\" \/>\n\t<meta name=\"twitter:data1\" content=\"1 minute\" \/>\n<script type=\"application\/ld+json\" class=\"yoast-schema-graph\">{\"@context\":\"https:\\\/\\\/schema.org\",\"@graph\":[{\"@type\":\"WebPage\",\"@id\":\"https:\\\/\\\/www.roeststaette.com\\\/en\\\/specialty-coffee\\\/tasting\\\/\",\"url\":\"https:\\\/\\\/www.roeststaette.com\\\/en\\\/specialty-coffee\\\/tasting\\\/\",\"name\":\"Coffee taste | Coffee knowledge | R\u00f6stst\u00e4tte Berlin\",\"isPartOf\":{\"@id\":\"https:\\\/\\\/www.roeststaette.com\\\/en\\\/#website\"},\"primaryImageOfPage\":{\"@id\":\"https:\\\/\\\/www.roeststaette.com\\\/en\\\/specialty-coffee\\\/tasting\\\/#primaryimage\"},\"image\":{\"@id\":\"https:\\\/\\\/www.roeststaette.com\\\/en\\\/specialty-coffee\\\/tasting\\\/#primaryimage\"},\"thumbnailUrl\":\"https:\\\/\\\/www.roeststaette.com\\\/wp-content\\\/uploads\\\/2019\\\/09\\\/speciality-tasting.jpg\",\"datePublished\":\"2018-03-14T14:31:09+00:00\",\"dateModified\":\"2025-07-14T10:02:56+00:00\",\"description\":\"Coffee flavors can be incredibly versatile, and with a little practice in sensory analysis, numerous aromas can be discovered in the taste.\",\"breadcrumb\":{\"@id\":\"https:\\\/\\\/www.roeststaette.com\\\/en\\\/specialty-coffee\\\/tasting\\\/#breadcrumb\"},\"inLanguage\":\"en-US\",\"potentialAction\":[{\"@type\":\"ReadAction\",\"target\":[\"https:\\\/\\\/www.roeststaette.com\\\/en\\\/specialty-coffee\\\/tasting\\\/\"]}]},{\"@type\":\"ImageObject\",\"inLanguage\":\"en-US\",\"@id\":\"https:\\\/\\\/www.roeststaette.com\\\/en\\\/specialty-coffee\\\/tasting\\\/#primaryimage\",\"url\":\"https:\\\/\\\/www.roeststaette.com\\\/wp-content\\\/uploads\\\/2019\\\/09\\\/speciality-tasting.jpg\",\"contentUrl\":\"https:\\\/\\\/www.roeststaette.com\\\/wp-content\\\/uploads\\\/2019\\\/09\\\/speciality-tasting.jpg\",\"width\":1440,\"height\":590},{\"@type\":\"BreadcrumbList\",\"@id\":\"https:\\\/\\\/www.roeststaette.com\\\/en\\\/specialty-coffee\\\/tasting\\\/#breadcrumb\",\"itemListElement\":[{\"@type\":\"ListItem\",\"position\":1,\"name\":\"Startseite\",\"item\":\"https:\\\/\\\/www.roeststaette.com\\\/en\\\/https-www-roeststaette-com-en\\\/\"},{\"@type\":\"ListItem\",\"position\":2,\"name\":\"Specialty Coffee\",\"item\":\"https:\\\/\\\/www.roeststaette.com\\\/en\\\/specialty-coffee\\\/\"},{\"@type\":\"ListItem\",\"position\":3,\"name\":\"Tasting\"}]},{\"@type\":\"WebSite\",\"@id\":\"https:\\\/\\\/www.roeststaette.com\\\/en\\\/#website\",\"url\":\"https:\\\/\\\/www.roeststaette.com\\\/en\\\/\",\"name\":\"R\u00f6stst\u00e4tte Berlin\",\"description\":\"R\u00f6stst\u00e4tte Kaffees sind 100% Arabica Kaffees und werden von uns in Berlin schonend von Hand ger\u00f6stet.\",\"publisher\":{\"@id\":\"https:\\\/\\\/www.roeststaette.com\\\/en\\\/#organization\"},\"potentialAction\":[{\"@type\":\"SearchAction\",\"target\":{\"@type\":\"EntryPoint\",\"urlTemplate\":\"https:\\\/\\\/www.roeststaette.com\\\/en\\\/?s={search_term_string}\"},\"query-input\":{\"@type\":\"PropertyValueSpecification\",\"valueRequired\":true,\"valueName\":\"search_term_string\"}}],\"inLanguage\":\"en-US\"},{\"@type\":\"Organization\",\"@id\":\"https:\\\/\\\/www.roeststaette.com\\\/en\\\/#organization\",\"name\":\"R\u00f6stst\u00e4tte Berlin\",\"url\":\"https:\\\/\\\/www.roeststaette.com\\\/en\\\/\",\"logo\":{\"@type\":\"ImageObject\",\"inLanguage\":\"en-US\",\"@id\":\"https:\\\/\\\/www.roeststaette.com\\\/en\\\/#\\\/schema\\\/logo\\\/image\\\/\",\"url\":\"https:\\\/\\\/www.roeststaette.com\\\/wp-content\\\/uploads\\\/2020\\\/04\\\/logo_nav_small_black.png\",\"contentUrl\":\"https:\\\/\\\/www.roeststaette.com\\\/wp-content\\\/uploads\\\/2020\\\/04\\\/logo_nav_small_black.png\",\"width\":120,\"height\":78,\"caption\":\"R\u00f6stst\u00e4tte Berlin\"},\"image\":{\"@id\":\"https:\\\/\\\/www.roeststaette.com\\\/en\\\/#\\\/schema\\\/logo\\\/image\\\/\"},\"sameAs\":[\"https:\\\/\\\/www.facebook.com\\\/roeststaette\\\/\",\"https:\\\/\\\/www.instagram.com\\\/roeststaetteberlin\\\/\"]}]}<\/script>\n<!-- \/ Yoast SEO plugin. -->","yoast_head_json":{"title":"Coffee taste | Coffee knowledge | R\u00f6stst\u00e4tte Berlin","description":"Coffee flavors can be incredibly versatile, and with a little practice in sensory analysis, numerous aromas can be discovered in the taste.","robots":{"index":"index","follow":"follow","max-snippet":"max-snippet:-1","max-image-preview":"max-image-preview:large","max-video-preview":"max-video-preview:-1"},"canonical":"https:\/\/www.roeststaette.com\/en\/specialty-coffee\/tasting\/","og_locale":"en_US","og_type":"article","og_title":"Coffee taste | Coffee knowledge | R\u00f6stst\u00e4tte Berlin","og_description":"Coffee flavors can be incredibly versatile, and with a little practice in sensory analysis, numerous aromas can be discovered in the taste.","og_url":"https:\/\/www.roeststaette.com\/en\/specialty-coffee\/tasting\/","og_site_name":"R\u00f6stst\u00e4tte Berlin","article_publisher":"https:\/\/www.facebook.com\/roeststaette\/","article_modified_time":"2025-07-14T10:02:56+00:00","og_image":[{"width":1440,"height":590,"url":"https:\/\/www.roeststaette.com\/wp-content\/uploads\/2019\/09\/speciality-tasting.jpg","type":"image\/jpeg"}],"twitter_card":"summary_large_image","twitter_misc":{"Est. reading time":"1 minute"},"schema":{"@context":"https:\/\/schema.org","@graph":[{"@type":"WebPage","@id":"https:\/\/www.roeststaette.com\/en\/specialty-coffee\/tasting\/","url":"https:\/\/www.roeststaette.com\/en\/specialty-coffee\/tasting\/","name":"Coffee taste | Coffee knowledge | R\u00f6stst\u00e4tte Berlin","isPartOf":{"@id":"https:\/\/www.roeststaette.com\/en\/#website"},"primaryImageOfPage":{"@id":"https:\/\/www.roeststaette.com\/en\/specialty-coffee\/tasting\/#primaryimage"},"image":{"@id":"https:\/\/www.roeststaette.com\/en\/specialty-coffee\/tasting\/#primaryimage"},"thumbnailUrl":"https:\/\/www.roeststaette.com\/wp-content\/uploads\/2019\/09\/speciality-tasting.jpg","datePublished":"2018-03-14T14:31:09+00:00","dateModified":"2025-07-14T10:02:56+00:00","description":"Coffee flavors can be incredibly versatile, and with a little practice in sensory analysis, numerous aromas can be discovered in the taste.","breadcrumb":{"@id":"https:\/\/www.roeststaette.com\/en\/specialty-coffee\/tasting\/#breadcrumb"},"inLanguage":"en-US","potentialAction":[{"@type":"ReadAction","target":["https:\/\/www.roeststaette.com\/en\/specialty-coffee\/tasting\/"]}]},{"@type":"ImageObject","inLanguage":"en-US","@id":"https:\/\/www.roeststaette.com\/en\/specialty-coffee\/tasting\/#primaryimage","url":"https:\/\/www.roeststaette.com\/wp-content\/uploads\/2019\/09\/speciality-tasting.jpg","contentUrl":"https:\/\/www.roeststaette.com\/wp-content\/uploads\/2019\/09\/speciality-tasting.jpg","width":1440,"height":590},{"@type":"BreadcrumbList","@id":"https:\/\/www.roeststaette.com\/en\/specialty-coffee\/tasting\/#breadcrumb","itemListElement":[{"@type":"ListItem","position":1,"name":"Startseite","item":"https:\/\/www.roeststaette.com\/en\/https-www-roeststaette-com-en\/"},{"@type":"ListItem","position":2,"name":"Specialty Coffee","item":"https:\/\/www.roeststaette.com\/en\/specialty-coffee\/"},{"@type":"ListItem","position":3,"name":"Tasting"}]},{"@type":"WebSite","@id":"https:\/\/www.roeststaette.com\/en\/#website","url":"https:\/\/www.roeststaette.com\/en\/","name":"R\u00f6stst\u00e4tte Berlin","description":"R\u00f6stst\u00e4tte Kaffees sind 100% Arabica Kaffees und werden von uns in Berlin schonend von Hand ger\u00f6stet.","publisher":{"@id":"https:\/\/www.roeststaette.com\/en\/#organization"},"potentialAction":[{"@type":"SearchAction","target":{"@type":"EntryPoint","urlTemplate":"https:\/\/www.roeststaette.com\/en\/?s={search_term_string}"},"query-input":{"@type":"PropertyValueSpecification","valueRequired":true,"valueName":"search_term_string"}}],"inLanguage":"en-US"},{"@type":"Organization","@id":"https:\/\/www.roeststaette.com\/en\/#organization","name":"R\u00f6stst\u00e4tte Berlin","url":"https:\/\/www.roeststaette.com\/en\/","logo":{"@type":"ImageObject","inLanguage":"en-US","@id":"https:\/\/www.roeststaette.com\/en\/#\/schema\/logo\/image\/","url":"https:\/\/www.roeststaette.com\/wp-content\/uploads\/2020\/04\/logo_nav_small_black.png","contentUrl":"https:\/\/www.roeststaette.com\/wp-content\/uploads\/2020\/04\/logo_nav_small_black.png","width":120,"height":78,"caption":"R\u00f6stst\u00e4tte Berlin"},"image":{"@id":"https:\/\/www.roeststaette.com\/en\/#\/schema\/logo\/image\/"},"sameAs":["https:\/\/www.facebook.com\/roeststaette\/","https:\/\/www.instagram.com\/roeststaetteberlin\/"]}]}},"_links":{"self":[{"href":"https:\/\/www.roeststaette.com\/en\/wp-json\/wp\/v2\/pages\/25736","targetHints":{"allow":["GET"]}}],"collection":[{"href":"https:\/\/www.roeststaette.com\/en\/wp-json\/wp\/v2\/pages"}],"about":[{"href":"https:\/\/www.roeststaette.com\/en\/wp-json\/wp\/v2\/types\/page"}],"author":[{"embeddable":true,"href":"https:\/\/www.roeststaette.com\/en\/wp-json\/wp\/v2\/users\/1"}],"replies":[{"embeddable":true,"href":"https:\/\/www.roeststaette.com\/en\/wp-json\/wp\/v2\/comments?post=25736"}],"version-history":[{"count":0,"href":"https:\/\/www.roeststaette.com\/en\/wp-json\/wp\/v2\/pages\/25736\/revisions"}],"up":[{"embeddable":true,"href":"https:\/\/www.roeststaette.com\/en\/wp-json\/wp\/v2\/pages\/25730"}],"wp:featuredmedia":[{"embeddable":true,"href":"https:\/\/www.roeststaette.com\/en\/wp-json\/wp\/v2\/media\/12125"}],"wp:attachment":[{"href":"https:\/\/www.roeststaette.com\/en\/wp-json\/wp\/v2\/media?parent=25736"}],"curies":[{"name":"wp","href":"https:\/\/api.w.org\/{rel}","templated":true}]}}