{"id":25682,"date":"2021-01-04T13:48:00","date_gmt":"2021-01-04T12:48:47","guid":{"rendered":"https:\/\/www.roeststaette.com\/shop\/cold-brew-x\/"},"modified":"2025-03-21T12:02:42","modified_gmt":"2025-03-21T11:02:42","slug":"cold-brew-x","status":"publish","type":"page","link":"https:\/\/www.roeststaette.com\/en\/rs-shop\/cold-brew-x\/","title":{"rendered":"Cold-Brew-X"},"content":{"rendered":"","protected":false},"excerpt":{"rendered":"","protected":false},"author":5,"featured_media":18768,"parent":25660,"menu_order":10,"comment_status":"closed","ping_status":"closed","template":"archive-product.php","meta":{"footnotes":""},"acf":[],"yoast_head":"<!-- This site is optimized with the Yoast SEO plugin v22.1 - https:\/\/yoast.com\/wordpress\/plugins\/seo\/ -->\n<title>Coffee Liqueur | Cold Brew X by R\u00f6stst\u00e4tte Berlin<\/title>\n<meta name=\"description\" content=\"Buy coffee liqueur from R\u00f6stst\u00e4tte Berlin \u2713 Cold Brew X based on cold brew coffee and rum from Licorera Cihuatan in El Salvador\" \/>\n<meta name=\"robots\" content=\"index, follow, max-snippet:-1, max-image-preview:large, max-video-preview:-1\" \/>\n<link rel=\"canonical\" href=\"https:\/\/www.roeststaette.com\/en\/rs-shop\/cold-brew-x\/\" \/>\n<meta property=\"og:locale\" content=\"en_US\" \/>\n<meta property=\"og:type\" content=\"article\" \/>\n<meta property=\"og:title\" content=\"Coffee Liqueur | Cold Brew X by R\u00f6stst\u00e4tte Berlin\" \/>\n<meta property=\"og:description\" content=\"Buy coffee liqueur from R\u00f6stst\u00e4tte Berlin \u2713 Cold Brew X based on cold brew coffee and rum from Licorera Cihuatan in El Salvador\" \/>\n<meta property=\"og:url\" content=\"https:\/\/www.roeststaette.com\/en\/rs-shop\/cold-brew-x\/\" \/>\n<meta property=\"og:site_name\" content=\"R\u00f6stst\u00e4tte Berlin\" \/>\n<meta property=\"article:publisher\" content=\"https:\/\/www.facebook.com\/roeststaette\/\" \/>\n<meta property=\"article:modified_time\" content=\"2025-03-21T11:02:42+00:00\" \/>\n<meta property=\"og:image\" content=\"https:\/\/www.roeststaette.com\/wp-content\/uploads\/2025\/03\/Cold-Brew-X_Key-Visual-1400x788.png\" \/>\n\t<meta property=\"og:image:width\" content=\"1400\" \/>\n\t<meta property=\"og:image:height\" content=\"788\" \/>\n\t<meta property=\"og:image:type\" content=\"image\/png\" \/>\n<meta name=\"twitter:card\" content=\"summary_large_image\" \/>\n<meta name=\"twitter:label1\" content=\"Est. reading time\" \/>\n\t<meta name=\"twitter:data1\" content=\"1 minute\" \/>\n<script type=\"application\/ld+json\" class=\"yoast-schema-graph\">{\"@context\":\"https:\/\/schema.org\",\"@graph\":[{\"@type\":\"WebPage\",\"@id\":\"https:\/\/www.roeststaette.com\/en\/rs-shop\/cold-brew-x\/\",\"url\":\"https:\/\/www.roeststaette.com\/en\/rs-shop\/cold-brew-x\/\",\"name\":\"Coffee Liqueur | Cold Brew X by R\u00f6stst\u00e4tte Berlin\",\"isPartOf\":{\"@id\":\"https:\/\/www.roeststaette.com\/en\/#website\"},\"datePublished\":\"2021-01-04T12:48:47+00:00\",\"dateModified\":\"2025-03-21T11:02:42+00:00\",\"description\":\"Buy coffee liqueur from R\u00f6stst\u00e4tte Berlin \u2713 Cold Brew X based on cold brew coffee and rum from Licorera Cihuatan in El Salvador\",\"breadcrumb\":{\"@id\":\"https:\/\/www.roeststaette.com\/en\/rs-shop\/cold-brew-x\/#breadcrumb\"},\"inLanguage\":\"en-US\",\"potentialAction\":[{\"@type\":\"ReadAction\",\"target\":[\"https:\/\/www.roeststaette.com\/en\/rs-shop\/cold-brew-x\/\"]}]},{\"@type\":\"BreadcrumbList\",\"@id\":\"https:\/\/www.roeststaette.com\/en\/rs-shop\/cold-brew-x\/#breadcrumb\",\"itemListElement\":[{\"@type\":\"ListItem\",\"position\":1,\"name\":\"Startseite\",\"item\":\"https:\/\/www.roeststaette.com\/en\/\"},{\"@type\":\"ListItem\",\"position\":2,\"name\":\"Shop\",\"item\":\"https:\/\/www.roeststaette.com\/en\/rs-shop\/\"},{\"@type\":\"ListItem\",\"position\":3,\"name\":\"Cold-Brew-X\"}]},{\"@type\":\"WebSite\",\"@id\":\"https:\/\/www.roeststaette.com\/en\/#website\",\"url\":\"https:\/\/www.roeststaette.com\/en\/\",\"name\":\"R\u00f6stst\u00e4tte Berlin\",\"description\":\"R\u00f6stst\u00e4tte Kaffees sind 100% Arabica Kaffees und werden von uns in Berlin schonend von Hand ger\u00f6stet.\",\"publisher\":{\"@id\":\"https:\/\/www.roeststaette.com\/en\/#organization\"},\"potentialAction\":[{\"@type\":\"SearchAction\",\"target\":{\"@type\":\"EntryPoint\",\"urlTemplate\":\"https:\/\/www.roeststaette.com\/en\/?s={search_term_string}\"},\"query-input\":\"required name=search_term_string\"}],\"inLanguage\":\"en-US\"},{\"@type\":\"Organization\",\"@id\":\"https:\/\/www.roeststaette.com\/en\/#organization\",\"name\":\"R\u00f6stst\u00e4tte Berlin\",\"url\":\"https:\/\/www.roeststaette.com\/en\/\",\"logo\":{\"@type\":\"ImageObject\",\"inLanguage\":\"en-US\",\"@id\":\"https:\/\/www.roeststaette.com\/en\/#\/schema\/logo\/image\/\",\"url\":\"https:\/\/www.roeststaette.com\/wp-content\/uploads\/2020\/04\/logo_nav_small_black.png\",\"contentUrl\":\"https:\/\/www.roeststaette.com\/wp-content\/uploads\/2020\/04\/logo_nav_small_black.png\",\"width\":120,\"height\":78,\"caption\":\"R\u00f6stst\u00e4tte Berlin\"},\"image\":{\"@id\":\"https:\/\/www.roeststaette.com\/en\/#\/schema\/logo\/image\/\"},\"sameAs\":[\"https:\/\/www.facebook.com\/roeststaette\/\",\"https:\/\/www.instagram.com\/roeststaetteberlin\/\"]}]}<\/script>\n<!-- \/ Yoast SEO plugin. -->","yoast_head_json":{"title":"Coffee Liqueur | Cold Brew X by R\u00f6stst\u00e4tte Berlin","description":"Buy coffee liqueur from R\u00f6stst\u00e4tte Berlin \u2713 Cold Brew X based on cold brew coffee and rum from Licorera Cihuatan in El Salvador","robots":{"index":"index","follow":"follow","max-snippet":"max-snippet:-1","max-image-preview":"max-image-preview:large","max-video-preview":"max-video-preview:-1"},"canonical":"https:\/\/www.roeststaette.com\/en\/rs-shop\/cold-brew-x\/","og_locale":"en_US","og_type":"article","og_title":"Coffee Liqueur | Cold Brew X by R\u00f6stst\u00e4tte Berlin","og_description":"Buy coffee liqueur from R\u00f6stst\u00e4tte Berlin \u2713 Cold Brew X based on cold brew coffee and rum from Licorera Cihuatan in El Salvador","og_url":"https:\/\/www.roeststaette.com\/en\/rs-shop\/cold-brew-x\/","og_site_name":"R\u00f6stst\u00e4tte Berlin","article_publisher":"https:\/\/www.facebook.com\/roeststaette\/","article_modified_time":"2025-03-21T11:02:42+00:00","og_image":[{"width":1400,"height":788,"url":"https:\/\/www.roeststaette.com\/wp-content\/uploads\/2025\/03\/Cold-Brew-X_Key-Visual-1400x788.png","type":"image\/png"}],"twitter_card":"summary_large_image","twitter_misc":{"Est. reading time":"1 minute"},"schema":{"@context":"https:\/\/schema.org","@graph":[{"@type":"WebPage","@id":"https:\/\/www.roeststaette.com\/en\/rs-shop\/cold-brew-x\/","url":"https:\/\/www.roeststaette.com\/en\/rs-shop\/cold-brew-x\/","name":"Coffee Liqueur | Cold Brew X by R\u00f6stst\u00e4tte Berlin","isPartOf":{"@id":"https:\/\/www.roeststaette.com\/en\/#website"},"datePublished":"2021-01-04T12:48:47+00:00","dateModified":"2025-03-21T11:02:42+00:00","description":"Buy coffee liqueur from R\u00f6stst\u00e4tte Berlin \u2713 Cold Brew X based on cold brew coffee and rum from Licorera Cihuatan in El Salvador","breadcrumb":{"@id":"https:\/\/www.roeststaette.com\/en\/rs-shop\/cold-brew-x\/#breadcrumb"},"inLanguage":"en-US","potentialAction":[{"@type":"ReadAction","target":["https:\/\/www.roeststaette.com\/en\/rs-shop\/cold-brew-x\/"]}]},{"@type":"BreadcrumbList","@id":"https:\/\/www.roeststaette.com\/en\/rs-shop\/cold-brew-x\/#breadcrumb","itemListElement":[{"@type":"ListItem","position":1,"name":"Startseite","item":"https:\/\/www.roeststaette.com\/en\/"},{"@type":"ListItem","position":2,"name":"Shop","item":"https:\/\/www.roeststaette.com\/en\/rs-shop\/"},{"@type":"ListItem","position":3,"name":"Cold-Brew-X"}]},{"@type":"WebSite","@id":"https:\/\/www.roeststaette.com\/en\/#website","url":"https:\/\/www.roeststaette.com\/en\/","name":"R\u00f6stst\u00e4tte Berlin","description":"R\u00f6stst\u00e4tte Kaffees sind 100% Arabica Kaffees und werden von uns in Berlin schonend von Hand ger\u00f6stet.","publisher":{"@id":"https:\/\/www.roeststaette.com\/en\/#organization"},"potentialAction":[{"@type":"SearchAction","target":{"@type":"EntryPoint","urlTemplate":"https:\/\/www.roeststaette.com\/en\/?s={search_term_string}"},"query-input":"required name=search_term_string"}],"inLanguage":"en-US"},{"@type":"Organization","@id":"https:\/\/www.roeststaette.com\/en\/#organization","name":"R\u00f6stst\u00e4tte Berlin","url":"https:\/\/www.roeststaette.com\/en\/","logo":{"@type":"ImageObject","inLanguage":"en-US","@id":"https:\/\/www.roeststaette.com\/en\/#\/schema\/logo\/image\/","url":"https:\/\/www.roeststaette.com\/wp-content\/uploads\/2020\/04\/logo_nav_small_black.png","contentUrl":"https:\/\/www.roeststaette.com\/wp-content\/uploads\/2020\/04\/logo_nav_small_black.png","width":120,"height":78,"caption":"R\u00f6stst\u00e4tte Berlin"},"image":{"@id":"https:\/\/www.roeststaette.com\/en\/#\/schema\/logo\/image\/"},"sameAs":["https:\/\/www.facebook.com\/roeststaette\/","https:\/\/www.instagram.com\/roeststaetteberlin\/"]}]}},"_links":{"self":[{"href":"https:\/\/www.roeststaette.com\/en\/wp-json\/wp\/v2\/pages\/25682"}],"collection":[{"href":"https:\/\/www.roeststaette.com\/en\/wp-json\/wp\/v2\/pages"}],"about":[{"href":"https:\/\/www.roeststaette.com\/en\/wp-json\/wp\/v2\/types\/page"}],"author":[{"embeddable":true,"href":"https:\/\/www.roeststaette.com\/en\/wp-json\/wp\/v2\/users\/5"}],"replies":[{"embeddable":true,"href":"https:\/\/www.roeststaette.com\/en\/wp-json\/wp\/v2\/comments?post=25682"}],"version-history":[{"count":4,"href":"https:\/\/www.roeststaette.com\/en\/wp-json\/wp\/v2\/pages\/25682\/revisions"}],"predecessor-version":[{"id":87431,"href":"https:\/\/www.roeststaette.com\/en\/wp-json\/wp\/v2\/pages\/25682\/revisions\/87431"}],"up":[{"embeddable":true,"href":"https:\/\/www.roeststaette.com\/en\/wp-json\/wp\/v2\/pages\/25660"}],"wp:featuredmedia":[{"embeddable":true,"href":"https:\/\/www.roeststaette.com\/en\/wp-json\/wp\/v2\/media\/18768"}],"wp:attachment":[{"href":"https:\/\/www.roeststaette.com\/en\/wp-json\/wp\/v2\/media?parent=25682"}],"curies":[{"name":"wp","href":"https:\/\/api.w.org\/{rel}","templated":true}]}}